{"id":2877,"date":"2023-04-02T13:26:43","date_gmt":"2023-04-02T13:26:43","guid":{"rendered":"https:\/\/maroccotour.com\/home\/"},"modified":"2026-03-15T12:01:25","modified_gmt":"2026-03-15T12:01:25","slug":"home","status":"publish","type":"page","link":"https:\/\/maroccotour.com\/es\/","title":{"rendered":"Home"},"content":{"rendered":"<div class=\"wpb-content-wrapper\"><p>[vc_row][vc_column width=\u00bb1\/1&#8243;][uncode_block id=\u00bb97&#8243;][\/vc_column][\/vc_row][vc_row row_height_percent=\u00bb0&#8243; override_padding=\u00bbyes\u00bb h_padding=\u00bb2&#8243; top_padding=\u00bb3&#8243; bottom_padding=\u00bb3&#8243; back_color=\u00bbcolor-144267&#8243; back_image=\u00bb2582&#8243; parallax=\u00bbyes\u00bb overlay_color=\u00bbcolor-144267&#8243; overlay_alpha=\u00bb70&#8243; equal_height=\u00bbyes\u00bb gutter_size=\u00bb4&#8243; column_width_percent=\u00bb100&#8243; shift_y=\u00bb0&#8243; z_index=\u00bb0&#8243; enable_top_divider=\u00bbdefault\u00bb top_divider=\u00bbhills-opacity\u00bb shape_top_h_use_pixel=\u00bb\u00bb shape_top_height=\u00bb120&#8243; shape_top_color=\u00bbcolor-xsdn\u00bb shape_top_opacity=\u00bb100&#8243; shape_top_index=\u00bb0&#8243; enable_bottom_divider=\u00bbdefault\u00bb bottom_divider=\u00bbflow-opacity\u00bb shape_bottom_h_use_pixel=\u00bb\u00bb shape_bottom_height=\u00bb120&#8243; shape_bottom_color=\u00bbcolor-xsdn\u00bb shape_bottom_opacity=\u00bb100&#8243; shape_bottom_index=\u00bb0&#8243; desktop_visibility=\u00bbyes\u00bb medium_visibility=\u00bbyes\u00bb mobile_visibility=\u00bbyes\u00bb content_parallax=\u00bb0&#8243; uncode_shortcode_id=\u00bb158860&#8243; back_color_type=\u00bbuncode-palette\u00bb overlay_color_type=\u00bbuncode-palette\u00bb shape_top_color_type=\u00bbuncode-palette\u00bb shape_bottom_color_type=\u00bbuncode-palette\u00bb][vc_column column_width_percent=\u00bb100&#8243; position_vertical=\u00bbmiddle\u00bb align_horizontal=\u00bbalign_center\u00bb gutter_size=\u00bb2&#8243; override_padding=\u00bbyes\u00bb column_padding=\u00bb3&#8243; style=\u00bbdark\u00bb overlay_alpha=\u00bb60&#8243; radius=\u00bblg\u00bb shift_x=\u00bb0&#8243; shift_y=\u00bb0&#8243; shift_y_down=\u00bb0&#8243; z_index=\u00bb0&#8243; medium_width=\u00bb0&#8243; mobile_width=\u00bb0&#8243; width=\u00bb1\/1&#8243; uncode_shortcode_id=\u00bb949321&#8243;][vc_row_inner row_inner_height_percent=\u00bb0&#8243; overlay_alpha=\u00bb50&#8243; gutter_size=\u00bb3&#8243; shift_y=\u00bb0&#8243; z_index=\u00bb0&#8243; uncode_shortcode_id=\u00bb681605&#8243;][vc_column_inner column_width_percent=\u00bb100&#8243; position_vertical=\u00bbmiddle\u00bb gutter_size=\u00bb2&#8243; style=\u00bbdark\u00bb overlay_alpha=\u00bb50&#8243; shift_x=\u00bb0&#8243; shift_y=\u00bb0&#8243; shift_y_down=\u00bb0&#8243; z_index=\u00bb0&#8243; align_medium=\u00bbalign_center_tablet\u00bb medium_width=\u00bb0&#8243; align_mobile=\u00bbalign_center_mobile\u00bb mobile_width=\u00bb0&#8243; width=\u00bb7\/12&#8243; uncode_shortcode_id=\u00bb122917&#8243;][vc_custom_heading text_size=\u00bbh4&#8243; uncode_shortcode_id=\u00bb514037&#8243;]YOGA EN EL DESIERTO 15-22 Octubre 2025[\/vc_custom_heading][vc_custom_heading heading_semantic=\u00bbh3&#8243; text_size=\u00bbfontsize-186028&#8243; sub_lead=\u00bbyes\u00bb uncode_shortcode_id=\u00bb199552&#8243;]Viaje en el desierto de Marruecos, de FEZ a ERG CHEBBI[\/vc_custom_heading][vc_column_text uncode_shortcode_id=\u00bb110826&#8243;]<strong>INSCRIPCIONES ANTES DEL 10 DE MAYO<\/strong><\/p>\n<p>Para informaci\u00f3n sobre el recorrido y los costos:<a href=\"tel:+393283636347\"> +39 328 3636 347<\/a>[\/vc_column_text][\/vc_column_inner][vc_column_inner column_width_percent=\u00bb100&#8243; position_vertical=\u00bbmiddle\u00bb align_horizontal=\u00bbalign_center\u00bb gutter_size=\u00bb2&#8243; style=\u00bbdark\u00bb overlay_alpha=\u00bb50&#8243; shift_x=\u00bb0&#8243; shift_y=\u00bb0&#8243; shift_y_down=\u00bb0&#8243; z_index=\u00bb0&#8243; medium_width=\u00bb0&#8243; mobile_width=\u00bb0&#8243; width=\u00bb5\/12&#8243; uncode_shortcode_id=\u00bb162352&#8243;][vc_single_image media=\u00bb2872&#8243; media_lightbox=\u00bbyes\u00bb media_width_percent=\u00bb100&#8243; shape=\u00bbimg-round\u00bb radius=\u00bbxl\u00bb shadow=\u00bbyes\u00bb shadow_weight=\u00bbstd\u00bb uncode_shortcode_id=\u00bb102603&#8243;][\/vc_column_inner][\/vc_row_inner][\/vc_column][\/vc_row][vc_row row_height_percent=\u00bb0&#8243; override_padding=\u00bbyes\u00bb h_padding=\u00bb0&#8243; top_padding=\u00bb3&#8243; bottom_padding=\u00bb3&#8243; overlay_alpha=\u00bb50&#8243; equal_height=\u00bbyes\u00bb gutter_size=\u00bb0&#8243; column_width_percent=\u00bb100&#8243; shift_y=\u00bb0&#8243; z_index=\u00bb0&#8243; content_parallax=\u00bb0&#8243; el_class=\u00bbgradient portfolio\u00bb row_name=\u00bbWorks\u00bb uncode_shortcode_id=\u00bb132242&#8243;][vc_column column_width_percent=\u00bb100&#8243; position_vertical=\u00bbmiddle\u00bb align_horizontal=\u00bbalign_center\u00bb gutter_size=\u00bb4&#8243; override_padding=\u00bbyes\u00bb column_padding=\u00bb0&#8243; overlay_alpha=\u00bb50&#8243; shift_x=\u00bb0&#8243; shift_y=\u00bb0&#8243; shift_y_down=\u00bb0&#8243; z_index=\u00bb0&#8243; medium_width=\u00bb0&#8243; mobile_width=\u00bb0&#8243; css_animation=\u00bbalpha-anim\u00bb width=\u00bb1\/1&#8243;][vc_custom_heading heading_semantic=\u00bbh3&#8243; text_size=\u00bbh1&#8243; uncode_shortcode_id=\u00bb673504&#8243;]Los tours destacados[\/vc_custom_heading][uncode_index el_id=\u00bbindex-48561198980&#8243; index_type=\u00bbcarousel\u00bb loop=\u00bbsize:6|order_by:date|post_type:portfolio|taxonomy_count:10&#8243; carousel_lg=\u00bb2&#8243; carousel_md=\u00bb1&#8243; carousel_sm=\u00bb1&#8243; thumb_size=\u00bbthree-two\u00bb gutter_size=\u00bb4&#8243; portfolio_items=\u00bbmedia|featured|onpost|original,icon|md,title|-\u00bb carousel_interval=\u00bb0&#8243; carousel_navspeed=\u00bb400&#8243; carousel_loop=\u00bbyes\u00bb carousel_overflow=\u00bbyes\u00bb carousel_dots=\u00bbyes\u00bb carousel_dots_space=\u00bbyes\u00bb carousel_dots_mobile=\u00bbyes\u00bb stage_padding=\u00bb25&#8243; single_shape=\u00bbround\u00bb radius=\u00bbstd\u00bb single_overlay_opacity=\u00bb50&#8243; single_h_align=\u00bbcenter\u00bb single_padding=\u00bb2&#8243; single_title_dimension=\u00bbh4&#8243; single_shadow=\u00bbyes\u00bb shadow_weight=\u00bbstd\u00bb single_border=\u00bbyes\u00bb single_css_animation=\u00bbright-t-left\u00bb post_matrix=\u00bbmatrix\u00bb matrix_items=\u00bbe30=\u00bb single_icon=\u00bbfa fa-plus2&#8243; uncode_shortcode_id=\u00bb163915&#8243;][\/vc_column][\/vc_row][vc_row row_height_percent=\u00bb0&#8243; override_padding=\u00bbyes\u00bb h_padding=\u00bb2&#8243; top_padding=\u00bb3&#8243; bottom_padding=\u00bb2&#8243; overlay_alpha=\u00bb50&#8243; equal_height=\u00bbyes\u00bb gutter_size=\u00bb4&#8243; column_width_percent=\u00bb100&#8243; shift_y=\u00bb0&#8243; z_index=\u00bb0&#8243; content_parallax=\u00bb0&#8243; uncode_shortcode_id=\u00bb832526&#8243;][vc_column column_width_use_pixel=\u00bbyes\u00bb position_vertical=\u00bbmiddle\u00bb align_horizontal=\u00bbalign_center\u00bb gutter_size=\u00bb2&#8243; overlay_alpha=\u00bb50&#8243; shift_x=\u00bb0&#8243; shift_y=\u00bb0&#8243; shift_y_down=\u00bb0&#8243; z_index=\u00bb0&#8243; medium_width=\u00bb0&#8243; mobile_width=\u00bb0&#8243; width=\u00bb1\/1&#8243; column_width_pixel=\u00bb900&#8243;][vc_custom_heading heading_semantic=\u00bbh3&#8243; text_size=\u00bbh1&#8243; uncode_shortcode_id=\u00bb167213&#8243;]Planifica tu viaje en Marruecos[\/vc_custom_heading][vc_column_text text_lead=\u00bbyes\u00bb uncode_shortcode_id=\u00bb112015&#8243;]Con nuestra atenci\u00f3n a los detalles y el compromiso con la calidad, somos la elecci\u00f3n ideal para una experiencia memorable en Marruecos. \u00a1Empieza a planificar tu viaje hoy mismo![\/vc_column_text][\/vc_column][\/vc_row][vc_row row_height_percent=\u00bb0&#8243; override_padding=\u00bbyes\u00bb h_padding=\u00bb2&#8243; top_padding=\u00bb2&#8243; bottom_padding=\u00bb3&#8243; overlay_alpha=\u00bb50&#8243; equal_height=\u00bbyes\u00bb gutter_size=\u00bb3&#8243; column_width_percent=\u00bb100&#8243; shift_y=\u00bb0&#8243; z_index=\u00bb0&#8243; el_class=\u00bbinverted-device-order\u00bb uncode_shortcode_id=\u00bb103854&#8243;][vc_column column_width_percent=\u00bb100&#8243; align_horizontal=\u00bbalign_center\u00bb gutter_size=\u00bb2&#8243; override_padding=\u00bbyes\u00bb column_padding=\u00bb2&#8243; back_color=\u00bbcolor-lxmt\u00bb overlay_alpha=\u00bb50&#8243; radius=\u00bbstd\u00bb shift_x=\u00bb0&#8243; shift_y=\u00bb0&#8243; shift_y_down=\u00bb0&#8243; z_index=\u00bb0&#8243; medium_width=\u00bb0&#8243; mobile_width=\u00bb0&#8243; width=\u00bb1\/3&#8243; uncode_shortcode_id=\u00bb132762&#8243; back_color_type=\u00bbuncode-palette\u00bb][vc_single_image media=\u00bb2873&#8243; media_width_percent=\u00bb100&#8243; media_ratio=\u00bbfour-three\u00bb shape=\u00bbimg-round\u00bb uncode_shortcode_id=\u00bb174869&#8243;][vc_empty_space empty_h=\u00bb1&#8243;][vc_custom_heading heading_semantic=\u00bbh3&#8243; text_size=\u00bbh4&#8243; sub_reduced=\u00bbyes\u00bb subheading=\u00bbMarruecos es un pa\u00eds colorido y de mil rostros. Ex\u00f3tico, m\u00e1gico, fascinante, envuelve y conquista al viajero en un caleidoscopio de olores, colores y sensaciones.\u00bb uncode_shortcode_id=\u00bb236395&#8243;]Destinos y alojamientos[\/vc_custom_heading][vc_button button_color=\u00bbaccent\u00bb border_width=\u00bb0&#8243; link=\u00bburl:https%3A%2F%2Fmaroccotour.com%2Fes%2Fdestinos-y-alojamientos%2F|title:Destinos%20y%20alojamientos\u00bb button_color_type=\u00bbuncode-palette\u00bb uncode_shortcode_id=\u00bb305984&#8243;]Descubre m\u00e1s[\/vc_button][\/vc_column][vc_column column_width_percent=\u00bb100&#8243; align_horizontal=\u00bbalign_center\u00bb gutter_size=\u00bb2&#8243; override_padding=\u00bbyes\u00bb column_padding=\u00bb2&#8243; back_color=\u00bbcolor-lxmt\u00bb overlay_alpha=\u00bb50&#8243; radius=\u00bbstd\u00bb shift_x=\u00bb0&#8243; shift_y=\u00bb0&#8243; shift_y_down=\u00bb0&#8243; z_index=\u00bb0&#8243; medium_width=\u00bb0&#8243; mobile_width=\u00bb0&#8243; width=\u00bb1\/3&#8243; uncode_shortcode_id=\u00bb143558&#8243; back_color_type=\u00bbuncode-palette\u00bb][vc_single_image media=\u00bb2874&#8243; media_width_percent=\u00bb100&#8243; media_ratio=\u00bbfour-three\u00bb shape=\u00bbimg-round\u00bb uncode_shortcode_id=\u00bb995251&#8243;][vc_empty_space empty_h=\u00bb1&#8243;][vc_custom_heading heading_semantic=\u00bbh3&#8243; text_size=\u00bbh4&#8243; sub_reduced=\u00bbyes\u00bb subheading=\u00bb\u00bfViajar solos por Marruecos y llegar con su propio medio al desierto? Se puede hacer. Pueden viajar de forma aut\u00f3noma y contactarnos solo para las excursiones y la estancia en el desierto.\u00bb uncode_shortcode_id=\u00bb117793&#8243;]Excursiones y alojamientos[\/vc_custom_heading][vc_button button_color=\u00bbaccent\u00bb border_width=\u00bb0&#8243; link=\u00bburl:https%3A%2F%2Fmaroccotour.com%2Fes%2Fexcursiones-y-estancias%2F|title:Excursiones%20y%20estancias\u00bb button_color_type=\u00bbuncode-palette\u00bb uncode_shortcode_id=\u00bb167061&#8243;]Descubre m\u00e1s[\/vc_button][\/vc_column][vc_column column_width_percent=\u00bb100&#8243; align_horizontal=\u00bbalign_center\u00bb gutter_size=\u00bb2&#8243; override_padding=\u00bbyes\u00bb column_padding=\u00bb2&#8243; back_color=\u00bbcolor-lxmt\u00bb overlay_alpha=\u00bb50&#8243; radius=\u00bbstd\u00bb shift_x=\u00bb0&#8243; shift_y=\u00bb0&#8243; shift_y_down=\u00bb0&#8243; z_index=\u00bb0&#8243; medium_width=\u00bb0&#8243; mobile_width=\u00bb0&#8243; width=\u00bb1\/3&#8243; uncode_shortcode_id=\u00bb602696&#8243; back_color_type=\u00bbuncode-palette\u00bb][vc_single_image media=\u00bb2875&#8243; media_width_percent=\u00bb100&#8243; media_ratio=\u00bbfour-three\u00bb shape=\u00bbimg-round\u00bb uncode_shortcode_id=\u00bb118681&#8243;][vc_empty_space empty_h=\u00bb1&#8243;][vc_custom_heading heading_semantic=\u00bbh3&#8243; text_size=\u00bbh4&#8243; sub_reduced=\u00bbyes\u00bb subheading=\u00bbOfrecemos una amplia selecci\u00f3n de tours de un d\u00eda para explorar las principales atracciones del pa\u00eds. Elijan su tour preferido y prep\u00e1rense para un d\u00eda inolvidable, acompa\u00f1ados por nuestras gu\u00edas expertas.\u00bb uncode_shortcode_id=\u00bb412658&#8243;]Tour de un d\u00eda[\/vc_custom_heading][vc_button button_color=\u00bbaccent\u00bb border_width=\u00bb0&#8243; link=\u00bburl:https%3A%2F%2Fmaroccotour.com%2Fes%2Ftour-de-un-dia%2F|title:Tour%20de%20un%20d%C3%ADa\u00bb button_color_type=\u00bbuncode-palette\u00bb uncode_shortcode_id=\u00bb792617&#8243;]Descubre m\u00e1s[\/vc_button][\/vc_column][\/vc_row][vc_row row_height_percent=\u00bb50&#8243; override_padding=\u00bbyes\u00bb h_padding=\u00bb2&#8243; top_padding=\u00bb3&#8243; bottom_padding=\u00bb3&#8243; back_color=\u00bbcolor-wayh\u00bb back_image=\u00bb116&#8243; parallax=\u00bbyes\u00bb overlay_color=\u00bbcolor-wayh\u00bb overlay_alpha=\u00bb60&#8243; gutter_size=\u00bb100&#8243; column_width_percent=\u00bb100&#8243; shift_y=\u00bb0&#8243; z_index=\u00bb0&#8243; top_divider=\u00bbgradient\u00bb style=\u00bbinherited\u00bb uncode_shortcode_id=\u00bb557526&#8243; back_color_type=\u00bbuncode-palette\u00bb overlay_color_type=\u00bbuncode-palette\u00bb][vc_column column_width_use_pixel=\u00bbyes\u00bb position_vertical=\u00bbmiddle\u00bb align_horizontal=\u00bbalign_center\u00bb gutter_size=\u00bb2&#8243; style=\u00bbdark\u00bb overlay_alpha=\u00bb100&#8243; shift_x=\u00bb0&#8243; shift_y=\u00bb0&#8243; shift_y_down=\u00bb0&#8243; z_index=\u00bb0&#8243; medium_width=\u00bb0&#8243; mobile_width=\u00bb0&#8243; zoom_width=\u00bb0&#8243; zoom_height=\u00bb0&#8243; width=\u00bb1\/1&#8243; column_width_pixel=\u00bb900&#8243;][vc_custom_heading heading_semantic=\u00bbh3&#8243; text_size=\u00bbfontsize-186028&#8243; uncode_shortcode_id=\u00bb991547&#8243;]Consejos de viaje[\/vc_custom_heading][vc_column_text text_lead=\u00bbyes\u00bb uncode_shortcode_id=\u00bb172354&#8243;]Ofrecemos sugerencias \u00fatiles para planificar su viaje, desde la elecci\u00f3n del mejor per\u00edodo para visitar el pa\u00eds hasta la preparaci\u00f3n del equipaje. Adem\u00e1s, encontrar\u00e1 consejos sobre cultura, comida y seguridad para garantizarle una experiencia de viaje agradable y segura.[\/vc_column_text][vc_empty_space empty_h=\u00bb1&#8243;][vc_button button_color=\u00bbaccent\u00bb text_skin=\u00bbyes\u00bb border_width=\u00bb0&#8243; link=\u00bburl:https%3A%2F%2Fmaroccotour.com%2Fes%2Fconsejos-de-viaje%2F|title:Consejos%20de%20viaje\u00bb button_color_type=\u00bbuncode-palette\u00bb uncode_shortcode_id=\u00bb625038&#8243;]Sigue leyendo[\/vc_button][\/vc_column][\/vc_row]<\/p>\n<\/div>","protected":false},"excerpt":{"rendered":"<p>[vc_row][vc_column width=\u00bb1\/1&#8243;][uncode_block id=\u00bb97&#8243;][\/vc_column][\/vc_row][vc_row row_height_percent=\u00bb0&#8243; override_padding=\u00bbyes\u00bb h_padding=\u00bb2&#8243; top_padding=\u00bb3&#8243; bottom_padding=\u00bb3&#8243; back_color=\u00bbcolor-144267&#8243; back_image=\u00bb2582&#8243; parallax=\u00bbyes\u00bb overlay_color=\u00bbcolor-144267&#8243; overlay_alpha=\u00bb70&#8243; equal_height=\u00bbyes\u00bb gutter_size=\u00bb4&#8243; column_width_percent=\u00bb100&#8243; shift_y=\u00bb0&#8243; z_index=\u00bb0&#8243; enable_top_divider=\u00bbdefault\u00bb top_divider=\u00bbhills-opacity\u00bb [&hellip;]<\/p>\n","protected":false},"author":1,"featured_media":2531,"parent":0,"menu_order":0,"comment_status":"closed","ping_status":"closed","template":"","meta":{"footnotes":""},"class_list":["post-2877","page","type-page","status-publish","has-post-thumbnail","hentry"],"yoast_head":"<!-- This site is optimized with the Yoast SEO plugin v27.3 - https:\/\/yoast.com\/product\/yoast-seo-wordpress\/ -->\n<title>Marocco Tour, viajes y excursiones en el desierto y en todo Marruecos<\/title>\n<meta name=\"description\" content=\"Ofrecemos una amplia selecci\u00f3n de tours para descubrir Marruecos, desde las ciudades imperiales, hasta el desierto y las monta\u00f1as del Atlas.\" \/>\n<meta name=\"robots\" content=\"index, follow, max-snippet:-1, max-image-preview:large, max-video-preview:-1\" \/>\n<link rel=\"canonical\" href=\"https:\/\/maroccotour.com\/es\/\" \/>\n<meta property=\"og:locale\" content=\"es_ES\" \/>\n<meta property=\"og:type\" content=\"article\" \/>\n<meta property=\"og:title\" content=\"Marocco Tour, viajes y excursiones en el desierto y en todo Marruecos\" \/>\n<meta property=\"og:description\" content=\"Ofrecemos una amplia selecci\u00f3n de tours para descubrir Marruecos, desde las ciudades imperiales, hasta el desierto y las monta\u00f1as del Atlas.\" \/>\n<meta property=\"og:url\" content=\"https:\/\/maroccotour.com\/es\/\" \/>\n<meta property=\"og:site_name\" content=\"Marocco Tour\" \/>\n<meta property=\"article:publisher\" content=\"https:\/\/www.facebook.com\/maroccotour?fref=ts\" \/>\n<meta property=\"article:modified_time\" content=\"2026-03-15T12:01:25+00:00\" \/>\n<meta property=\"og:image\" content=\"http:\/\/maroccotour.com\/wp-content\/uploads\/2023\/04\/marocco-tour-fb-1024x536.jpg\" \/>\n<meta name=\"twitter:card\" content=\"summary_large_image\" \/>\n<meta name=\"twitter:label1\" content=\"Tiempo de lectura\" \/>\n\t<meta name=\"twitter:data1\" content=\"4 minutos\" \/>\n<script type=\"application\/ld+json\" class=\"yoast-schema-graph\">{\"@context\":\"https:\\\/\\\/schema.org\",\"@graph\":[{\"@type\":\"WebPage\",\"@id\":\"https:\\\/\\\/maroccotour.com\\\/es\\\/\",\"url\":\"https:\\\/\\\/maroccotour.com\\\/es\\\/\",\"name\":\"Marocco Tour, viajes y excursiones en el desierto y en todo Marruecos\",\"isPartOf\":{\"@id\":\"https:\\\/\\\/maroccotour.com\\\/es\\\/#website\"},\"primaryImageOfPage\":{\"@id\":\"https:\\\/\\\/maroccotour.com\\\/es\\\/#primaryimage\"},\"image\":{\"@id\":\"https:\\\/\\\/maroccotour.com\\\/es\\\/#primaryimage\"},\"thumbnailUrl\":\"https:\\\/\\\/maroccotour.com\\\/wp-content\\\/uploads\\\/2025\\\/03\\\/image-share-maroccotour.webp\",\"datePublished\":\"2023-04-02T13:26:43+00:00\",\"dateModified\":\"2026-03-15T12:01:25+00:00\",\"description\":\"Ofrecemos una amplia selecci\u00f3n de tours para descubrir Marruecos, desde las ciudades imperiales, hasta el desierto y las monta\u00f1as del Atlas.\",\"breadcrumb\":{\"@id\":\"https:\\\/\\\/maroccotour.com\\\/es\\\/#breadcrumb\"},\"inLanguage\":\"es\",\"potentialAction\":[{\"@type\":\"ReadAction\",\"target\":[\"https:\\\/\\\/maroccotour.com\\\/es\\\/\"]}]},{\"@type\":\"ImageObject\",\"inLanguage\":\"es\",\"@id\":\"https:\\\/\\\/maroccotour.com\\\/es\\\/#primaryimage\",\"url\":\"https:\\\/\\\/maroccotour.com\\\/wp-content\\\/uploads\\\/2025\\\/03\\\/image-share-maroccotour.webp\",\"contentUrl\":\"https:\\\/\\\/maroccotour.com\\\/wp-content\\\/uploads\\\/2025\\\/03\\\/image-share-maroccotour.webp\",\"width\":1200,\"height\":628},{\"@type\":\"BreadcrumbList\",\"@id\":\"https:\\\/\\\/maroccotour.com\\\/es\\\/#breadcrumb\",\"itemListElement\":[{\"@type\":\"ListItem\",\"position\":1,\"name\":\"Home\",\"item\":\"https:\\\/\\\/maroccotour.com\\\/es\\\/\"},{\"@type\":\"ListItem\",\"position\":2,\"name\":\"Home\"}]},{\"@type\":\"WebSite\",\"@id\":\"https:\\\/\\\/maroccotour.com\\\/es\\\/#website\",\"url\":\"https:\\\/\\\/maroccotour.com\\\/es\\\/\",\"name\":\"MaroccoTour\",\"description\":\"Viaggi nel deserto e in tutto il Marocco\",\"potentialAction\":[{\"@type\":\"SearchAction\",\"target\":{\"@type\":\"EntryPoint\",\"urlTemplate\":\"https:\\\/\\\/maroccotour.com\\\/es\\\/?s={search_term_string}\"},\"query-input\":{\"@type\":\"PropertyValueSpecification\",\"valueRequired\":true,\"valueName\":\"search_term_string\"}}],\"inLanguage\":\"es\"}]}<\/script>\n<!-- \/ Yoast SEO plugin. -->","yoast_head_json":{"title":"Marocco Tour, viajes y excursiones en el desierto y en todo Marruecos","description":"Ofrecemos una amplia selecci\u00f3n de tours para descubrir Marruecos, desde las ciudades imperiales, hasta el desierto y las monta\u00f1as del Atlas.","robots":{"index":"index","follow":"follow","max-snippet":"max-snippet:-1","max-image-preview":"max-image-preview:large","max-video-preview":"max-video-preview:-1"},"canonical":"https:\/\/maroccotour.com\/es\/","og_locale":"es_ES","og_type":"article","og_title":"Marocco Tour, viajes y excursiones en el desierto y en todo Marruecos","og_description":"Ofrecemos una amplia selecci\u00f3n de tours para descubrir Marruecos, desde las ciudades imperiales, hasta el desierto y las monta\u00f1as del Atlas.","og_url":"https:\/\/maroccotour.com\/es\/","og_site_name":"Marocco Tour","article_publisher":"https:\/\/www.facebook.com\/maroccotour?fref=ts","article_modified_time":"2026-03-15T12:01:25+00:00","og_image":[{"url":"http:\/\/maroccotour.com\/wp-content\/uploads\/2023\/04\/marocco-tour-fb-1024x536.jpg","type":"","width":"","height":""}],"twitter_card":"summary_large_image","twitter_misc":{"Tiempo de lectura":"4 minutos"},"schema":{"@context":"https:\/\/schema.org","@graph":[{"@type":"WebPage","@id":"https:\/\/maroccotour.com\/es\/","url":"https:\/\/maroccotour.com\/es\/","name":"Marocco Tour, viajes y excursiones en el desierto y en todo Marruecos","isPartOf":{"@id":"https:\/\/maroccotour.com\/es\/#website"},"primaryImageOfPage":{"@id":"https:\/\/maroccotour.com\/es\/#primaryimage"},"image":{"@id":"https:\/\/maroccotour.com\/es\/#primaryimage"},"thumbnailUrl":"https:\/\/maroccotour.com\/wp-content\/uploads\/2025\/03\/image-share-maroccotour.webp","datePublished":"2023-04-02T13:26:43+00:00","dateModified":"2026-03-15T12:01:25+00:00","description":"Ofrecemos una amplia selecci\u00f3n de tours para descubrir Marruecos, desde las ciudades imperiales, hasta el desierto y las monta\u00f1as del Atlas.","breadcrumb":{"@id":"https:\/\/maroccotour.com\/es\/#breadcrumb"},"inLanguage":"es","potentialAction":[{"@type":"ReadAction","target":["https:\/\/maroccotour.com\/es\/"]}]},{"@type":"ImageObject","inLanguage":"es","@id":"https:\/\/maroccotour.com\/es\/#primaryimage","url":"https:\/\/maroccotour.com\/wp-content\/uploads\/2025\/03\/image-share-maroccotour.webp","contentUrl":"https:\/\/maroccotour.com\/wp-content\/uploads\/2025\/03\/image-share-maroccotour.webp","width":1200,"height":628},{"@type":"BreadcrumbList","@id":"https:\/\/maroccotour.com\/es\/#breadcrumb","itemListElement":[{"@type":"ListItem","position":1,"name":"Home","item":"https:\/\/maroccotour.com\/es\/"},{"@type":"ListItem","position":2,"name":"Home"}]},{"@type":"WebSite","@id":"https:\/\/maroccotour.com\/es\/#website","url":"https:\/\/maroccotour.com\/es\/","name":"MaroccoTour","description":"Viaggi nel deserto e in tutto il Marocco","potentialAction":[{"@type":"SearchAction","target":{"@type":"EntryPoint","urlTemplate":"https:\/\/maroccotour.com\/es\/?s={search_term_string}"},"query-input":{"@type":"PropertyValueSpecification","valueRequired":true,"valueName":"search_term_string"}}],"inLanguage":"es"}]}},"_links":{"self":[{"href":"https:\/\/maroccotour.com\/es\/wp-json\/wp\/v2\/pages\/2877","targetHints":{"allow":["GET"]}}],"collection":[{"href":"https:\/\/maroccotour.com\/es\/wp-json\/wp\/v2\/pages"}],"about":[{"href":"https:\/\/maroccotour.com\/es\/wp-json\/wp\/v2\/types\/page"}],"author":[{"embeddable":true,"href":"https:\/\/maroccotour.com\/es\/wp-json\/wp\/v2\/users\/1"}],"replies":[{"embeddable":true,"href":"https:\/\/maroccotour.com\/es\/wp-json\/wp\/v2\/comments?post=2877"}],"version-history":[{"count":9,"href":"https:\/\/maroccotour.com\/es\/wp-json\/wp\/v2\/pages\/2877\/revisions"}],"predecessor-version":[{"id":3162,"href":"https:\/\/maroccotour.com\/es\/wp-json\/wp\/v2\/pages\/2877\/revisions\/3162"}],"wp:featuredmedia":[{"embeddable":true,"href":"https:\/\/maroccotour.com\/es\/wp-json\/wp\/v2\/media\/2531"}],"wp:attachment":[{"href":"https:\/\/maroccotour.com\/es\/wp-json\/wp\/v2\/media?parent=2877"}],"curies":[{"name":"wp","href":"https:\/\/api.w.org\/{rel}","templated":true}]}}