{"id":2922,"date":"2023-04-02T15:24:38","date_gmt":"2023-04-02T15:24:38","guid":{"rendered":"https:\/\/maroccotour.com\/privacidad\/"},"modified":"2026-03-14T14:57:59","modified_gmt":"2026-03-14T14:57:59","slug":"privacidad","status":"publish","type":"page","link":"https:\/\/maroccotour.com\/es\/privacidad\/","title":{"rendered":"Privacidad"},"content":{"rendered":"<div class=\"wpb-content-wrapper\"><p>[vc_row row_height_percent=\u00bb0&#8243; override_padding=\u00bbyes\u00bb h_padding=\u00bb2&#8243; top_padding=\u00bb3&#8243; bottom_padding=\u00bb3&#8243; overlay_alpha=\u00bb50&#8243; gutter_size=\u00bb3&#8243; column_width_percent=\u00bb100&#8243; shift_y=\u00bb0&#8243; z_index=\u00bb0&#8243; uncode_shortcode_id=\u00bb108079&#8243;][vc_column width=\u00bb1\/1&#8243;][vc_column_text uncode_shortcode_id=\u00bb677293&#8243;]<\/p>\n<h2>Titular del tratamiento<\/h2>\n<p>El titular del tratamiento de datos es Maroccotour de Ouabou Said \u2013 NIF-IVA: IT03107780540 con sede en Via Luigi Contardo, 18 \u2013 06034 Foligno PG \u2013 ITALIA. E-mail: <a href=\"mailto:info@maroccotour.com\">info@maroccotour.com<\/a><\/p>\n<h2><\/h2>\n<h2>Principios generales del tratamiento<\/h2>\n<p>El tratamiento de los datos proporcionados por los usuarios se realiza de conformidad con la normativa en materia de protecci\u00f3n de datos personales, teniendo en cuenta la naturaleza, el \u00e1mbito de aplicaci\u00f3n, el contexto y las finalidades del tratamiento, as\u00ed como los riesgos, para los derechos y las libertades de las personas f\u00edsicas, relacionados con el tratamiento de los datos y que presentan diferentes probabilidades y niveles de gravedad. La informaci\u00f3n que se indica a continuaci\u00f3n se refiere al tratamiento de los datos realizado durante la navegaci\u00f3n: en el Sitio est\u00e1n presentes <strong>varios formularios de contacto<\/strong>.<\/p>\n<h2><\/h2>\n<h2>Finalidad y base jur\u00eddica del tratamiento<\/h2>\n<p>Los datos proporcionados durante la navegaci\u00f3n ser\u00e1n tratados para asegurar la correcta navegaci\u00f3n del Sitio, su mantenimiento, la elaboraci\u00f3n de estad\u00edsticas y el ejercicio de derechos, as\u00ed como para el cumplimiento de obligaciones normativas y para atender las solicitudes de servicios y productos realizadas a trav\u00e9s del sitio. Las bases jur\u00eddicas de las finalidades anteriormente descritas son:<\/p>\n<ul>\n<li>contractual para la ejecuci\u00f3n de una solicitud tuya como interesado que solicita un servicio \/ producto,<\/li>\n<li>el inter\u00e9s leg\u00edtimo para asegurar la correcta navegaci\u00f3n del Sitio, su mantenimiento, la elaboraci\u00f3n de estad\u00edsticas y el ejercicio de los derechos,<\/li>\n<li>el consentimiento expresado por ti para una finalidad espec\u00edfica en la que el mismo sea necesario para el tratamiento de los datos.<\/li>\n<\/ul>\n<h2><\/h2>\n<h2>Tipolog\u00eda de los datos tratados<\/h2>\n<p>Se resumen las tipolog\u00edas de datos que el Estudio puede tratar:<\/p>\n<p>Datos necesarios para el env\u00edo del producto o la respuesta a la informaci\u00f3n solicitada.<\/p>\n<p>Los datos personales proporcionados por el cliente son utilizados por Maroccotour para satisfacer cada solicitud realizada.<\/p>\n<p>Datos proporcionados voluntariamente por el usuario mediante el Formulario de contacto del sitio web. El env\u00edo facultativo, expl\u00edcito y voluntario de una direcci\u00f3n de correo electr\u00f3nico a Maroccotour implica la adquisici\u00f3n de la direcci\u00f3n del remitente, que ser\u00e1 utilizada para responder a las solicitudes, as\u00ed como de los eventuales otros datos personales incluidos en el mensaje (nombre, apellido, tel\u00e9fono u otros).<\/p>\n<h2><\/h2>\n<h2>Datos de navegaci\u00f3n<\/h2>\n<p>Los sistemas inform\u00e1ticos y los procedimientos software encargados del funcionamiento del Sitio adquieren, durante su funcionamiento normal, algunos datos personales cuya transmisi\u00f3n es impl\u00edcita en el uso de los protocolos de comunicaci\u00f3n de Internet.<\/p>\n<p>Se trata de informaci\u00f3n que no se recoge para ser asociada a interesados identificados, pero que por su propia naturaleza podr\u00eda, mediante elaboraciones y asociaciones con datos en poder de terceros, permitir identificar a los Usuarios.<\/p>\n<p>En esta categor\u00eda de datos se incluyen las direcciones IP o los nombres de dominio de los ordenadores utilizados por los Usuarios que se conectan al Sitio, las direcciones en notaci\u00f3n URI (<em>Uniform Resource Identifier<\/em>) de los recursos solicitados, la hora de la solicitud, el m\u00e9todo utilizado para enviar la solicitud al servidor, el tama\u00f1o del archivo obtenido en respuesta, el c\u00f3digo num\u00e9rico que indica el estado de la respuesta dada por el servidor (\u00e9xito, error, etc.) y otros par\u00e1metros relativos al sistema operativo y al entorno inform\u00e1tico del usuario.<\/p>\n<p>Los datos recopilados podr\u00edan ser utilizados para la determinaci\u00f3n de responsabilidades en caso de eventuales delitos inform\u00e1ticos.<\/p>\n<h2><\/h2>\n<h2>Cookies<\/h2>\n<p>En cuanto al uso de cookies, utilizamos un plugin para su gesti\u00f3n.<\/p>\n<h2><\/h2>\n<h2>Datos proporcionados directamente por el usuario<\/h2>\n<p>Los datos personales, proporcionados libre y voluntariamente por el Usuario por tel\u00e9fono y\/o mediante el env\u00edo de mensajes de correo electr\u00f3nico a los contactos presentes en el Sitio, ser\u00e1n utilizados \u00fanicamente con el fin de dar respuesta a las eventuales solicitudes.<\/p>\n<p><strong>Menores<\/strong>: ninguna persona menor de 14 a\u00f1os, sin el previo consentimiento de los padres o de quien haga sus veces, podr\u00e1 enviar informaci\u00f3n a este Sitio.<\/p>\n<h2><\/h2>\n<h2>Naturaleza de la provisi\u00f3n de los datos<\/h2>\n<p>Con excepci\u00f3n de los datos de navegaci\u00f3n, cuya comunicaci\u00f3n es inherente a la navegaci\u00f3n y es por tanto obligatoria para poder visitar el Sitio, la provisi\u00f3n de los datos personales por parte de los Usuarios es facultativa.<\/p>\n<h2><\/h2>\n<h2>Derechos de los interesados<\/h2>\n<p>En cualquier momento, usted podr\u00e1 ejercer los siguientes derechos previstos en los arts. 15 &#8211; 22 del GDPR:<\/p>\n<ul>\n<li>solicitar la confirmaci\u00f3n de la existencia o no de sus propios datos personales en nuestras bases de datos;<\/li>\n<li>obtener informaci\u00f3n sobre las finalidades del tratamiento, las categor\u00edas de datos tratados, los destinatarios o las categor\u00edas de destinatarios a los que los datos personales han sido o ser\u00e1n comunicados y el per\u00edodo de conservaci\u00f3n o los criterios para determinarlo;<\/li>\n<li>obtener la rectificaci\u00f3n y la supresi\u00f3n de los datos;<\/li>\n<li>obtener la limitaci\u00f3n del tratamiento;<\/li>\n<li>obtener la portabilidad de los datos;<\/li>\n<li>revocar el consentimiento para el tratamiento para finalidades espec\u00edficas, cuando sea necesario.<\/li>\n<\/ul>\n<p>Se informa que en el sitio web del Garante para la protecci\u00f3n de los datos personales est\u00e1 disponible el <a href=\"http:\/\/www.garanteprivacy.it\/garante\/document?ID=1089924\">Modelo para el ejercicio de los derechos en materia de protecci\u00f3n de datos personales<\/a>.<\/p>\n<p>El Usuario tambi\u00e9n tiene derecho a presentar una reclamaci\u00f3n ante el Garante para la protecci\u00f3n de los datos personales (<a href=\"http:\/\/www.garanteprivacy.it\/\">www.garanteprivacy.it<\/a>).[\/vc_column_text][\/vc_column][\/vc_row]<\/p>\n<\/div>","protected":false},"excerpt":{"rendered":"<p>[vc_row row_height_percent=\u00bb0&#8243; override_padding=\u00bbyes\u00bb h_padding=\u00bb2&#8243; top_padding=\u00bb3&#8243; bottom_padding=\u00bb3&#8243; overlay_alpha=\u00bb50&#8243; gutter_size=\u00bb3&#8243; column_width_percent=\u00bb100&#8243; shift_y=\u00bb0&#8243; z_index=\u00bb0&#8243; uncode_shortcode_id=\u00bb108079&#8243;][vc_column width=\u00bb1\/1&#8243;][vc_column_text uncode_shortcode_id=\u00bb677293&#8243;] Titular del tratamiento El titular del [&hellip;]<\/p>\n","protected":false},"author":1,"featured_media":0,"parent":0,"menu_order":0,"comment_status":"closed","ping_status":"closed","template":"","meta":{"footnotes":""},"class_list":["post-2922","page","type-page","status-publish","hentry"],"yoast_head":"<!-- This site is optimized with the Yoast SEO plugin v27.3 - https:\/\/yoast.com\/product\/yoast-seo-wordpress\/ -->\n<title>Privacidad - Marocco Tour<\/title>\n<meta name=\"robots\" content=\"index, follow, max-snippet:-1, max-image-preview:large, max-video-preview:-1\" \/>\n<link rel=\"canonical\" href=\"https:\/\/maroccotour.com\/es\/privacidad\/\" \/>\n<meta property=\"og:locale\" content=\"es_ES\" \/>\n<meta property=\"og:type\" content=\"article\" \/>\n<meta property=\"og:title\" content=\"Privacidad - Marocco Tour\" \/>\n<meta property=\"og:description\" content=\"[vc_row row_height_percent=\u00bb0&#8243; override_padding=\u00bbyes\u00bb h_padding=\u00bb2&#8243; top_padding=\u00bb3&#8243; bottom_padding=\u00bb3&#8243; overlay_alpha=\u00bb50&#8243; gutter_size=\u00bb3&#8243; column_width_percent=\u00bb100&#8243; shift_y=\u00bb0&#8243; z_index=\u00bb0&#8243; uncode_shortcode_id=\u00bb108079&#8243;][vc_column width=\u00bb1\/1&#8243;][vc_column_text uncode_shortcode_id=\u00bb677293&#8243;] Titular del tratamiento El titular del [&hellip;]\" \/>\n<meta property=\"og:url\" content=\"https:\/\/maroccotour.com\/es\/privacidad\/\" \/>\n<meta property=\"og:site_name\" content=\"Marocco Tour\" \/>\n<meta property=\"article:publisher\" content=\"https:\/\/www.facebook.com\/maroccotour?fref=ts\" \/>\n<meta property=\"article:modified_time\" content=\"2026-03-14T14:57:59+00:00\" \/>\n<meta property=\"og:image\" content=\"https:\/\/maroccotour.com\/wp-content\/uploads\/2023\/04\/marocco-tour-fb.jpg\" \/>\n\t<meta property=\"og:image:width\" content=\"1200\" \/>\n\t<meta property=\"og:image:height\" content=\"628\" \/>\n\t<meta property=\"og:image:type\" content=\"image\/jpeg\" \/>\n<meta name=\"twitter:card\" content=\"summary_large_image\" \/>\n<meta name=\"twitter:label1\" content=\"Tiempo de lectura\" \/>\n\t<meta name=\"twitter:data1\" content=\"5 minutos\" \/>\n<script type=\"application\/ld+json\" class=\"yoast-schema-graph\">{\"@context\":\"https:\\\/\\\/schema.org\",\"@graph\":[{\"@type\":\"WebPage\",\"@id\":\"https:\\\/\\\/maroccotour.com\\\/es\\\/privacidad\\\/\",\"url\":\"https:\\\/\\\/maroccotour.com\\\/es\\\/privacidad\\\/\",\"name\":\"Privacidad - Marocco Tour\",\"isPartOf\":{\"@id\":\"https:\\\/\\\/maroccotour.com\\\/es\\\/#website\"},\"datePublished\":\"2023-04-02T15:24:38+00:00\",\"dateModified\":\"2026-03-14T14:57:59+00:00\",\"breadcrumb\":{\"@id\":\"https:\\\/\\\/maroccotour.com\\\/es\\\/privacidad\\\/#breadcrumb\"},\"inLanguage\":\"es\",\"potentialAction\":[{\"@type\":\"ReadAction\",\"target\":[\"https:\\\/\\\/maroccotour.com\\\/es\\\/privacidad\\\/\"]}]},{\"@type\":\"BreadcrumbList\",\"@id\":\"https:\\\/\\\/maroccotour.com\\\/es\\\/privacidad\\\/#breadcrumb\",\"itemListElement\":[{\"@type\":\"ListItem\",\"position\":1,\"name\":\"Home\",\"item\":\"https:\\\/\\\/maroccotour.com\\\/es\\\/\"},{\"@type\":\"ListItem\",\"position\":2,\"name\":\"Privacidad\"}]},{\"@type\":\"WebSite\",\"@id\":\"https:\\\/\\\/maroccotour.com\\\/es\\\/#website\",\"url\":\"https:\\\/\\\/maroccotour.com\\\/es\\\/\",\"name\":\"MaroccoTour\",\"description\":\"Viaggi nel deserto e in tutto il Marocco\",\"potentialAction\":[{\"@type\":\"SearchAction\",\"target\":{\"@type\":\"EntryPoint\",\"urlTemplate\":\"https:\\\/\\\/maroccotour.com\\\/es\\\/?s={search_term_string}\"},\"query-input\":{\"@type\":\"PropertyValueSpecification\",\"valueRequired\":true,\"valueName\":\"search_term_string\"}}],\"inLanguage\":\"es\"}]}<\/script>\n<!-- \/ Yoast SEO plugin. -->","yoast_head_json":{"title":"Privacidad - Marocco Tour","robots":{"index":"index","follow":"follow","max-snippet":"max-snippet:-1","max-image-preview":"max-image-preview:large","max-video-preview":"max-video-preview:-1"},"canonical":"https:\/\/maroccotour.com\/es\/privacidad\/","og_locale":"es_ES","og_type":"article","og_title":"Privacidad - Marocco Tour","og_description":"[vc_row row_height_percent=\u00bb0&#8243; override_padding=\u00bbyes\u00bb h_padding=\u00bb2&#8243; top_padding=\u00bb3&#8243; bottom_padding=\u00bb3&#8243; overlay_alpha=\u00bb50&#8243; gutter_size=\u00bb3&#8243; column_width_percent=\u00bb100&#8243; shift_y=\u00bb0&#8243; z_index=\u00bb0&#8243; uncode_shortcode_id=\u00bb108079&#8243;][vc_column width=\u00bb1\/1&#8243;][vc_column_text uncode_shortcode_id=\u00bb677293&#8243;] Titular del tratamiento El titular del [&hellip;]","og_url":"https:\/\/maroccotour.com\/es\/privacidad\/","og_site_name":"Marocco Tour","article_publisher":"https:\/\/www.facebook.com\/maroccotour?fref=ts","article_modified_time":"2026-03-14T14:57:59+00:00","og_image":[{"width":1200,"height":628,"url":"https:\/\/maroccotour.com\/wp-content\/uploads\/2023\/04\/marocco-tour-fb.jpg","type":"image\/jpeg"}],"twitter_card":"summary_large_image","twitter_misc":{"Tiempo de lectura":"5 minutos"},"schema":{"@context":"https:\/\/schema.org","@graph":[{"@type":"WebPage","@id":"https:\/\/maroccotour.com\/es\/privacidad\/","url":"https:\/\/maroccotour.com\/es\/privacidad\/","name":"Privacidad - Marocco Tour","isPartOf":{"@id":"https:\/\/maroccotour.com\/es\/#website"},"datePublished":"2023-04-02T15:24:38+00:00","dateModified":"2026-03-14T14:57:59+00:00","breadcrumb":{"@id":"https:\/\/maroccotour.com\/es\/privacidad\/#breadcrumb"},"inLanguage":"es","potentialAction":[{"@type":"ReadAction","target":["https:\/\/maroccotour.com\/es\/privacidad\/"]}]},{"@type":"BreadcrumbList","@id":"https:\/\/maroccotour.com\/es\/privacidad\/#breadcrumb","itemListElement":[{"@type":"ListItem","position":1,"name":"Home","item":"https:\/\/maroccotour.com\/es\/"},{"@type":"ListItem","position":2,"name":"Privacidad"}]},{"@type":"WebSite","@id":"https:\/\/maroccotour.com\/es\/#website","url":"https:\/\/maroccotour.com\/es\/","name":"MaroccoTour","description":"Viaggi nel deserto e in tutto il Marocco","potentialAction":[{"@type":"SearchAction","target":{"@type":"EntryPoint","urlTemplate":"https:\/\/maroccotour.com\/es\/?s={search_term_string}"},"query-input":{"@type":"PropertyValueSpecification","valueRequired":true,"valueName":"search_term_string"}}],"inLanguage":"es"}]}},"_links":{"self":[{"href":"https:\/\/maroccotour.com\/es\/wp-json\/wp\/v2\/pages\/2922","targetHints":{"allow":["GET"]}}],"collection":[{"href":"https:\/\/maroccotour.com\/es\/wp-json\/wp\/v2\/pages"}],"about":[{"href":"https:\/\/maroccotour.com\/es\/wp-json\/wp\/v2\/types\/page"}],"author":[{"embeddable":true,"href":"https:\/\/maroccotour.com\/es\/wp-json\/wp\/v2\/users\/1"}],"replies":[{"embeddable":true,"href":"https:\/\/maroccotour.com\/es\/wp-json\/wp\/v2\/comments?post=2922"}],"version-history":[{"count":2,"href":"https:\/\/maroccotour.com\/es\/wp-json\/wp\/v2\/pages\/2922\/revisions"}],"predecessor-version":[{"id":2924,"href":"https:\/\/maroccotour.com\/es\/wp-json\/wp\/v2\/pages\/2922\/revisions\/2924"}],"wp:attachment":[{"href":"https:\/\/maroccotour.com\/es\/wp-json\/wp\/v2\/media?parent=2922"}],"curies":[{"name":"wp","href":"https:\/\/api.w.org\/{rel}","templated":true}]}}