{"id":2928,"date":"2023-04-02T13:29:01","date_gmt":"2023-04-02T13:29:01","guid":{"rendered":"https:\/\/maroccotour.com\/quienes-somos\/"},"modified":"2026-03-15T12:04:28","modified_gmt":"2026-03-15T12:04:28","slug":"quienes-somos","status":"publish","type":"page","link":"https:\/\/maroccotour.com\/es\/quienes-somos\/","title":{"rendered":"Qui\u00e9nes somos"},"content":{"rendered":"<div class=\"wpb-content-wrapper\"><p>[vc_row row_height_percent=\u00bb0&#8243; override_padding=\u00bbyes\u00bb h_padding=\u00bb2&#8243; top_padding=\u00bb3&#8243; bottom_padding=\u00bb1&#8243; overlay_alpha=\u00bb50&#8243; equal_height=\u00bbyes\u00bb gutter_size=\u00bb4&#8243; column_width_percent=\u00bb100&#8243; shift_y=\u00bb0&#8243; z_index=\u00bb0&#8243; bottom_divider=\u00bbstep_2_3&#8243; uncode_shortcode_id=\u00bb197368&#8243;][vc_column column_width_percent=\u00bb100&#8243; position_vertical=\u00bbmiddle\u00bb gutter_size=\u00bb3&#8243; overlay_alpha=\u00bb50&#8243; shift_x=\u00bb0&#8243; shift_y=\u00bb0&#8243; shift_y_down=\u00bb0&#8243; z_index=\u00bb0&#8243; medium_width=\u00bb3&#8243; mobile_width=\u00bb0&#8243; width=\u00bb5\/12&#8243;][vc_single_image media=\u00bb2925&#8243; media_width_percent=\u00bb100&#8243; shape=\u00bbimg-round\u00bb radius=\u00bbstd\u00bb uncode_shortcode_id=\u00bb709673&#8243;][\/vc_column][vc_column column_width_percent=\u00bb100&#8243; position_vertical=\u00bbmiddle\u00bb gutter_size=\u00bb3&#8243; overlay_alpha=\u00bb50&#8243; shift_x=\u00bb0&#8243; shift_y=\u00bb0&#8243; shift_y_down=\u00bb0&#8243; z_index=\u00bb0&#8243; medium_width=\u00bb3&#8243; mobile_width=\u00bb0&#8243; width=\u00bb7\/12&#8243;][vc_column_text text_lead=\u00bbyes\u00bb uncode_shortcode_id=\u00bb180770&#8243;]Somos una pareja \u00edtalo-bereber, nos llamamos <strong>Said<\/strong> y <strong>Simona<\/strong>. Nuestra historia comienza en 2006 cuando nos encontramos en el desierto, nos enamoramos y, con muchas dificultades pero tambi\u00e9n con mucho entusiasmo, decidimos emprender juntos un camino de vida. Hoy vivimos entre Italia y el desierto y tenemos un peque\u00f1o ni\u00f1o \u00edtalo-bereber que se llama <strong>Mattia<\/strong>, nombre italiano, <strong>Ouabou<\/strong>, apellido bereber.<\/p>\n<p>En 2007, casi por juego, comienza la aventura Maroccotour. Trabajamos con NIF-IVA y estamos regularmente registrados en Italia como consultores tur\u00edsticos. Desde 2007, junto con nuestro amigo y colaborador Hassan, promovemos <strong>viajes a medida en Marruecos<\/strong> para descubrir sus aspectos m\u00e1s aut\u00e9nticos e ins\u00f3litos.[\/vc_column_text][\/vc_column][\/vc_row][vc_row row_height_percent=\u00bb0&#8243; override_padding=\u00bbyes\u00bb h_padding=\u00bb2&#8243; top_padding=\u00bb2&#8243; bottom_padding=\u00bb4&#8243; overlay_alpha=\u00bb50&#8243; equal_height=\u00bbyes\u00bb gutter_size=\u00bb4&#8243; column_width_percent=\u00bb100&#8243; shift_y=\u00bb0&#8243; z_index=\u00bb0&#8243; bottom_divider=\u00bbstep_2_3&#8243; uncode_shortcode_id=\u00bb121032&#8243;][vc_column column_width_percent=\u00bb100&#8243; position_vertical=\u00bbmiddle\u00bb gutter_size=\u00bb3&#8243; overlay_alpha=\u00bb50&#8243; shift_x=\u00bb0&#8243; shift_y=\u00bb0&#8243; shift_y_down=\u00bb0&#8243; z_index=\u00bb0&#8243; medium_width=\u00bb3&#8243; mobile_width=\u00bb0&#8243; width=\u00bb1\/1&#8243;][vc_column_text text_lead=\u00bbyes\u00bb uncode_shortcode_id=\u00bb337015&#8243;]Estamos especializados en viajes y excursiones por el desierto: un lugar m\u00e1gico que siempre ha encantado los ojos y el coraz\u00f3n con sus dunas doradas, sus curvas suaves y sus silencios surrealistas.<br \/>\nSin embargo, tambi\u00e9n ofrecemos <strong>itinerarios por todo Marruecos<\/strong>, desde las ciudades imperiales hasta el mar y la monta\u00f1a.<br \/>\nTodos nuestros <strong>tours son personalizables<\/strong>: pod\u00e9is elegir las fechas, el itinerario y el n\u00famero de personas; nosotros construiremos para vosotros un <strong>itinerario a medida<\/strong> que satisfaga vuestras necesidades.<br \/>\nEstamos convencidos de que incluso un viaje de una semana puede afrontarse con el esp\u00edritu del viajero m\u00e1s que con el del \u201cturista\u201d.[\/vc_column_text][\/vc_column][\/vc_row][vc_row row_height_percent=\u00bb0&#8243; override_padding=\u00bbyes\u00bb h_padding=\u00bb2&#8243; top_padding=\u00bb4&#8243; bottom_padding=\u00bb4&#8243; back_color=\u00bbcolor-911351&#8243; back_image=\u00bb2484&#8243; parallax=\u00bbyes\u00bb overlay_color=\u00bbcolor-911351&#8243; overlay_alpha=\u00bb50&#8243; gutter_size=\u00bb3&#8243; column_width_percent=\u00bb100&#8243; shift_y=\u00bb0&#8243; z_index=\u00bb0&#8243; content_parallax=\u00bb0&#8243; uncode_shortcode_id=\u00bb165131&#8243; back_color_type=\u00bbuncode-palette\u00bb overlay_color_type=\u00bbuncode-palette\u00bb][vc_column column_width_use_pixel=\u00bbyes\u00bb position_vertical=\u00bbmiddle\u00bb align_horizontal=\u00bbalign_center\u00bb gutter_size=\u00bb3&#8243; overlay_alpha=\u00bb50&#8243; shift_x=\u00bb0&#8243; shift_y=\u00bb0&#8243; shift_y_down=\u00bb0&#8243; z_index=\u00bb0&#8243; medium_width=\u00bb0&#8243; mobile_width=\u00bb0&#8243; width=\u00bb1\/1&#8243; column_width_pixel=\u00bb1100&#8243; uncode_shortcode_id=\u00bb192776&#8243;][vc_custom_heading heading_semantic=\u00bbh3&#8243; text_font=\u00bbfont-555555&#8243; text_weight=\u00bb600&#8243; uncode_shortcode_id=\u00bb232660&#8243;]Por eso proponemos viajes aut\u00e9nticos, inspirados en el amor y el respeto por la cultura local y el territorio. Viajes que dejen una huella en el coraz\u00f3n.[\/vc_custom_heading][vc_button button_color=\u00bbaccent\u00bb text_skin=\u00bbyes\u00bb border_width=\u00bb0&#8243; link=\u00bburl:https%3A%2F%2Fmaroccotour.com%2Fes%2Fcontactanos%2F|title:Cont%C3%A1ctanos\u00bb button_color_type=\u00bbuncode-palette\u00bb uncode_shortcode_id=\u00bb182800&#8243;]Cont\u00e1ctanos para saber m\u00e1s.[\/vc_button][\/vc_column][\/vc_row][vc_row row_height_percent=\u00bb0&#8243; override_padding=\u00bbyes\u00bb h_padding=\u00bb2&#8243; top_padding=\u00bb4&#8243; bottom_padding=\u00bb4&#8243; overlay_alpha=\u00bb50&#8243; gutter_size=\u00bb4&#8243; column_width_percent=\u00bb100&#8243; shift_y=\u00bb0&#8243; z_index=\u00bb0&#8243; uncode_shortcode_id=\u00bb564922&#8243;][vc_column column_width_percent=\u00bb100&#8243; align_horizontal=\u00bbalign_center\u00bb gutter_size=\u00bb4&#8243; overlay_alpha=\u00bb50&#8243; shift_x=\u00bb0&#8243; shift_y=\u00bb0&#8243; shift_y_down=\u00bb0&#8243; z_index=\u00bb0&#8243; medium_width=\u00bb0&#8243; mobile_width=\u00bb0&#8243; width=\u00bb1\/1&#8243; uncode_shortcode_id=\u00bb138536&#8243;][vc_row_inner row_inner_height_percent=\u00bb0&#8243; overlay_alpha=\u00bb50&#8243; gutter_size=\u00bb4&#8243; shift_y=\u00bb0&#8243; z_index=\u00bb0&#8243; limit_content=\u00bb\u00bb uncode_shortcode_id=\u00bb134335&#8243;][vc_column_inner column_width_use_pixel=\u00bbyes\u00bb align_horizontal=\u00bbalign_center\u00bb gutter_size=\u00bb2&#8243; overlay_alpha=\u00bb50&#8243; shift_x=\u00bb0&#8243; shift_y=\u00bb0&#8243; shift_y_down=\u00bb0&#8243; z_index=\u00bb0&#8243; medium_width=\u00bb0&#8243; mobile_width=\u00bb0&#8243; width=\u00bb1\/1&#8243; uncode_shortcode_id=\u00bb195978&#8243; column_width_pixel=\u00bb1000&#8243;][vc_custom_heading text_size=\u00bbh1&#8243; uncode_shortcode_id=\u00bb438048&#8243;]A la descubierta de los bereberes[\/vc_custom_heading][vc_column_text text_lead=\u00bbyes\u00bb uncode_shortcode_id=\u00bb851407&#8243;]Nuestros tours, que a menudo tienen como destino principal el desierto Erg Chebbi (Merzouga), son tambi\u00e9n un viaje al descubrimiento de la cultura bereber: un pueblo n\u00f3mada fascinante y hospitalario, que estar\u00e1 encantado de compartir con vosotros su antigua cultura, sus costumbres y un estilo de vida marcado por los ritmos lentos y silenciosos del desierto.<br \/>\nEn el desierto tendr\u00e9is la oportunidad de alojaros en una verdadera <strong>casa bereber<\/strong> y vivir en primera persona la exquisita hospitalidad de este pueblo.[\/vc_column_text][\/vc_column_inner][\/vc_row_inner][vc_separator sep_color=\u00bbcolor-144267&#8243; uncode_shortcode_id=\u00bb143844&#8243; sep_color_type=\u00bbuncode-palette\u00bb el_width=\u00bb60px\u00bb el_height=\u00bb4px\u00bb][vc_empty_space][vc_row_inner row_inner_height_percent=\u00bb0&#8243; overlay_alpha=\u00bb50&#8243; gutter_size=\u00bb3&#8243; shift_y=\u00bb0&#8243; z_index=\u00bb0&#8243; limit_content=\u00bb\u00bb uncode_shortcode_id=\u00bb207106&#8243;][vc_column_inner column_width_percent=\u00bb100&#8243; align_horizontal=\u00bbalign_center\u00bb gutter_size=\u00bb2&#8243; overlay_alpha=\u00bb50&#8243; shift_x=\u00bb0&#8243; shift_y=\u00bb0&#8243; shift_y_down=\u00bb0&#8243; z_index=\u00bb0&#8243; medium_width=\u00bb3&#8243; mobile_width=\u00bb0&#8243; width=\u00bb1\/2&#8243; uncode_shortcode_id=\u00bb194261&#8243;][vc_single_image media=\u00bb2926&#8243; media_width_percent=\u00bb100&#8243; media_ratio=\u00bbfour-three\u00bb shape=\u00bbimg-round\u00bb radius=\u00bbstd\u00bb uncode_shortcode_id=\u00bb161469&#8243;][vc_empty_space empty_h=\u00bb1&#8243;][vc_custom_heading uncode_shortcode_id=\u00bb127120&#8243;]Said[\/vc_custom_heading][vc_column_text uncode_shortcode_id=\u00bb116302&#8243;]Soy un bereber nacido como n\u00f3mada en el desierto Erg Chebbi, cerca de Merzouga. Cuando ten\u00eda unos 7 a\u00f1os mi familia abandon\u00f3 la vida n\u00f3mada a causa de la escasez de lluvias y de pastos. Con muchos sacrificios construimos una peque\u00f1a casa en el peque\u00f1o pueblo de Hassi Labied, frente a las dunas del desierto, a 5 km de Merzouga. Desde ni\u00f1o, para ayudar a mi familia, he trabajado en el turismo aprendiendo as\u00ed varios idiomas: he vendido f\u00f3siles encontrados por mi padre, acompa\u00f1ado a los turistas en excursiones, trabajado en hoteles en el desierto. Hoy vivo en Umbr\u00eda, cuyos ritmos tranquilos se adaptan a mi personalidad, pero paso parte del a\u00f1o en mi amado desierto.[\/vc_column_text][\/vc_column_inner][vc_column_inner column_width_percent=\u00bb100&#8243; align_horizontal=\u00bbalign_center\u00bb gutter_size=\u00bb2&#8243; overlay_alpha=\u00bb50&#8243; shift_x=\u00bb0&#8243; shift_y=\u00bb0&#8243; shift_y_down=\u00bb0&#8243; z_index=\u00bb0&#8243; medium_width=\u00bb3&#8243; mobile_width=\u00bb0&#8243; width=\u00bb1\/2&#8243; uncode_shortcode_id=\u00bb165910&#8243;][vc_single_image media=\u00bb2927&#8243; media_width_percent=\u00bb100&#8243; media_ratio=\u00bbfour-three\u00bb shape=\u00bbimg-round\u00bb radius=\u00bbstd\u00bb uncode_shortcode_id=\u00bb425579&#8243;][vc_empty_space empty_h=\u00bb1&#8243;][vc_custom_heading uncode_shortcode_id=\u00bb171914&#8243;]Simona[\/vc_custom_heading][vc_column_text uncode_shortcode_id=\u00bb145482&#8243;]Soy originaria de Umbr\u00eda, pero siempre me he sentido un poco n\u00f3mada, amante de los viajes y fascinada por culturas diferentes a la m\u00eda. Despu\u00e9s de haber trabajado algunos a\u00f1os en el sector tur\u00edstico, conoc\u00ed a Said en su maravilloso desierto y lo ayud\u00e9 a realizar su sue\u00f1o: crear un sitio de consultor\u00eda para viajes que diera a conocer a todos su extraordinario pa\u00eds y su gente. As\u00ed naci\u00f3 Maroccotour, un sue\u00f1o convertido en una s\u00f3lida realidad que hoy Said gestiona de forma aut\u00f3noma, mientras yo ense\u00f1o ingl\u00e9s \u2014otra de mis pasiones\u2014 en una escuela secundaria. Cada vez que podemos volvemos a Marruecos con nuestro hijo Mattia, que comparte con nosotros el amor por esta tierra aut\u00e9ntica y llena de tesoros. Me gusta pensar que Maroccotour, que he contribuido a hacer nacer, sea un puente entre mi pa\u00eds de origen y Marruecos: un peque\u00f1o paso hacia el conocimiento, la comprensi\u00f3n y la apertura a lo diferente.[\/vc_column_text][\/vc_column_inner][\/vc_row_inner][\/vc_column][\/vc_row]<\/p>\n<\/div>","protected":false},"excerpt":{"rendered":"<p>[vc_row row_height_percent=\u00bb0&#8243; override_padding=\u00bbyes\u00bb h_padding=\u00bb2&#8243; top_padding=\u00bb3&#8243; bottom_padding=\u00bb1&#8243; overlay_alpha=\u00bb50&#8243; equal_height=\u00bbyes\u00bb gutter_size=\u00bb4&#8243; column_width_percent=\u00bb100&#8243; shift_y=\u00bb0&#8243; z_index=\u00bb0&#8243; bottom_divider=\u00bbstep_2_3&#8243; uncode_shortcode_id=\u00bb197368&#8243;][vc_column column_width_percent=\u00bb100&#8243; position_vertical=\u00bbmiddle\u00bb gutter_size=\u00bb3&#8243; overlay_alpha=\u00bb50&#8243; shift_x=\u00bb0&#8243; shift_y=\u00bb0&#8243; [&hellip;]<\/p>\n","protected":false},"author":1,"featured_media":341,"parent":0,"menu_order":0,"comment_status":"closed","ping_status":"closed","template":"","meta":{"footnotes":""},"class_list":["post-2928","page","type-page","status-publish","has-post-thumbnail","hentry"],"yoast_head":"<!-- This site is optimized with the Yoast SEO plugin v27.3 - https:\/\/yoast.com\/product\/yoast-seo-wordpress\/ -->\n<title>Said y Simona - Marocco Tour<\/title>\n<meta name=\"description\" content=\"Somos una pareja \u00edtalo-bereber, desde 2007 promovemos viajes a medida en Marruecos para descubrir sus aspectos m\u00e1s aut\u00e9nticos e ins\u00f3litos.\" \/>\n<meta name=\"robots\" content=\"index, follow, max-snippet:-1, max-image-preview:large, max-video-preview:-1\" \/>\n<link rel=\"canonical\" href=\"https:\/\/maroccotour.com\/es\/quienes-somos\/\" \/>\n<meta property=\"og:locale\" content=\"es_ES\" \/>\n<meta property=\"og:type\" content=\"article\" \/>\n<meta property=\"og:title\" content=\"Said y Simona - Marocco Tour\" \/>\n<meta property=\"og:description\" content=\"Somos una pareja \u00edtalo-bereber, desde 2007 promovemos viajes a medida en Marruecos para descubrir sus aspectos m\u00e1s aut\u00e9nticos e ins\u00f3litos.\" \/>\n<meta property=\"og:url\" content=\"https:\/\/maroccotour.com\/es\/quienes-somos\/\" \/>\n<meta property=\"og:site_name\" content=\"Marocco Tour\" \/>\n<meta property=\"article:publisher\" content=\"https:\/\/www.facebook.com\/maroccotour?fref=ts\" \/>\n<meta property=\"article:modified_time\" content=\"2026-03-15T12:04:28+00:00\" \/>\n<meta property=\"og:image\" content=\"https:\/\/maroccotour.com\/wp-content\/uploads\/2023\/04\/marocco-tour-fb.jpg\" \/>\n\t<meta property=\"og:image:width\" content=\"1200\" \/>\n\t<meta property=\"og:image:height\" content=\"628\" \/>\n\t<meta property=\"og:image:type\" content=\"image\/jpeg\" \/>\n<meta name=\"twitter:card\" content=\"summary_large_image\" \/>\n<meta name=\"twitter:label1\" content=\"Tiempo de lectura\" \/>\n\t<meta name=\"twitter:data1\" content=\"5 minutos\" \/>\n<script type=\"application\/ld+json\" class=\"yoast-schema-graph\">{\"@context\":\"https:\\\/\\\/schema.org\",\"@graph\":[{\"@type\":\"WebPage\",\"@id\":\"https:\\\/\\\/maroccotour.com\\\/es\\\/quienes-somos\\\/\",\"url\":\"https:\\\/\\\/maroccotour.com\\\/es\\\/quienes-somos\\\/\",\"name\":\"Said y Simona - Marocco Tour\",\"isPartOf\":{\"@id\":\"https:\\\/\\\/maroccotour.com\\\/es\\\/#website\"},\"primaryImageOfPage\":{\"@id\":\"https:\\\/\\\/maroccotour.com\\\/es\\\/quienes-somos\\\/#primaryimage\"},\"image\":{\"@id\":\"https:\\\/\\\/maroccotour.com\\\/es\\\/quienes-somos\\\/#primaryimage\"},\"thumbnailUrl\":\"https:\\\/\\\/maroccotour.com\\\/wp-content\\\/uploads\\\/2023\\\/04\\\/marocco-tour-fb.jpg\",\"datePublished\":\"2023-04-02T13:29:01+00:00\",\"dateModified\":\"2026-03-15T12:04:28+00:00\",\"description\":\"Somos una pareja \u00edtalo-bereber, desde 2007 promovemos viajes a medida en Marruecos para descubrir sus aspectos m\u00e1s aut\u00e9nticos e ins\u00f3litos.\",\"breadcrumb\":{\"@id\":\"https:\\\/\\\/maroccotour.com\\\/es\\\/quienes-somos\\\/#breadcrumb\"},\"inLanguage\":\"es\",\"potentialAction\":[{\"@type\":\"ReadAction\",\"target\":[\"https:\\\/\\\/maroccotour.com\\\/es\\\/quienes-somos\\\/\"]}]},{\"@type\":\"ImageObject\",\"inLanguage\":\"es\",\"@id\":\"https:\\\/\\\/maroccotour.com\\\/es\\\/quienes-somos\\\/#primaryimage\",\"url\":\"https:\\\/\\\/maroccotour.com\\\/wp-content\\\/uploads\\\/2023\\\/04\\\/marocco-tour-fb.jpg\",\"contentUrl\":\"https:\\\/\\\/maroccotour.com\\\/wp-content\\\/uploads\\\/2023\\\/04\\\/marocco-tour-fb.jpg\",\"width\":1200,\"height\":628},{\"@type\":\"BreadcrumbList\",\"@id\":\"https:\\\/\\\/maroccotour.com\\\/es\\\/quienes-somos\\\/#breadcrumb\",\"itemListElement\":[{\"@type\":\"ListItem\",\"position\":1,\"name\":\"Home\",\"item\":\"https:\\\/\\\/maroccotour.com\\\/es\\\/\"},{\"@type\":\"ListItem\",\"position\":2,\"name\":\"Qui\u00e9nes somos\"}]},{\"@type\":\"WebSite\",\"@id\":\"https:\\\/\\\/maroccotour.com\\\/es\\\/#website\",\"url\":\"https:\\\/\\\/maroccotour.com\\\/es\\\/\",\"name\":\"MaroccoTour\",\"description\":\"Viaggi nel deserto e in tutto il Marocco\",\"potentialAction\":[{\"@type\":\"SearchAction\",\"target\":{\"@type\":\"EntryPoint\",\"urlTemplate\":\"https:\\\/\\\/maroccotour.com\\\/es\\\/?s={search_term_string}\"},\"query-input\":{\"@type\":\"PropertyValueSpecification\",\"valueRequired\":true,\"valueName\":\"search_term_string\"}}],\"inLanguage\":\"es\"}]}<\/script>\n<!-- \/ Yoast SEO plugin. -->","yoast_head_json":{"title":"Said y Simona - Marocco Tour","description":"Somos una pareja \u00edtalo-bereber, desde 2007 promovemos viajes a medida en Marruecos para descubrir sus aspectos m\u00e1s aut\u00e9nticos e ins\u00f3litos.","robots":{"index":"index","follow":"follow","max-snippet":"max-snippet:-1","max-image-preview":"max-image-preview:large","max-video-preview":"max-video-preview:-1"},"canonical":"https:\/\/maroccotour.com\/es\/quienes-somos\/","og_locale":"es_ES","og_type":"article","og_title":"Said y Simona - Marocco Tour","og_description":"Somos una pareja \u00edtalo-bereber, desde 2007 promovemos viajes a medida en Marruecos para descubrir sus aspectos m\u00e1s aut\u00e9nticos e ins\u00f3litos.","og_url":"https:\/\/maroccotour.com\/es\/quienes-somos\/","og_site_name":"Marocco Tour","article_publisher":"https:\/\/www.facebook.com\/maroccotour?fref=ts","article_modified_time":"2026-03-15T12:04:28+00:00","og_image":[{"width":1200,"height":628,"url":"https:\/\/maroccotour.com\/wp-content\/uploads\/2023\/04\/marocco-tour-fb.jpg","type":"image\/jpeg"}],"twitter_card":"summary_large_image","twitter_misc":{"Tiempo de lectura":"5 minutos"},"schema":{"@context":"https:\/\/schema.org","@graph":[{"@type":"WebPage","@id":"https:\/\/maroccotour.com\/es\/quienes-somos\/","url":"https:\/\/maroccotour.com\/es\/quienes-somos\/","name":"Said y Simona - Marocco Tour","isPartOf":{"@id":"https:\/\/maroccotour.com\/es\/#website"},"primaryImageOfPage":{"@id":"https:\/\/maroccotour.com\/es\/quienes-somos\/#primaryimage"},"image":{"@id":"https:\/\/maroccotour.com\/es\/quienes-somos\/#primaryimage"},"thumbnailUrl":"https:\/\/maroccotour.com\/wp-content\/uploads\/2023\/04\/marocco-tour-fb.jpg","datePublished":"2023-04-02T13:29:01+00:00","dateModified":"2026-03-15T12:04:28+00:00","description":"Somos una pareja \u00edtalo-bereber, desde 2007 promovemos viajes a medida en Marruecos para descubrir sus aspectos m\u00e1s aut\u00e9nticos e ins\u00f3litos.","breadcrumb":{"@id":"https:\/\/maroccotour.com\/es\/quienes-somos\/#breadcrumb"},"inLanguage":"es","potentialAction":[{"@type":"ReadAction","target":["https:\/\/maroccotour.com\/es\/quienes-somos\/"]}]},{"@type":"ImageObject","inLanguage":"es","@id":"https:\/\/maroccotour.com\/es\/quienes-somos\/#primaryimage","url":"https:\/\/maroccotour.com\/wp-content\/uploads\/2023\/04\/marocco-tour-fb.jpg","contentUrl":"https:\/\/maroccotour.com\/wp-content\/uploads\/2023\/04\/marocco-tour-fb.jpg","width":1200,"height":628},{"@type":"BreadcrumbList","@id":"https:\/\/maroccotour.com\/es\/quienes-somos\/#breadcrumb","itemListElement":[{"@type":"ListItem","position":1,"name":"Home","item":"https:\/\/maroccotour.com\/es\/"},{"@type":"ListItem","position":2,"name":"Qui\u00e9nes somos"}]},{"@type":"WebSite","@id":"https:\/\/maroccotour.com\/es\/#website","url":"https:\/\/maroccotour.com\/es\/","name":"MaroccoTour","description":"Viaggi nel deserto e in tutto il Marocco","potentialAction":[{"@type":"SearchAction","target":{"@type":"EntryPoint","urlTemplate":"https:\/\/maroccotour.com\/es\/?s={search_term_string}"},"query-input":{"@type":"PropertyValueSpecification","valueRequired":true,"valueName":"search_term_string"}}],"inLanguage":"es"}]}},"_links":{"self":[{"href":"https:\/\/maroccotour.com\/es\/wp-json\/wp\/v2\/pages\/2928","targetHints":{"allow":["GET"]}}],"collection":[{"href":"https:\/\/maroccotour.com\/es\/wp-json\/wp\/v2\/pages"}],"about":[{"href":"https:\/\/maroccotour.com\/es\/wp-json\/wp\/v2\/types\/page"}],"author":[{"embeddable":true,"href":"https:\/\/maroccotour.com\/es\/wp-json\/wp\/v2\/users\/1"}],"replies":[{"embeddable":true,"href":"https:\/\/maroccotour.com\/es\/wp-json\/wp\/v2\/comments?post=2928"}],"version-history":[{"count":4,"href":"https:\/\/maroccotour.com\/es\/wp-json\/wp\/v2\/pages\/2928\/revisions"}],"predecessor-version":[{"id":3165,"href":"https:\/\/maroccotour.com\/es\/wp-json\/wp\/v2\/pages\/2928\/revisions\/3165"}],"wp:featuredmedia":[{"embeddable":true,"href":"https:\/\/maroccotour.com\/es\/wp-json\/wp\/v2\/media\/341"}],"wp:attachment":[{"href":"https:\/\/maroccotour.com\/es\/wp-json\/wp\/v2\/media?parent=2928"}],"curies":[{"name":"wp","href":"https:\/\/api.w.org\/{rel}","templated":true}]}}