{"id":2943,"date":"2023-04-02T18:42:19","date_gmt":"2023-04-02T18:42:19","guid":{"rendered":"https:\/\/maroccotour.com\/ciudades-imperiales\/"},"modified":"2026-03-14T15:17:01","modified_gmt":"2026-03-14T15:17:01","slug":"ciudades-imperiales","status":"publish","type":"page","link":"https:\/\/maroccotour.com\/es\/destinos-y-alojamientos\/ciudades-imperiales\/","title":{"rendered":"Ciudades imperiales"},"content":{"rendered":"<div class=\"wpb-content-wrapper\"><p>[vc_row row_height_percent=\u00bb0&#8243; override_padding=\u00bbyes\u00bb h_padding=\u00bb2&#8243; top_padding=\u00bb3&#8243; bottom_padding=\u00bb3&#8243; overlay_alpha=\u00bb100&#8243; gutter_size=\u00bb3&#8243; column_width_percent=\u00bb100&#8243; shift_y=\u00bb0&#8243; z_index=\u00bb0&#8243; row_height_use_pixel=\u00bb\u00bb uncode_shortcode_id=\u00bb133738&#8243;][vc_column column_width_use_pixel=\u00bbyes\u00bb gutter_size=\u00bb3&#8243; overlay_alpha=\u00bb50&#8243; shift_x=\u00bb0&#8243; shift_y=\u00bb0&#8243; medium_width=\u00bb0&#8243; zoom_width=\u00bb0&#8243; zoom_height=\u00bb0&#8243; column_width_pixel=\u00bb800&#8243;][vc_column_text uncode_shortcode_id=\u00bb106575&#8243;]El desierto Erg Chebbi, cerca de Merzouga, es la zona del Sahara marroqu\u00ed caracterizada por majestuosas dunas de arena de incre\u00edbles colores: del rojo al naranja, del beige al oro. Es uno de los espect\u00e1culos m\u00e1s fascinantes de la Naturaleza, una dimensi\u00f3n completamente distinta, un lugar m\u00e1gico, silencioso, espiritual.<\/p>\n<p>Puntos vitales de este Pa\u00eds, su alma es la Medina, el antiguo centro hist\u00f3rico generalmente encerrado por murallas: una zona llena de energ\u00eda, animaci\u00f3n, tr\u00e1fico, comercios, colores y olores, en la que la confusi\u00f3n y el calor, especialmente en verano, pueden llegar a ser insoportables. La mejor manera de disfrutar plenamente de la atm\u00f3sfera de las fascinantes ciudades imperiales es, sin duda, sumergirse en el frenes\u00ed de sus medinas para luego regenerarse con una estancia en un riad. El <strong>Riad<\/strong>, que en \u00e1rabe significa \u201cjard\u00edn\u201d, es la t\u00edpica residencia noble construida alrededor de un patio central en el que normalmente, aunque no siempre hoy en d\u00eda, se encuentra vegetaci\u00f3n y una fuente de agua para refrescarse. Al entrar en un riad, despu\u00e9s de haber recorrido las bulliciosas calles de la ciudad, se tiene la impresi\u00f3n de entrar en otra dimensi\u00f3n hecha de paz, tranquilidad y silencio. Los riads suelen estar adornados con decoraciones de cer\u00e1mica y estuco y tienen una terraza panor\u00e1mica. Existen miles de riads hoy restaurados y convertidos en hoteles, para todos los gustos y para todos los bolsillos, desde el m\u00e1s sencillo hasta el de super lujo.[\/vc_column_text][vc_row_inner][vc_column_inner width=\u00bb1\/2&#8243;][vc_single_image media=\u00bb2940&#8243; media_width_percent=\u00bb100&#8243; shape=\u00bbimg-round\u00bb uncode_shortcode_id=\u00bb738952&#8243;][\/vc_column_inner][vc_column_inner width=\u00bb1\/2&#8243;][vc_single_image media=\u00bb2941&#8243; media_width_percent=\u00bb100&#8243; shape=\u00bbimg-round\u00bb uncode_shortcode_id=\u00bb392386&#8243;][\/vc_column_inner][\/vc_row_inner][vc_column_text uncode_shortcode_id=\u00bb125282&#8243;]En las ciudades y, en particular en Fez, una experiencia que no hay que perderse es la de relajarse y regenerarse en los tradicionales hammam. Pod\u00e9is elegir entre los p\u00fablicos, utilizados sobre todo por la poblaci\u00f3n local y en los que mujeres y hombres est\u00e1n separados, o los m\u00e1s lujosos de hoteles o centros de bienestar.<\/p>\n<p>Muchos de nuestros itinerarios parten de <strong>Marrakech<\/strong>, la ciudad de las murallas rojas, ca\u00f3tica, cosmopolita y colorida: la \u201csumma\u201d de este pa\u00eds de mil rostros. Punto central, en la medina, la extraordinaria plaza Djema el Fna, que a cualquier hora del d\u00eda y de la noche ofrece un espect\u00e1culo de incre\u00edble actividad: inolvidables sus puestos con las mercanc\u00edas m\u00e1s improbables, desde dentaduras postizas hasta filtros de amor, sus fun\u00e1mbulos y los cuentacuentos, su alegr\u00eda contagiosa que tiene el sabor de una antigua y concurrida plaza medieval. Imperdible: un t\u00e9 a la menta al atardecer en una de las terrazas con vista a la Plaza.[\/vc_column_text][\/vc_column][\/vc_row][vc_row row_height_percent=\u00bb0&#8243; override_padding=\u00bbyes\u00bb h_padding=\u00bb2&#8243; top_padding=\u00bb0&#8243; bottom_padding=\u00bb0&#8243; overlay_alpha=\u00bb100&#8243; gutter_size=\u00bb3&#8243; column_width_percent=\u00bb100&#8243; shift_y=\u00bb0&#8243; z_index=\u00bb0&#8243; row_height_use_pixel=\u00bb\u00bb][vc_column column_width_use_pixel=\u00bbyes\u00bb gutter_size=\u00bb3&#8243; overlay_alpha=\u00bb50&#8243; shift_x=\u00bb0&#8243; shift_y=\u00bb0&#8243; medium_width=\u00bb0&#8243; zoom_width=\u00bb0&#8243; zoom_height=\u00bb0&#8243; width=\u00bb5\/6&#8243;][vc_single_image media=\u00bb2942&#8243; media_width_percent=\u00bb100&#8243; media_ratio=\u00bbthree-two\u00bb shape=\u00bbimg-round\u00bb media_title_uppercase=\u00bb\u00bb uncode_shortcode_id=\u00bb148018&#8243;][\/vc_column][vc_column column_width_percent=\u00bb100&#8243; gutter_size=\u00bb3&#8243; overlay_alpha=\u00bb50&#8243; shift_x=\u00bb0&#8243; shift_y=\u00bb0&#8243; medium_width=\u00bb0&#8243; zoom_width=\u00bb0&#8243; zoom_height=\u00bb0&#8243; width=\u00bb1\/6&#8243;][vc_column_text uncode_shortcode_id=\u00bb160486&#8243;]Las ciudades imperiales, Marrakech, Rabat, Fez, Meknes.[\/vc_column_text][\/vc_column][\/vc_row][vc_row row_height_percent=\u00bb0&#8243; override_padding=\u00bbyes\u00bb h_padding=\u00bb2&#8243; top_padding=\u00bb3&#8243; bottom_padding=\u00bb4&#8243; overlay_alpha=\u00bb100&#8243; gutter_size=\u00bb3&#8243; column_width_percent=\u00bb100&#8243; shift_y=\u00bb0&#8243; z_index=\u00bb0&#8243; row_height_use_pixel=\u00bb\u00bb uncode_shortcode_id=\u00bb139272&#8243;][vc_column column_width_use_pixel=\u00bbyes\u00bb gutter_size=\u00bb3&#8243; overlay_alpha=\u00bb50&#8243; shift_x=\u00bb0&#8243; shift_y=\u00bb0&#8243; medium_width=\u00bb0&#8243; zoom_width=\u00bb0&#8243; zoom_height=\u00bb0&#8243; column_width_pixel=\u00bb800&#8243;][vc_column_text uncode_shortcode_id=\u00bb318209&#8243;]<strong>Fez<\/strong>, ciudad santa, capital cultural y religiosa de Marruecos, con sus murallas claras que al atardecer se encienden con tonos dorados, es rica en monumentos y palacios de gran inter\u00e9s. Pero la atracci\u00f3n m\u00e1s extraordinaria es sin duda su Medina. Con sus miles de intrincados callejones y estrechas callejuelas llenas de vida, es la m\u00e1s animada y tradicional del Pa\u00eds: un verdadero laberinto de maravillas. Imperdible: una visita a las sugestivas curtidur\u00edas y un t\u00e9 en una terraza cuando el muec\u00edn al atardecer entona la oraci\u00f3n de la tarde que resuena desde mil minaretes.<\/p>\n<p><strong>Meknes<\/strong>, ciudad elegante y refinada, es rica en monumentos: las puertas, los palacios, las albercas de agua, los antiguos graneros, las caballerizas reales. En Meknes se respira una atm\u00f3sfera relajada y al mismo tiempo moderna y animada que invita a pasear y saborear con tranquilidad, entre un t\u00e9 a la menta y otro, sus bellezas: desde el pintoresco souk hasta la gran plaza principal, desde la monumental Puerta Bab Mansour hasta los numerosos monumentos hist\u00f3ricos.<\/p>\n<p><strong>Rabat<\/strong>. Capital del pa\u00eds, es la m\u00e1s moderna y tranquila de las ciudades imperiales, rica en sitios de inter\u00e9s hist\u00f3rico (la Chellah, la Torre de Hassan, el Mausoleo de Mohamed V, los hermosos jardines). Imperdible la kasbah Oudayas, una ciudad fortificada dentro de la ciudad, con las caracter\u00edsticas murallas blancas y azules, encantadoras callejuelas y peque\u00f1os caf\u00e9s con vistas al mar, con una vista impresionante sobre el oc\u00e9ano circundante. Quien quiera conocer una cara diferente de Marruecos puede divertirse explorando la Ville Nouvelle (la ciudad nueva), moderna e internacional.[\/vc_column_text][\/vc_column][\/vc_row]<\/p>\n<\/div>","protected":false},"excerpt":{"rendered":"<p>[vc_row row_height_percent=\u00bb0&#8243; override_padding=\u00bbyes\u00bb h_padding=\u00bb2&#8243; top_padding=\u00bb3&#8243; bottom_padding=\u00bb3&#8243; overlay_alpha=\u00bb100&#8243; gutter_size=\u00bb3&#8243; column_width_percent=\u00bb100&#8243; shift_y=\u00bb0&#8243; z_index=\u00bb0&#8243; row_height_use_pixel=\u00bb\u00bb uncode_shortcode_id=\u00bb133738&#8243;][vc_column column_width_use_pixel=\u00bbyes\u00bb gutter_size=\u00bb3&#8243; overlay_alpha=\u00bb50&#8243; shift_x=\u00bb0&#8243; shift_y=\u00bb0&#8243; medium_width=\u00bb0&#8243; zoom_width=\u00bb0&#8243; [&hellip;]<\/p>\n","protected":false},"author":1,"featured_media":341,"parent":2951,"menu_order":0,"comment_status":"closed","ping_status":"closed","template":"","meta":{"footnotes":""},"class_list":["post-2943","page","type-page","status-publish","has-post-thumbnail","hentry"],"yoast_head":"<!-- This site is optimized with the Yoast SEO plugin v27.3 - https:\/\/yoast.com\/product\/yoast-seo-wordpress\/ -->\n<title>Ciudades imperiales - Marocco Tour<\/title>\n<meta name=\"description\" content=\"Os llevamos a descubrir la magia de las ciudades imperiales, Marrakech, Rabat, Fez, Meknes, pasando entre las majestuosas dunas de arena.\" \/>\n<meta name=\"robots\" content=\"index, follow, max-snippet:-1, max-image-preview:large, max-video-preview:-1\" \/>\n<link rel=\"canonical\" href=\"https:\/\/maroccotour.com\/es\/destinos-y-alojamientos\/ciudades-imperiales\/\" \/>\n<meta property=\"og:locale\" content=\"es_ES\" \/>\n<meta property=\"og:type\" content=\"article\" \/>\n<meta property=\"og:title\" content=\"Ciudades imperiales - Marocco Tour\" \/>\n<meta property=\"og:description\" content=\"Os llevamos a descubrir la magia de las ciudades imperiales, Marrakech, Rabat, Fez, Meknes, pasando entre las majestuosas dunas de arena.\" \/>\n<meta property=\"og:url\" content=\"https:\/\/maroccotour.com\/es\/destinos-y-alojamientos\/ciudades-imperiales\/\" \/>\n<meta property=\"og:site_name\" content=\"Marocco Tour\" \/>\n<meta property=\"article:publisher\" content=\"https:\/\/www.facebook.com\/maroccotour?fref=ts\" \/>\n<meta property=\"article:modified_time\" content=\"2026-03-14T15:17:01+00:00\" \/>\n<meta property=\"og:image\" content=\"https:\/\/maroccotour.com\/wp-content\/uploads\/2023\/04\/marocco-tour-fb.jpg\" \/>\n\t<meta property=\"og:image:width\" content=\"1200\" \/>\n\t<meta property=\"og:image:height\" content=\"628\" \/>\n\t<meta property=\"og:image:type\" content=\"image\/jpeg\" \/>\n<meta name=\"twitter:card\" content=\"summary_large_image\" \/>\n<meta name=\"twitter:label1\" content=\"Tiempo de lectura\" \/>\n\t<meta name=\"twitter:data1\" content=\"5 minutos\" \/>\n<script type=\"application\/ld+json\" class=\"yoast-schema-graph\">{\"@context\":\"https:\\\/\\\/schema.org\",\"@graph\":[{\"@type\":\"WebPage\",\"@id\":\"https:\\\/\\\/maroccotour.com\\\/es\\\/destinos-y-alojamientos\\\/ciudades-imperiales\\\/\",\"url\":\"https:\\\/\\\/maroccotour.com\\\/es\\\/destinos-y-alojamientos\\\/ciudades-imperiales\\\/\",\"name\":\"Ciudades imperiales - Marocco Tour\",\"isPartOf\":{\"@id\":\"https:\\\/\\\/maroccotour.com\\\/es\\\/#website\"},\"primaryImageOfPage\":{\"@id\":\"https:\\\/\\\/maroccotour.com\\\/es\\\/destinos-y-alojamientos\\\/ciudades-imperiales\\\/#primaryimage\"},\"image\":{\"@id\":\"https:\\\/\\\/maroccotour.com\\\/es\\\/destinos-y-alojamientos\\\/ciudades-imperiales\\\/#primaryimage\"},\"thumbnailUrl\":\"https:\\\/\\\/maroccotour.com\\\/wp-content\\\/uploads\\\/2023\\\/04\\\/marocco-tour-fb.jpg\",\"datePublished\":\"2023-04-02T18:42:19+00:00\",\"dateModified\":\"2026-03-14T15:17:01+00:00\",\"description\":\"Os llevamos a descubrir la magia de las ciudades imperiales, Marrakech, Rabat, Fez, Meknes, pasando entre las majestuosas dunas de arena.\",\"breadcrumb\":{\"@id\":\"https:\\\/\\\/maroccotour.com\\\/es\\\/destinos-y-alojamientos\\\/ciudades-imperiales\\\/#breadcrumb\"},\"inLanguage\":\"es\",\"potentialAction\":[{\"@type\":\"ReadAction\",\"target\":[\"https:\\\/\\\/maroccotour.com\\\/es\\\/destinos-y-alojamientos\\\/ciudades-imperiales\\\/\"]}]},{\"@type\":\"ImageObject\",\"inLanguage\":\"es\",\"@id\":\"https:\\\/\\\/maroccotour.com\\\/es\\\/destinos-y-alojamientos\\\/ciudades-imperiales\\\/#primaryimage\",\"url\":\"https:\\\/\\\/maroccotour.com\\\/wp-content\\\/uploads\\\/2023\\\/04\\\/marocco-tour-fb.jpg\",\"contentUrl\":\"https:\\\/\\\/maroccotour.com\\\/wp-content\\\/uploads\\\/2023\\\/04\\\/marocco-tour-fb.jpg\",\"width\":1200,\"height\":628},{\"@type\":\"BreadcrumbList\",\"@id\":\"https:\\\/\\\/maroccotour.com\\\/es\\\/destinos-y-alojamientos\\\/ciudades-imperiales\\\/#breadcrumb\",\"itemListElement\":[{\"@type\":\"ListItem\",\"position\":1,\"name\":\"Home\",\"item\":\"https:\\\/\\\/maroccotour.com\\\/es\\\/\"},{\"@type\":\"ListItem\",\"position\":2,\"name\":\"Destinos y alojamientos\",\"item\":\"https:\\\/\\\/maroccotour.com\\\/es\\\/destinos-y-alojamientos\\\/\"},{\"@type\":\"ListItem\",\"position\":3,\"name\":\"Ciudades imperiales\"}]},{\"@type\":\"WebSite\",\"@id\":\"https:\\\/\\\/maroccotour.com\\\/es\\\/#website\",\"url\":\"https:\\\/\\\/maroccotour.com\\\/es\\\/\",\"name\":\"MaroccoTour\",\"description\":\"Viaggi nel deserto e in tutto il Marocco\",\"potentialAction\":[{\"@type\":\"SearchAction\",\"target\":{\"@type\":\"EntryPoint\",\"urlTemplate\":\"https:\\\/\\\/maroccotour.com\\\/es\\\/?s={search_term_string}\"},\"query-input\":{\"@type\":\"PropertyValueSpecification\",\"valueRequired\":true,\"valueName\":\"search_term_string\"}}],\"inLanguage\":\"es\"}]}<\/script>\n<!-- \/ Yoast SEO plugin. -->","yoast_head_json":{"title":"Ciudades imperiales - Marocco Tour","description":"Os llevamos a descubrir la magia de las ciudades imperiales, Marrakech, Rabat, Fez, Meknes, pasando entre las majestuosas dunas de arena.","robots":{"index":"index","follow":"follow","max-snippet":"max-snippet:-1","max-image-preview":"max-image-preview:large","max-video-preview":"max-video-preview:-1"},"canonical":"https:\/\/maroccotour.com\/es\/destinos-y-alojamientos\/ciudades-imperiales\/","og_locale":"es_ES","og_type":"article","og_title":"Ciudades imperiales - Marocco Tour","og_description":"Os llevamos a descubrir la magia de las ciudades imperiales, Marrakech, Rabat, Fez, Meknes, pasando entre las majestuosas dunas de arena.","og_url":"https:\/\/maroccotour.com\/es\/destinos-y-alojamientos\/ciudades-imperiales\/","og_site_name":"Marocco Tour","article_publisher":"https:\/\/www.facebook.com\/maroccotour?fref=ts","article_modified_time":"2026-03-14T15:17:01+00:00","og_image":[{"width":1200,"height":628,"url":"https:\/\/maroccotour.com\/wp-content\/uploads\/2023\/04\/marocco-tour-fb.jpg","type":"image\/jpeg"}],"twitter_card":"summary_large_image","twitter_misc":{"Tiempo de lectura":"5 minutos"},"schema":{"@context":"https:\/\/schema.org","@graph":[{"@type":"WebPage","@id":"https:\/\/maroccotour.com\/es\/destinos-y-alojamientos\/ciudades-imperiales\/","url":"https:\/\/maroccotour.com\/es\/destinos-y-alojamientos\/ciudades-imperiales\/","name":"Ciudades imperiales - Marocco Tour","isPartOf":{"@id":"https:\/\/maroccotour.com\/es\/#website"},"primaryImageOfPage":{"@id":"https:\/\/maroccotour.com\/es\/destinos-y-alojamientos\/ciudades-imperiales\/#primaryimage"},"image":{"@id":"https:\/\/maroccotour.com\/es\/destinos-y-alojamientos\/ciudades-imperiales\/#primaryimage"},"thumbnailUrl":"https:\/\/maroccotour.com\/wp-content\/uploads\/2023\/04\/marocco-tour-fb.jpg","datePublished":"2023-04-02T18:42:19+00:00","dateModified":"2026-03-14T15:17:01+00:00","description":"Os llevamos a descubrir la magia de las ciudades imperiales, Marrakech, Rabat, Fez, Meknes, pasando entre las majestuosas dunas de arena.","breadcrumb":{"@id":"https:\/\/maroccotour.com\/es\/destinos-y-alojamientos\/ciudades-imperiales\/#breadcrumb"},"inLanguage":"es","potentialAction":[{"@type":"ReadAction","target":["https:\/\/maroccotour.com\/es\/destinos-y-alojamientos\/ciudades-imperiales\/"]}]},{"@type":"ImageObject","inLanguage":"es","@id":"https:\/\/maroccotour.com\/es\/destinos-y-alojamientos\/ciudades-imperiales\/#primaryimage","url":"https:\/\/maroccotour.com\/wp-content\/uploads\/2023\/04\/marocco-tour-fb.jpg","contentUrl":"https:\/\/maroccotour.com\/wp-content\/uploads\/2023\/04\/marocco-tour-fb.jpg","width":1200,"height":628},{"@type":"BreadcrumbList","@id":"https:\/\/maroccotour.com\/es\/destinos-y-alojamientos\/ciudades-imperiales\/#breadcrumb","itemListElement":[{"@type":"ListItem","position":1,"name":"Home","item":"https:\/\/maroccotour.com\/es\/"},{"@type":"ListItem","position":2,"name":"Destinos y alojamientos","item":"https:\/\/maroccotour.com\/es\/destinos-y-alojamientos\/"},{"@type":"ListItem","position":3,"name":"Ciudades imperiales"}]},{"@type":"WebSite","@id":"https:\/\/maroccotour.com\/es\/#website","url":"https:\/\/maroccotour.com\/es\/","name":"MaroccoTour","description":"Viaggi nel deserto e in tutto il Marocco","potentialAction":[{"@type":"SearchAction","target":{"@type":"EntryPoint","urlTemplate":"https:\/\/maroccotour.com\/es\/?s={search_term_string}"},"query-input":{"@type":"PropertyValueSpecification","valueRequired":true,"valueName":"search_term_string"}}],"inLanguage":"es"}]}},"_links":{"self":[{"href":"https:\/\/maroccotour.com\/es\/wp-json\/wp\/v2\/pages\/2943","targetHints":{"allow":["GET"]}}],"collection":[{"href":"https:\/\/maroccotour.com\/es\/wp-json\/wp\/v2\/pages"}],"about":[{"href":"https:\/\/maroccotour.com\/es\/wp-json\/wp\/v2\/types\/page"}],"author":[{"embeddable":true,"href":"https:\/\/maroccotour.com\/es\/wp-json\/wp\/v2\/users\/1"}],"replies":[{"embeddable":true,"href":"https:\/\/maroccotour.com\/es\/wp-json\/wp\/v2\/comments?post=2943"}],"version-history":[{"count":3,"href":"https:\/\/maroccotour.com\/es\/wp-json\/wp\/v2\/pages\/2943\/revisions"}],"predecessor-version":[{"id":2946,"href":"https:\/\/maroccotour.com\/es\/wp-json\/wp\/v2\/pages\/2943\/revisions\/2946"}],"up":[{"embeddable":true,"href":"https:\/\/maroccotour.com\/es\/wp-json\/wp\/v2\/pages\/2951"}],"wp:featuredmedia":[{"embeddable":true,"href":"https:\/\/maroccotour.com\/es\/wp-json\/wp\/v2\/media\/341"}],"wp:attachment":[{"href":"https:\/\/maroccotour.com\/es\/wp-json\/wp\/v2\/media?parent=2943"}],"curies":[{"name":"wp","href":"https:\/\/api.w.org\/{rel}","templated":true}]}}