{"id":2951,"date":"2023-04-02T13:29:54","date_gmt":"2023-04-02T13:29:54","guid":{"rendered":"https:\/\/maroccotour.com\/destinos-y-alojamientos\/"},"modified":"2026-03-15T12:06:43","modified_gmt":"2026-03-15T12:06:43","slug":"destinos-y-alojamientos","status":"publish","type":"page","link":"https:\/\/maroccotour.com\/es\/destinos-y-alojamientos\/","title":{"rendered":"Destinos y alojamientos"},"content":{"rendered":"<div class=\"wpb-content-wrapper\"><p>[vc_row row_height_percent=\u00bb0&#8243; override_padding=\u00bbyes\u00bb h_padding=\u00bb2&#8243; top_padding=\u00bb3&#8243; bottom_padding=\u00bb2&#8243; overlay_alpha=\u00bb50&#8243; gutter_size=\u00bb3&#8243; column_width_percent=\u00bb100&#8243; shift_y=\u00bb0&#8243; z_index=\u00bb0&#8243; uncode_shortcode_id=\u00bb126750&#8243;][vc_column width=\u00bb1\/1&#8243;][vc_column_text uncode_shortcode_id=\u00bb727895&#8243;]Marruecos es un pa\u00eds colorido y de mil rostros. Ex\u00f3tico, m\u00e1gico, fascinante, envuelve y conquista al viajero en un caleidoscopio de olores, colores y sensaciones.<br \/>\nEs un pa\u00eds de mil paisajes: el oc\u00e9ano, la monta\u00f1a, los oasis de frondosos palmerales, el desierto, las kasbah, las animad\u00edsimas ciudades. Una variedad que lo convierte en un lugar capaz de llenar de maravilla y asombro.<\/p>\n<p>Para haceros entrar plenamente en sus m\u00e1gicas atm\u00f3sferas os proponemos alojaros en t\u00edpicas residencias locales decoradas con exquisito estilo marroqu\u00ed. Cada lugar tiene su alojamiento caracter\u00edstico: los <strong>riads <\/strong>en las ciudades, las <strong>kasbah <\/strong>en el sur, la <strong>casa bereber<\/strong> en el pueblo, la <strong>tienda entre las dunas<\/strong>.<\/p>\n<p>Descubre los destinos m\u00e1s interesantes y los alojamientos caracter\u00edsticos de cada lugar.[\/vc_column_text][\/vc_column][\/vc_row][vc_row row_height_percent=\u00bb0&#8243; override_padding=\u00bbyes\u00bb h_padding=\u00bb2&#8243; top_padding=\u00bb2&#8243; bottom_padding=\u00bb4&#8243; overlay_alpha=\u00bb50&#8243; gutter_size=\u00bb2&#8243; column_width_percent=\u00bb100&#8243; shift_y=\u00bb0&#8243; z_index=\u00bb0&#8243; uncode_shortcode_id=\u00bb209555&#8243;][vc_column column_width_percent=\u00bb100&#8243; gutter_size=\u00bb3&#8243; overlay_alpha=\u00bb50&#8243; shift_x=\u00bb0&#8243; shift_y=\u00bb0&#8243; shift_y_down=\u00bb0&#8243; z_index=\u00bb0&#8243; medium_width=\u00bb4&#8243; mobile_width=\u00bb7&#8243; width=\u00bb1\/4&#8243; uncode_shortcode_id=\u00bb190030&#8243;][vc_single_image media=\u00bb2947&#8243; media_width_percent=\u00bb100&#8243; media_ratio=\u00bbthree-four\u00bb shape=\u00bbimg-round\u00bb advanced=\u00bbyes\u00bb media_items=\u00bbmedia|original,title\u00bb media_overlay_color=\u00bbcolor-wayh\u00bb media_overlay_opacity=\u00bb20&#8243; media_overlay_visible=\u00bbyes\u00bb media_overlay_anim=\u00bbno\u00bb media_text_visible=\u00bbyes\u00bb media_text_anim=\u00bbno\u00bb media_h_align=\u00bbcenter\u00bb media_padding=\u00bb2&#8243; media_title_dimension=\u00bbh3&#8243; single_image_anim_move=\u00bbyes\u00bb media_title_custom=\u00bbDeserto\u00bb media_link=\u00bburl:https%3A%2F%2Fmaroccotour.com%2Fes%2Fdestinos-y-alojamientos%2Fdesierto%2F|title:Deserto\u00bb media_subtitle_custom=\u00bbTagline\u00bb uncode_shortcode_id=\u00bb165866&#8243; media_overlay_color_type=\u00bbuncode-palette\u00bb][\/vc_column][vc_column column_width_percent=\u00bb100&#8243; gutter_size=\u00bb3&#8243; overlay_alpha=\u00bb50&#8243; shift_x=\u00bb0&#8243; shift_y=\u00bb0&#8243; shift_y_down=\u00bb0&#8243; z_index=\u00bb0&#8243; medium_width=\u00bb4&#8243; mobile_width=\u00bb7&#8243; width=\u00bb1\/4&#8243; uncode_shortcode_id=\u00bb499146&#8243;][vc_single_image media=\u00bb2948&#8243; media_width_percent=\u00bb100&#8243; media_ratio=\u00bbthree-four\u00bb shape=\u00bbimg-round\u00bb advanced=\u00bbyes\u00bb media_items=\u00bbmedia|original,title\u00bb media_overlay_color=\u00bbcolor-wayh\u00bb media_overlay_opacity=\u00bb20&#8243; media_overlay_visible=\u00bbyes\u00bb media_overlay_anim=\u00bbno\u00bb media_text_visible=\u00bbyes\u00bb media_text_anim=\u00bbno\u00bb media_h_align=\u00bbcenter\u00bb media_padding=\u00bb2&#8243; media_title_dimension=\u00bbh3&#8243; single_image_anim_move=\u00bbyes\u00bb media_title_custom=\u00bbIl sud: oasi e Kasbah\u00bb media_link=\u00bburl:https%3A%2F%2Fmaroccotour.com%2Fes%2Fdestinos-y-alojamientos%2Fel-sur-oasis-y-kasbah%2F|title:Il%20sud%3A%20oasi%20e%20Kasbah\u00bb media_subtitle_custom=\u00bbTagline\u00bb uncode_shortcode_id=\u00bb187414&#8243; media_overlay_color_type=\u00bbuncode-palette\u00bb][\/vc_column][vc_column column_width_percent=\u00bb100&#8243; gutter_size=\u00bb3&#8243; overlay_alpha=\u00bb50&#8243; shift_x=\u00bb0&#8243; shift_y=\u00bb0&#8243; shift_y_down=\u00bb0&#8243; z_index=\u00bb0&#8243; medium_width=\u00bb4&#8243; mobile_width=\u00bb7&#8243; width=\u00bb1\/4&#8243; uncode_shortcode_id=\u00bb213725&#8243;][vc_single_image media=\u00bb2949&#8243; media_width_percent=\u00bb100&#8243; media_ratio=\u00bbthree-four\u00bb shape=\u00bbimg-round\u00bb advanced=\u00bbyes\u00bb media_items=\u00bbmedia|original,title\u00bb media_overlay_color=\u00bbcolor-wayh\u00bb media_overlay_opacity=\u00bb20&#8243; media_overlay_visible=\u00bbyes\u00bb media_overlay_anim=\u00bbno\u00bb media_text_visible=\u00bbyes\u00bb media_text_anim=\u00bbno\u00bb media_h_align=\u00bbcenter\u00bb media_padding=\u00bb2&#8243; media_title_dimension=\u00bbh3&#8243; single_image_anim_move=\u00bbyes\u00bb media_title_custom=\u00bbCitt\u00e0 imperiali\u00bb media_link=\u00bburl:https%3A%2F%2Fmaroccotour.com%2Fes%2Fdestinos-y-alojamientos%2Fciudades-imperiales%2F|title:Citt%C3%A0%20imperiali\u00bb media_subtitle_custom=\u00bbTagline\u00bb uncode_shortcode_id=\u00bb940664&#8243; media_overlay_color_type=\u00bbuncode-palette\u00bb][\/vc_column][vc_column column_width_percent=\u00bb100&#8243; gutter_size=\u00bb3&#8243; overlay_alpha=\u00bb50&#8243; shift_x=\u00bb0&#8243; shift_y=\u00bb0&#8243; shift_y_down=\u00bb0&#8243; z_index=\u00bb0&#8243; medium_width=\u00bb4&#8243; mobile_width=\u00bb7&#8243; width=\u00bb1\/4&#8243; uncode_shortcode_id=\u00bb850252&#8243;][vc_single_image media=\u00bb2950&#8243; media_width_percent=\u00bb100&#8243; media_ratio=\u00bbthree-four\u00bb shape=\u00bbimg-round\u00bb advanced=\u00bbyes\u00bb media_items=\u00bbmedia|original,title\u00bb media_overlay_color=\u00bbcolor-wayh\u00bb media_overlay_opacity=\u00bb20&#8243; media_overlay_visible=\u00bbyes\u00bb media_overlay_anim=\u00bbno\u00bb media_text_visible=\u00bbyes\u00bb media_text_anim=\u00bbno\u00bb media_h_align=\u00bbcenter\u00bb media_padding=\u00bb2&#8243; media_title_dimension=\u00bbh3&#8243; single_image_anim_move=\u00bbyes\u00bb media_title_custom=\u00bbCosta atlantica\u00bb media_link=\u00bburl:https%3A%2F%2Fmaroccotour.com%2Fes%2Fdestinos-y-alojamientos%2Fcosta-atlantica%2F|title:Costa%20atlantica\u00bb media_subtitle_custom=\u00bbTagline\u00bb uncode_shortcode_id=\u00bb480354&#8243; media_overlay_color_type=\u00bbuncode-palette\u00bb][\/vc_column][\/vc_row]<\/p>\n<\/div>","protected":false},"excerpt":{"rendered":"<p>[vc_row row_height_percent=\u00bb0&#8243; override_padding=\u00bbyes\u00bb h_padding=\u00bb2&#8243; top_padding=\u00bb3&#8243; bottom_padding=\u00bb2&#8243; overlay_alpha=\u00bb50&#8243; gutter_size=\u00bb3&#8243; column_width_percent=\u00bb100&#8243; shift_y=\u00bb0&#8243; z_index=\u00bb0&#8243; uncode_shortcode_id=\u00bb126750&#8243;][vc_column width=\u00bb1\/1&#8243;][vc_column_text uncode_shortcode_id=\u00bb727895&#8243;]Marruecos es un pa\u00eds colorido y de [&hellip;]<\/p>\n","protected":false},"author":1,"featured_media":341,"parent":0,"menu_order":0,"comment_status":"closed","ping_status":"closed","template":"","meta":{"footnotes":""},"class_list":["post-2951","page","type-page","status-publish","has-post-thumbnail","hentry"],"yoast_head":"<!-- This site is optimized with the Yoast SEO plugin v27.3 - https:\/\/yoast.com\/product\/yoast-seo-wordpress\/ -->\n<title>Destinos y alojamientos - Marocco Tour<\/title>\n<meta name=\"description\" content=\"Cada lugar tiene su alojamiento caracter\u00edstico: los riads en las ciudades, las kasbah en el sur, la casa bereber en el pueblo, la tienda entre las dunas.\" \/>\n<meta name=\"robots\" content=\"index, follow, max-snippet:-1, max-image-preview:large, max-video-preview:-1\" \/>\n<link rel=\"canonical\" href=\"https:\/\/maroccotour.com\/es\/destinos-y-alojamientos\/\" \/>\n<meta property=\"og:locale\" content=\"es_ES\" \/>\n<meta property=\"og:type\" content=\"article\" \/>\n<meta property=\"og:title\" content=\"Destinos y alojamientos - Marocco Tour\" \/>\n<meta property=\"og:description\" content=\"Cada lugar tiene su alojamiento caracter\u00edstico: los riads en las ciudades, las kasbah en el sur, la casa bereber en el pueblo, la tienda entre las dunas.\" \/>\n<meta property=\"og:url\" content=\"https:\/\/maroccotour.com\/es\/destinos-y-alojamientos\/\" \/>\n<meta property=\"og:site_name\" content=\"Marocco Tour\" \/>\n<meta property=\"article:publisher\" content=\"https:\/\/www.facebook.com\/maroccotour?fref=ts\" \/>\n<meta property=\"article:modified_time\" content=\"2026-03-15T12:06:43+00:00\" \/>\n<meta property=\"og:image\" content=\"https:\/\/maroccotour.com\/wp-content\/uploads\/2023\/04\/marocco-tour-fb.jpg\" \/>\n\t<meta property=\"og:image:width\" content=\"1200\" \/>\n\t<meta property=\"og:image:height\" content=\"628\" \/>\n\t<meta property=\"og:image:type\" content=\"image\/jpeg\" \/>\n<meta name=\"twitter:card\" content=\"summary_large_image\" \/>\n<meta name=\"twitter:label1\" content=\"Tiempo de lectura\" \/>\n\t<meta name=\"twitter:data1\" content=\"2 minutos\" \/>\n<script type=\"application\/ld+json\" class=\"yoast-schema-graph\">{\"@context\":\"https:\\\/\\\/schema.org\",\"@graph\":[{\"@type\":\"WebPage\",\"@id\":\"https:\\\/\\\/maroccotour.com\\\/es\\\/destinos-y-alojamientos\\\/\",\"url\":\"https:\\\/\\\/maroccotour.com\\\/es\\\/destinos-y-alojamientos\\\/\",\"name\":\"Destinos y alojamientos - Marocco Tour\",\"isPartOf\":{\"@id\":\"https:\\\/\\\/maroccotour.com\\\/es\\\/#website\"},\"primaryImageOfPage\":{\"@id\":\"https:\\\/\\\/maroccotour.com\\\/es\\\/destinos-y-alojamientos\\\/#primaryimage\"},\"image\":{\"@id\":\"https:\\\/\\\/maroccotour.com\\\/es\\\/destinos-y-alojamientos\\\/#primaryimage\"},\"thumbnailUrl\":\"https:\\\/\\\/maroccotour.com\\\/wp-content\\\/uploads\\\/2023\\\/04\\\/marocco-tour-fb.jpg\",\"datePublished\":\"2023-04-02T13:29:54+00:00\",\"dateModified\":\"2026-03-15T12:06:43+00:00\",\"description\":\"Cada lugar tiene su alojamiento caracter\u00edstico: los riads en las ciudades, las kasbah en el sur, la casa bereber en el pueblo, la tienda entre las dunas.\",\"breadcrumb\":{\"@id\":\"https:\\\/\\\/maroccotour.com\\\/es\\\/destinos-y-alojamientos\\\/#breadcrumb\"},\"inLanguage\":\"es\",\"potentialAction\":[{\"@type\":\"ReadAction\",\"target\":[\"https:\\\/\\\/maroccotour.com\\\/es\\\/destinos-y-alojamientos\\\/\"]}]},{\"@type\":\"ImageObject\",\"inLanguage\":\"es\",\"@id\":\"https:\\\/\\\/maroccotour.com\\\/es\\\/destinos-y-alojamientos\\\/#primaryimage\",\"url\":\"https:\\\/\\\/maroccotour.com\\\/wp-content\\\/uploads\\\/2023\\\/04\\\/marocco-tour-fb.jpg\",\"contentUrl\":\"https:\\\/\\\/maroccotour.com\\\/wp-content\\\/uploads\\\/2023\\\/04\\\/marocco-tour-fb.jpg\",\"width\":1200,\"height\":628},{\"@type\":\"BreadcrumbList\",\"@id\":\"https:\\\/\\\/maroccotour.com\\\/es\\\/destinos-y-alojamientos\\\/#breadcrumb\",\"itemListElement\":[{\"@type\":\"ListItem\",\"position\":1,\"name\":\"Home\",\"item\":\"https:\\\/\\\/maroccotour.com\\\/es\\\/\"},{\"@type\":\"ListItem\",\"position\":2,\"name\":\"Destinos y alojamientos\"}]},{\"@type\":\"WebSite\",\"@id\":\"https:\\\/\\\/maroccotour.com\\\/es\\\/#website\",\"url\":\"https:\\\/\\\/maroccotour.com\\\/es\\\/\",\"name\":\"MaroccoTour\",\"description\":\"Viaggi nel deserto e in tutto il Marocco\",\"potentialAction\":[{\"@type\":\"SearchAction\",\"target\":{\"@type\":\"EntryPoint\",\"urlTemplate\":\"https:\\\/\\\/maroccotour.com\\\/es\\\/?s={search_term_string}\"},\"query-input\":{\"@type\":\"PropertyValueSpecification\",\"valueRequired\":true,\"valueName\":\"search_term_string\"}}],\"inLanguage\":\"es\"}]}<\/script>\n<!-- \/ Yoast SEO plugin. -->","yoast_head_json":{"title":"Destinos y alojamientos - Marocco Tour","description":"Cada lugar tiene su alojamiento caracter\u00edstico: los riads en las ciudades, las kasbah en el sur, la casa bereber en el pueblo, la tienda entre las dunas.","robots":{"index":"index","follow":"follow","max-snippet":"max-snippet:-1","max-image-preview":"max-image-preview:large","max-video-preview":"max-video-preview:-1"},"canonical":"https:\/\/maroccotour.com\/es\/destinos-y-alojamientos\/","og_locale":"es_ES","og_type":"article","og_title":"Destinos y alojamientos - Marocco Tour","og_description":"Cada lugar tiene su alojamiento caracter\u00edstico: los riads en las ciudades, las kasbah en el sur, la casa bereber en el pueblo, la tienda entre las dunas.","og_url":"https:\/\/maroccotour.com\/es\/destinos-y-alojamientos\/","og_site_name":"Marocco Tour","article_publisher":"https:\/\/www.facebook.com\/maroccotour?fref=ts","article_modified_time":"2026-03-15T12:06:43+00:00","og_image":[{"width":1200,"height":628,"url":"https:\/\/maroccotour.com\/wp-content\/uploads\/2023\/04\/marocco-tour-fb.jpg","type":"image\/jpeg"}],"twitter_card":"summary_large_image","twitter_misc":{"Tiempo de lectura":"2 minutos"},"schema":{"@context":"https:\/\/schema.org","@graph":[{"@type":"WebPage","@id":"https:\/\/maroccotour.com\/es\/destinos-y-alojamientos\/","url":"https:\/\/maroccotour.com\/es\/destinos-y-alojamientos\/","name":"Destinos y alojamientos - Marocco Tour","isPartOf":{"@id":"https:\/\/maroccotour.com\/es\/#website"},"primaryImageOfPage":{"@id":"https:\/\/maroccotour.com\/es\/destinos-y-alojamientos\/#primaryimage"},"image":{"@id":"https:\/\/maroccotour.com\/es\/destinos-y-alojamientos\/#primaryimage"},"thumbnailUrl":"https:\/\/maroccotour.com\/wp-content\/uploads\/2023\/04\/marocco-tour-fb.jpg","datePublished":"2023-04-02T13:29:54+00:00","dateModified":"2026-03-15T12:06:43+00:00","description":"Cada lugar tiene su alojamiento caracter\u00edstico: los riads en las ciudades, las kasbah en el sur, la casa bereber en el pueblo, la tienda entre las dunas.","breadcrumb":{"@id":"https:\/\/maroccotour.com\/es\/destinos-y-alojamientos\/#breadcrumb"},"inLanguage":"es","potentialAction":[{"@type":"ReadAction","target":["https:\/\/maroccotour.com\/es\/destinos-y-alojamientos\/"]}]},{"@type":"ImageObject","inLanguage":"es","@id":"https:\/\/maroccotour.com\/es\/destinos-y-alojamientos\/#primaryimage","url":"https:\/\/maroccotour.com\/wp-content\/uploads\/2023\/04\/marocco-tour-fb.jpg","contentUrl":"https:\/\/maroccotour.com\/wp-content\/uploads\/2023\/04\/marocco-tour-fb.jpg","width":1200,"height":628},{"@type":"BreadcrumbList","@id":"https:\/\/maroccotour.com\/es\/destinos-y-alojamientos\/#breadcrumb","itemListElement":[{"@type":"ListItem","position":1,"name":"Home","item":"https:\/\/maroccotour.com\/es\/"},{"@type":"ListItem","position":2,"name":"Destinos y alojamientos"}]},{"@type":"WebSite","@id":"https:\/\/maroccotour.com\/es\/#website","url":"https:\/\/maroccotour.com\/es\/","name":"MaroccoTour","description":"Viaggi nel deserto e in tutto il Marocco","potentialAction":[{"@type":"SearchAction","target":{"@type":"EntryPoint","urlTemplate":"https:\/\/maroccotour.com\/es\/?s={search_term_string}"},"query-input":{"@type":"PropertyValueSpecification","valueRequired":true,"valueName":"search_term_string"}}],"inLanguage":"es"}]}},"_links":{"self":[{"href":"https:\/\/maroccotour.com\/es\/wp-json\/wp\/v2\/pages\/2951","targetHints":{"allow":["GET"]}}],"collection":[{"href":"https:\/\/maroccotour.com\/es\/wp-json\/wp\/v2\/pages"}],"about":[{"href":"https:\/\/maroccotour.com\/es\/wp-json\/wp\/v2\/types\/page"}],"author":[{"embeddable":true,"href":"https:\/\/maroccotour.com\/es\/wp-json\/wp\/v2\/users\/1"}],"replies":[{"embeddable":true,"href":"https:\/\/maroccotour.com\/es\/wp-json\/wp\/v2\/comments?post=2951"}],"version-history":[{"count":5,"href":"https:\/\/maroccotour.com\/es\/wp-json\/wp\/v2\/pages\/2951\/revisions"}],"predecessor-version":[{"id":3167,"href":"https:\/\/maroccotour.com\/es\/wp-json\/wp\/v2\/pages\/2951\/revisions\/3167"}],"wp:featuredmedia":[{"embeddable":true,"href":"https:\/\/maroccotour.com\/es\/wp-json\/wp\/v2\/media\/341"}],"wp:attachment":[{"href":"https:\/\/maroccotour.com\/es\/wp-json\/wp\/v2\/media?parent=2951"}],"curies":[{"name":"wp","href":"https:\/\/api.w.org\/{rel}","templated":true}]}}