{"id":2958,"date":"2023-04-02T18:42:53","date_gmt":"2023-04-02T18:42:53","guid":{"rendered":"https:\/\/maroccotour.com\/destinos-y-alojamientos\/costa-atlantica\/"},"modified":"2026-03-14T15:31:13","modified_gmt":"2026-03-14T15:31:13","slug":"costa-atlantica","status":"publish","type":"page","link":"https:\/\/maroccotour.com\/es\/destinos-y-alojamientos\/costa-atlantica\/","title":{"rendered":"Costa atl\u00e1ntica"},"content":{"rendered":"<div class=\"wpb-content-wrapper\"><p>[vc_row row_height_percent=\u00bb0&#8243; override_padding=\u00bbyes\u00bb h_padding=\u00bb2&#8243; top_padding=\u00bb3&#8243; bottom_padding=\u00bb3&#8243; overlay_alpha=\u00bb100&#8243; gutter_size=\u00bb3&#8243; column_width_percent=\u00bb100&#8243; shift_y=\u00bb0&#8243; z_index=\u00bb0&#8243; row_height_use_pixel=\u00bb\u00bb uncode_shortcode_id=\u00bb133738&#8243;][vc_column column_width_use_pixel=\u00bbyes\u00bb gutter_size=\u00bb3&#8243; overlay_alpha=\u00bb50&#8243; shift_x=\u00bb0&#8243; shift_y=\u00bb0&#8243; medium_width=\u00bb0&#8243; zoom_width=\u00bb0&#8243; zoom_height=\u00bb0&#8243; column_width_pixel=\u00bb800&#8243;][vc_column_text uncode_shortcode_id=\u00bb150623&#8243;]La Costa Atlantica del Marocco, da Essaouira a Plage Blanche, regala scorci paesaggistici di enorme bellezza con spiagge lunghissime, tratti di costa selvaggi e incontaminati, graziose localit\u00e0 di mare, caratteristici villaggi di pescatori e un clima mite e soleggiato anche in inverno.<\/p>\n<p>Es el lugar ideal donde relajarse, practicar surf u otros deportes acu\u00e1ticos, pasear frente al oc\u00e9ano o visitar las hermosas ciudades costeras. Una mezcla perfecta de naturaleza y cultura.[\/vc_column_text][vc_row_inner][vc_column_inner width=\u00bb1\/2&#8243;][vc_single_image media=\u00bb2955&#8243; media_width_percent=\u00bb100&#8243; shape=\u00bbimg-round\u00bb uncode_shortcode_id=\u00bb774945&#8243;][\/vc_column_inner][vc_column_inner width=\u00bb1\/2&#8243;][vc_single_image media=\u00bb2956&#8243; media_width_percent=\u00bb100&#8243; shape=\u00bbimg-round\u00bb uncode_shortcode_id=\u00bb145650&#8243;][\/vc_column_inner][\/vc_row_inner][vc_column_text uncode_shortcode_id=\u00bb117034&#8243;]Estas son algunas de las metas m\u00e1s interesantes:<\/p>\n<h2 class=\"h4\">ESSAOUIRA<\/h2>\n<p>Famosa por sus largas playas de arena fin\u00edsima, es la perla del Atl\u00e1ntico, hija de \u00c1frica y del viento.<br \/>\nDa sempre meta di viaggiatori, artisti e hippies provenienti da tutto il mondo, questa deliziosa cittadina di mare conquista tutti con le sue spiagge lunghissime, la Medina con le case bianche e le piccole piazze, gli imponenti bastioni sul mare, il pesce fresco nei ristorantini del centro o lungo il mare.<br \/>\nCada a\u00f1o Essaouira se ve envuelta por los sonidos hipn\u00f3ticos del Festival de m\u00fasica gnawa, una cita imperdible que se celebra cada a\u00f1o a finales de junio. En Essaouira proponemos alojarse en un t\u00edpico riad en la Medina.[\/vc_column_text][\/vc_column][\/vc_row][vc_row row_height_percent=\u00bb0&#8243; override_padding=\u00bbyes\u00bb h_padding=\u00bb2&#8243; top_padding=\u00bb0&#8243; bottom_padding=\u00bb0&#8243; overlay_alpha=\u00bb100&#8243; gutter_size=\u00bb3&#8243; column_width_percent=\u00bb100&#8243; shift_y=\u00bb0&#8243; z_index=\u00bb0&#8243; row_height_use_pixel=\u00bb\u00bb][vc_column column_width_use_pixel=\u00bbyes\u00bb gutter_size=\u00bb3&#8243; overlay_alpha=\u00bb50&#8243; shift_x=\u00bb0&#8243; shift_y=\u00bb0&#8243; medium_width=\u00bb0&#8243; zoom_width=\u00bb0&#8243; zoom_height=\u00bb0&#8243; width=\u00bb5\/6&#8243;][vc_single_image media=\u00bb2957&#8243; media_width_percent=\u00bb100&#8243; media_ratio=\u00bbthree-two\u00bb shape=\u00bbimg-round\u00bb media_title_uppercase=\u00bb\u00bb uncode_shortcode_id=\u00bb181872&#8243;][\/vc_column][vc_column column_width_percent=\u00bb100&#8243; gutter_size=\u00bb3&#8243; overlay_alpha=\u00bb50&#8243; shift_x=\u00bb0&#8243; shift_y=\u00bb0&#8243; medium_width=\u00bb0&#8243; zoom_width=\u00bb0&#8243; zoom_height=\u00bb0&#8243; width=\u00bb1\/6&#8243;][vc_column_text uncode_shortcode_id=\u00bb396742&#8243;]Costa atl\u00e1ntica, Marruecos[\/vc_column_text][\/vc_column][\/vc_row][vc_row row_height_percent=\u00bb0&#8243; override_padding=\u00bbyes\u00bb h_padding=\u00bb2&#8243; top_padding=\u00bb3&#8243; bottom_padding=\u00bb4&#8243; overlay_alpha=\u00bb100&#8243; gutter_size=\u00bb3&#8243; column_width_percent=\u00bb100&#8243; shift_y=\u00bb0&#8243; z_index=\u00bb0&#8243; row_height_use_pixel=\u00bb\u00bb uncode_shortcode_id=\u00bb139272&#8243;][vc_column column_width_use_pixel=\u00bbyes\u00bb gutter_size=\u00bb3&#8243; overlay_alpha=\u00bb50&#8243; shift_x=\u00bb0&#8243; shift_y=\u00bb0&#8243; medium_width=\u00bb0&#8243; zoom_width=\u00bb0&#8243; zoom_height=\u00bb0&#8243; column_width_pixel=\u00bb800&#8243;][vc_column_text uncode_shortcode_id=\u00bb107012&#8243;]<\/p>\n<h2 class=\"h4\">PARQUE NATURAL SOUSS-MASSA<\/h2>\n<p>El Parque Nacional Souss Massa es un lugar realmente \u00fanico. Una reserva natural salvaje, es el lugar preferido para los aficionados al birdwatching. En su interior, de hecho, es posible avistar muchas especies protegidas de aves como el famoso ibis eremita, venerado en el Antiguo Egipto. Acantilados, cuevas, dunas de arena, bosques, estepas costeras y el infinito oc\u00e9ano hacen de este parque una de las maravillas naturales de Marruecos. Para disfrutar plenamente de la belleza y de la paz de este lugar nos alojaremos en un hotel situado justo dentro del Parque con vista al oc\u00e9ano, rodeados de la nada.<\/p>\n<p>&nbsp;<\/p>\n<h2 class=\"h4\">MIRLEFT Y ALREDEDORES<\/h2>\n<p><strong>Mirleft <\/strong>es un tranquilo pueblo que ofrece seis espl\u00e9ndidas playas y es el punto de partida para numerosas e interesantes excursiones por los alrededores. A circa mezz\u2019ora di viaggio si trovano infatti: la s<strong>piaggia di Legzira<\/strong>, con i suoi impressionanti archi naturali in pietra, dove si pu\u00f2 anche gustare dell\u2019ottimo pesce in riva al mare; la <strong>cittadina di Tizinit<\/strong>, famosa per il suo souk interamente dedicato ai gioielli berberi in argento, le belle mura fortificate e il suo mercato dal sapore ancora autentico; la lunga spiaggia oceanica di <strong>Aglou Plage<\/strong>. En Mirleft nos alojaremos en un encantador hotel con habitaciones distribuidas en un amplio jard\u00edn, piscina, maravillosa vista al oc\u00e9ano y excelente cocina.[\/vc_column_text][\/vc_column][\/vc_row]<\/p>\n<\/div>","protected":false},"excerpt":{"rendered":"<p>[vc_row row_height_percent=\u00bb0&#8243; override_padding=\u00bbyes\u00bb h_padding=\u00bb2&#8243; top_padding=\u00bb3&#8243; bottom_padding=\u00bb3&#8243; overlay_alpha=\u00bb100&#8243; gutter_size=\u00bb3&#8243; column_width_percent=\u00bb100&#8243; shift_y=\u00bb0&#8243; z_index=\u00bb0&#8243; row_height_use_pixel=\u00bb\u00bb uncode_shortcode_id=\u00bb133738&#8243;][vc_column column_width_use_pixel=\u00bbyes\u00bb gutter_size=\u00bb3&#8243; overlay_alpha=\u00bb50&#8243; shift_x=\u00bb0&#8243; shift_y=\u00bb0&#8243; medium_width=\u00bb0&#8243; zoom_width=\u00bb0&#8243; [&hellip;]<\/p>\n","protected":false},"author":1,"featured_media":341,"parent":2951,"menu_order":0,"comment_status":"closed","ping_status":"closed","template":"","meta":{"footnotes":""},"class_list":["post-2958","page","type-page","status-publish","has-post-thumbnail","hentry"],"yoast_head":"<!-- This site is optimized with the Yoast SEO plugin v27.3 - https:\/\/yoast.com\/product\/yoast-seo-wordpress\/ -->\n<title>Costa atl\u00e1ntica - Marocco Tour<\/title>\n<meta name=\"description\" content=\"La Costa Atl\u00e1ntica de Marruecos, desde Essaouira hasta Plage Blanche, ofrece paisajes de enorme belleza y un clima templado incluso en invierno.\" \/>\n<meta name=\"robots\" content=\"index, follow, max-snippet:-1, max-image-preview:large, max-video-preview:-1\" \/>\n<link rel=\"canonical\" href=\"https:\/\/maroccotour.com\/es\/destinos-y-alojamientos\/costa-atlantica\/\" \/>\n<meta property=\"og:locale\" content=\"es_ES\" \/>\n<meta property=\"og:type\" content=\"article\" \/>\n<meta property=\"og:title\" content=\"Costa atl\u00e1ntica - Marocco Tour\" \/>\n<meta property=\"og:description\" content=\"La Costa Atl\u00e1ntica de Marruecos, desde Essaouira hasta Plage Blanche, ofrece paisajes de enorme belleza y un clima templado incluso en invierno.\" \/>\n<meta property=\"og:url\" content=\"https:\/\/maroccotour.com\/es\/destinos-y-alojamientos\/costa-atlantica\/\" \/>\n<meta property=\"og:site_name\" content=\"Marocco Tour\" \/>\n<meta property=\"article:publisher\" content=\"https:\/\/www.facebook.com\/maroccotour?fref=ts\" \/>\n<meta property=\"article:modified_time\" content=\"2026-03-14T15:31:13+00:00\" \/>\n<meta property=\"og:image\" content=\"https:\/\/maroccotour.com\/wp-content\/uploads\/2023\/04\/marocco-tour-fb.jpg\" \/>\n\t<meta property=\"og:image:width\" content=\"1200\" \/>\n\t<meta property=\"og:image:height\" content=\"628\" \/>\n\t<meta property=\"og:image:type\" content=\"image\/jpeg\" \/>\n<meta name=\"twitter:card\" content=\"summary_large_image\" \/>\n<meta name=\"twitter:label1\" content=\"Tiempo de lectura\" \/>\n\t<meta name=\"twitter:data1\" content=\"4 minutos\" \/>\n<script type=\"application\/ld+json\" class=\"yoast-schema-graph\">{\"@context\":\"https:\\\/\\\/schema.org\",\"@graph\":[{\"@type\":\"WebPage\",\"@id\":\"https:\\\/\\\/maroccotour.com\\\/es\\\/destinos-y-alojamientos\\\/costa-atlantica\\\/\",\"url\":\"https:\\\/\\\/maroccotour.com\\\/es\\\/destinos-y-alojamientos\\\/costa-atlantica\\\/\",\"name\":\"Costa atl\u00e1ntica - Marocco Tour\",\"isPartOf\":{\"@id\":\"https:\\\/\\\/maroccotour.com\\\/es\\\/#website\"},\"primaryImageOfPage\":{\"@id\":\"https:\\\/\\\/maroccotour.com\\\/es\\\/destinos-y-alojamientos\\\/costa-atlantica\\\/#primaryimage\"},\"image\":{\"@id\":\"https:\\\/\\\/maroccotour.com\\\/es\\\/destinos-y-alojamientos\\\/costa-atlantica\\\/#primaryimage\"},\"thumbnailUrl\":\"https:\\\/\\\/maroccotour.com\\\/wp-content\\\/uploads\\\/2023\\\/04\\\/marocco-tour-fb.jpg\",\"datePublished\":\"2023-04-02T18:42:53+00:00\",\"dateModified\":\"2026-03-14T15:31:13+00:00\",\"description\":\"La Costa Atl\u00e1ntica de Marruecos, desde Essaouira hasta Plage Blanche, ofrece paisajes de enorme belleza y un clima templado incluso en invierno.\",\"breadcrumb\":{\"@id\":\"https:\\\/\\\/maroccotour.com\\\/es\\\/destinos-y-alojamientos\\\/costa-atlantica\\\/#breadcrumb\"},\"inLanguage\":\"es\",\"potentialAction\":[{\"@type\":\"ReadAction\",\"target\":[\"https:\\\/\\\/maroccotour.com\\\/es\\\/destinos-y-alojamientos\\\/costa-atlantica\\\/\"]}]},{\"@type\":\"ImageObject\",\"inLanguage\":\"es\",\"@id\":\"https:\\\/\\\/maroccotour.com\\\/es\\\/destinos-y-alojamientos\\\/costa-atlantica\\\/#primaryimage\",\"url\":\"https:\\\/\\\/maroccotour.com\\\/wp-content\\\/uploads\\\/2023\\\/04\\\/marocco-tour-fb.jpg\",\"contentUrl\":\"https:\\\/\\\/maroccotour.com\\\/wp-content\\\/uploads\\\/2023\\\/04\\\/marocco-tour-fb.jpg\",\"width\":1200,\"height\":628},{\"@type\":\"BreadcrumbList\",\"@id\":\"https:\\\/\\\/maroccotour.com\\\/es\\\/destinos-y-alojamientos\\\/costa-atlantica\\\/#breadcrumb\",\"itemListElement\":[{\"@type\":\"ListItem\",\"position\":1,\"name\":\"Home\",\"item\":\"https:\\\/\\\/maroccotour.com\\\/es\\\/\"},{\"@type\":\"ListItem\",\"position\":2,\"name\":\"Destinos y alojamientos\",\"item\":\"https:\\\/\\\/maroccotour.com\\\/es\\\/destinos-y-alojamientos\\\/\"},{\"@type\":\"ListItem\",\"position\":3,\"name\":\"Costa atl\u00e1ntica\"}]},{\"@type\":\"WebSite\",\"@id\":\"https:\\\/\\\/maroccotour.com\\\/es\\\/#website\",\"url\":\"https:\\\/\\\/maroccotour.com\\\/es\\\/\",\"name\":\"MaroccoTour\",\"description\":\"Viaggi nel deserto e in tutto il Marocco\",\"potentialAction\":[{\"@type\":\"SearchAction\",\"target\":{\"@type\":\"EntryPoint\",\"urlTemplate\":\"https:\\\/\\\/maroccotour.com\\\/es\\\/?s={search_term_string}\"},\"query-input\":{\"@type\":\"PropertyValueSpecification\",\"valueRequired\":true,\"valueName\":\"search_term_string\"}}],\"inLanguage\":\"es\"}]}<\/script>\n<!-- \/ Yoast SEO plugin. -->","yoast_head_json":{"title":"Costa atl\u00e1ntica - Marocco Tour","description":"La Costa Atl\u00e1ntica de Marruecos, desde Essaouira hasta Plage Blanche, ofrece paisajes de enorme belleza y un clima templado incluso en invierno.","robots":{"index":"index","follow":"follow","max-snippet":"max-snippet:-1","max-image-preview":"max-image-preview:large","max-video-preview":"max-video-preview:-1"},"canonical":"https:\/\/maroccotour.com\/es\/destinos-y-alojamientos\/costa-atlantica\/","og_locale":"es_ES","og_type":"article","og_title":"Costa atl\u00e1ntica - Marocco Tour","og_description":"La Costa Atl\u00e1ntica de Marruecos, desde Essaouira hasta Plage Blanche, ofrece paisajes de enorme belleza y un clima templado incluso en invierno.","og_url":"https:\/\/maroccotour.com\/es\/destinos-y-alojamientos\/costa-atlantica\/","og_site_name":"Marocco Tour","article_publisher":"https:\/\/www.facebook.com\/maroccotour?fref=ts","article_modified_time":"2026-03-14T15:31:13+00:00","og_image":[{"width":1200,"height":628,"url":"https:\/\/maroccotour.com\/wp-content\/uploads\/2023\/04\/marocco-tour-fb.jpg","type":"image\/jpeg"}],"twitter_card":"summary_large_image","twitter_misc":{"Tiempo de lectura":"4 minutos"},"schema":{"@context":"https:\/\/schema.org","@graph":[{"@type":"WebPage","@id":"https:\/\/maroccotour.com\/es\/destinos-y-alojamientos\/costa-atlantica\/","url":"https:\/\/maroccotour.com\/es\/destinos-y-alojamientos\/costa-atlantica\/","name":"Costa atl\u00e1ntica - Marocco Tour","isPartOf":{"@id":"https:\/\/maroccotour.com\/es\/#website"},"primaryImageOfPage":{"@id":"https:\/\/maroccotour.com\/es\/destinos-y-alojamientos\/costa-atlantica\/#primaryimage"},"image":{"@id":"https:\/\/maroccotour.com\/es\/destinos-y-alojamientos\/costa-atlantica\/#primaryimage"},"thumbnailUrl":"https:\/\/maroccotour.com\/wp-content\/uploads\/2023\/04\/marocco-tour-fb.jpg","datePublished":"2023-04-02T18:42:53+00:00","dateModified":"2026-03-14T15:31:13+00:00","description":"La Costa Atl\u00e1ntica de Marruecos, desde Essaouira hasta Plage Blanche, ofrece paisajes de enorme belleza y un clima templado incluso en invierno.","breadcrumb":{"@id":"https:\/\/maroccotour.com\/es\/destinos-y-alojamientos\/costa-atlantica\/#breadcrumb"},"inLanguage":"es","potentialAction":[{"@type":"ReadAction","target":["https:\/\/maroccotour.com\/es\/destinos-y-alojamientos\/costa-atlantica\/"]}]},{"@type":"ImageObject","inLanguage":"es","@id":"https:\/\/maroccotour.com\/es\/destinos-y-alojamientos\/costa-atlantica\/#primaryimage","url":"https:\/\/maroccotour.com\/wp-content\/uploads\/2023\/04\/marocco-tour-fb.jpg","contentUrl":"https:\/\/maroccotour.com\/wp-content\/uploads\/2023\/04\/marocco-tour-fb.jpg","width":1200,"height":628},{"@type":"BreadcrumbList","@id":"https:\/\/maroccotour.com\/es\/destinos-y-alojamientos\/costa-atlantica\/#breadcrumb","itemListElement":[{"@type":"ListItem","position":1,"name":"Home","item":"https:\/\/maroccotour.com\/es\/"},{"@type":"ListItem","position":2,"name":"Destinos y alojamientos","item":"https:\/\/maroccotour.com\/es\/destinos-y-alojamientos\/"},{"@type":"ListItem","position":3,"name":"Costa atl\u00e1ntica"}]},{"@type":"WebSite","@id":"https:\/\/maroccotour.com\/es\/#website","url":"https:\/\/maroccotour.com\/es\/","name":"MaroccoTour","description":"Viaggi nel deserto e in tutto il Marocco","potentialAction":[{"@type":"SearchAction","target":{"@type":"EntryPoint","urlTemplate":"https:\/\/maroccotour.com\/es\/?s={search_term_string}"},"query-input":{"@type":"PropertyValueSpecification","valueRequired":true,"valueName":"search_term_string"}}],"inLanguage":"es"}]}},"_links":{"self":[{"href":"https:\/\/maroccotour.com\/es\/wp-json\/wp\/v2\/pages\/2958","targetHints":{"allow":["GET"]}}],"collection":[{"href":"https:\/\/maroccotour.com\/es\/wp-json\/wp\/v2\/pages"}],"about":[{"href":"https:\/\/maroccotour.com\/es\/wp-json\/wp\/v2\/types\/page"}],"author":[{"embeddable":true,"href":"https:\/\/maroccotour.com\/es\/wp-json\/wp\/v2\/users\/1"}],"replies":[{"embeddable":true,"href":"https:\/\/maroccotour.com\/es\/wp-json\/wp\/v2\/comments?post=2958"}],"version-history":[{"count":3,"href":"https:\/\/maroccotour.com\/es\/wp-json\/wp\/v2\/pages\/2958\/revisions"}],"predecessor-version":[{"id":2961,"href":"https:\/\/maroccotour.com\/es\/wp-json\/wp\/v2\/pages\/2958\/revisions\/2961"}],"up":[{"embeddable":true,"href":"https:\/\/maroccotour.com\/es\/wp-json\/wp\/v2\/pages\/2951"}],"wp:featuredmedia":[{"embeddable":true,"href":"https:\/\/maroccotour.com\/es\/wp-json\/wp\/v2\/media\/341"}],"wp:attachment":[{"href":"https:\/\/maroccotour.com\/es\/wp-json\/wp\/v2\/media?parent=2958"}],"curies":[{"name":"wp","href":"https:\/\/api.w.org\/{rel}","templated":true}]}}