{"id":2965,"date":"2023-04-02T18:40:20","date_gmt":"2023-04-02T18:40:20","guid":{"rendered":"https:\/\/maroccotour.com\/destinos-y-alojamientos\/desierto\/"},"modified":"2026-03-14T15:39:51","modified_gmt":"2026-03-14T15:39:51","slug":"desierto","status":"publish","type":"page","link":"https:\/\/maroccotour.com\/es\/destinos-y-alojamientos\/desierto\/","title":{"rendered":"Desierto"},"content":{"rendered":"<div class=\"wpb-content-wrapper\"><p>[vc_row row_height_percent=\u00bb0&#8243; override_padding=\u00bbyes\u00bb h_padding=\u00bb2&#8243; top_padding=\u00bb3&#8243; bottom_padding=\u00bb3&#8243; overlay_alpha=\u00bb100&#8243; gutter_size=\u00bb3&#8243; column_width_percent=\u00bb100&#8243; shift_y=\u00bb0&#8243; z_index=\u00bb0&#8243; row_height_use_pixel=\u00bb\u00bb uncode_shortcode_id=\u00bb133738&#8243;][vc_column column_width_use_pixel=\u00bbyes\u00bb gutter_size=\u00bb3&#8243; overlay_alpha=\u00bb50&#8243; shift_x=\u00bb0&#8243; shift_y=\u00bb0&#8243; medium_width=\u00bb0&#8243; zoom_width=\u00bb0&#8243; zoom_height=\u00bb0&#8243; column_width_pixel=\u00bb800&#8243;][vc_column_text uncode_shortcode_id=\u00bb116369&#8243;]El desierto Erg Chebbi, cerca de Merzouga, es la zona del Sahara marroqu\u00ed caracterizada por majestuosas dunas de arena de incre\u00edbles colores: del rojo al naranja, del beige al oro. Es uno de los espect\u00e1culos m\u00e1s fascinantes de la Naturaleza, una dimensi\u00f3n completamente distinta, un lugar m\u00e1gico, silencioso, espiritual.[\/vc_column_text][vc_row_inner][vc_column_inner width=\u00bb1\/2&#8243;][vc_single_image media=\u00bb2962&#8243; media_width_percent=\u00bb100&#8243; shape=\u00bbimg-round\u00bb uncode_shortcode_id=\u00bb413118&#8243;][\/vc_column_inner][vc_column_inner width=\u00bb1\/2&#8243;][vc_single_image media=\u00bb2963&#8243; media_width_percent=\u00bb100&#8243; shape=\u00bbimg-round\u00bb uncode_shortcode_id=\u00bb729436&#8243;][\/vc_column_inner][\/vc_row_inner][vc_column_text uncode_shortcode_id=\u00bb197227&#8243;]Frente a las sinuosas dunas surge un peque\u00f1o oasis y el encantador <strong>pueblo de Hassi Labied<\/strong>, habitado por las gentes del desierto, los bereberes o amazighen, hombres libres, como ellos mismos se definen de manera m\u00e1s po\u00e9tica. Aqu\u00ed las casas est\u00e1n construidas todas de manera tradicional: con paja y tierra secada al sol y los colores de las viviendas se confunden con los de la arena del desierto. El oasis con su palmeral, por cuyo interior se puede pasear, se encuentra frente al pueblo, est\u00e1 dominado por la \u201cGran Duna\u201d y dividido en peque\u00f1os campos cultivados por las poblaciones del pueblo.[\/vc_column_text][\/vc_column][\/vc_row][vc_row row_height_percent=\u00bb0&#8243; override_padding=\u00bbyes\u00bb h_padding=\u00bb2&#8243; top_padding=\u00bb0&#8243; bottom_padding=\u00bb0&#8243; overlay_alpha=\u00bb100&#8243; gutter_size=\u00bb3&#8243; column_width_percent=\u00bb100&#8243; shift_y=\u00bb0&#8243; z_index=\u00bb0&#8243; row_height_use_pixel=\u00bb\u00bb][vc_column column_width_use_pixel=\u00bbyes\u00bb gutter_size=\u00bb3&#8243; overlay_alpha=\u00bb50&#8243; shift_x=\u00bb0&#8243; shift_y=\u00bb0&#8243; medium_width=\u00bb0&#8243; zoom_width=\u00bb0&#8243; zoom_height=\u00bb0&#8243; width=\u00bb5\/6&#8243;][vc_single_image media=\u00bb2964&#8243; media_width_percent=\u00bb100&#8243; media_ratio=\u00bbthree-two\u00bb shape=\u00bbimg-round\u00bb media_title_uppercase=\u00bb\u00bb uncode_shortcode_id=\u00bb276783&#8243;][\/vc_column][vc_column column_width_percent=\u00bb100&#8243; gutter_size=\u00bb3&#8243; overlay_alpha=\u00bb50&#8243; shift_x=\u00bb0&#8243; shift_y=\u00bb0&#8243; medium_width=\u00bb0&#8243; zoom_width=\u00bb0&#8243; zoom_height=\u00bb0&#8243; width=\u00bb1\/6&#8243;][vc_column_text uncode_shortcode_id=\u00bb199331&#8243;]Campamento MADU situado entre el desierto de dunas y el de piedra, con tiendas equipadas con camas con ropa de cama inmaculada y ba\u00f1o privado con ducha.[\/vc_column_text][\/vc_column][\/vc_row][vc_row row_height_percent=\u00bb0&#8243; override_padding=\u00bbyes\u00bb h_padding=\u00bb2&#8243; top_padding=\u00bb3&#8243; bottom_padding=\u00bb4&#8243; overlay_alpha=\u00bb100&#8243; gutter_size=\u00bb3&#8243; column_width_percent=\u00bb100&#8243; shift_y=\u00bb0&#8243; z_index=\u00bb0&#8243; row_height_use_pixel=\u00bb\u00bb uncode_shortcode_id=\u00bb139272&#8243;][vc_column column_width_use_pixel=\u00bbyes\u00bb gutter_size=\u00bb3&#8243; overlay_alpha=\u00bb50&#8243; shift_x=\u00bb0&#8243; shift_y=\u00bb0&#8243; medium_width=\u00bb0&#8243; zoom_width=\u00bb0&#8243; zoom_height=\u00bb0&#8243; column_width_pixel=\u00bb800&#8243;][vc_column_text uncode_shortcode_id=\u00bb177944&#8243;]En Hassi Labied pod\u00e9is disfrutar de la hospitalidad bereber aloj\u00e1ndoos en una casa tradicional, Casa Hassan, construida seg\u00fan los c\u00e1nones del lugar pero dotada de todas las comodidades. Junto a la casa vive la familia de Said, que cocinar\u00e1 para vosotros los deliciosos platos de la cocina marroqu\u00ed y estar\u00e1 encantada de compartir sus costumbres y una vida sencilla, genuina y de ritmos tranquilos. Si quer\u00e9is, podr\u00e9is aprender a cocinar un cusc\u00fas, una tajine, o descubrir los secretos del pan marroqu\u00ed, amasarlo y hornearlo en el horno del pueblo para luego disfrutarlo todav\u00eda caliente.<\/p>\n<p>Durante el viaje de descubrimiento de esta incre\u00edble realidad, una excursi\u00f3n en dromedario os llevar\u00e1 a un oasis en el coraz\u00f3n del desierto. All\u00ed todo est\u00e1 ya preparado para pasar una inolvidable noche bereber: un t\u00e9 en el desierto, una cena marroqu\u00ed y una noche en una t\u00edpica tienda bereber para dormir como un verdadero n\u00f3mada. De fondo, los silencios surrealistas del desierto, las suaves l\u00edneas de las dunas y miles de estrellas.<\/p>\n<p>Las tiendas bereberes est\u00e1n hechas de tela pesada y sostenidas en el centro por postes de madera. En el suelo hay colchones con mantas, s\u00e1banas y almohadas.[\/vc_column_text][\/vc_column][\/vc_row]<\/p>\n<\/div>","protected":false},"excerpt":{"rendered":"<p>[vc_row row_height_percent=\u00bb0&#8243; override_padding=\u00bbyes\u00bb h_padding=\u00bb2&#8243; top_padding=\u00bb3&#8243; bottom_padding=\u00bb3&#8243; overlay_alpha=\u00bb100&#8243; gutter_size=\u00bb3&#8243; column_width_percent=\u00bb100&#8243; shift_y=\u00bb0&#8243; z_index=\u00bb0&#8243; row_height_use_pixel=\u00bb\u00bb uncode_shortcode_id=\u00bb133738&#8243;][vc_column column_width_use_pixel=\u00bbyes\u00bb gutter_size=\u00bb3&#8243; overlay_alpha=\u00bb50&#8243; shift_x=\u00bb0&#8243; shift_y=\u00bb0&#8243; medium_width=\u00bb0&#8243; zoom_width=\u00bb0&#8243; [&hellip;]<\/p>\n","protected":false},"author":1,"featured_media":341,"parent":2951,"menu_order":0,"comment_status":"closed","ping_status":"closed","template":"","meta":{"footnotes":""},"class_list":["post-2965","page","type-page","status-publish","has-post-thumbnail","hentry"],"yoast_head":"<!-- This site is optimized with the Yoast SEO plugin v27.3 - https:\/\/yoast.com\/product\/yoast-seo-wordpress\/ -->\n<title>Desierto - Marocco Tour<\/title>\n<meta name=\"description\" content=\"El desierto Erg Chebbi, cerca de Merzouga, es la zona del Sahara marroqu\u00ed caracterizada por majestuosas dunas de arena de incre\u00edbles colores.\" \/>\n<meta name=\"robots\" content=\"index, follow, max-snippet:-1, max-image-preview:large, max-video-preview:-1\" \/>\n<link rel=\"canonical\" href=\"https:\/\/maroccotour.com\/es\/destinos-y-alojamientos\/desierto\/\" \/>\n<meta property=\"og:locale\" content=\"es_ES\" \/>\n<meta property=\"og:type\" content=\"article\" \/>\n<meta property=\"og:title\" content=\"Desierto - Marocco Tour\" \/>\n<meta property=\"og:description\" content=\"El desierto Erg Chebbi, cerca de Merzouga, es la zona del Sahara marroqu\u00ed caracterizada por majestuosas dunas de arena de incre\u00edbles colores.\" \/>\n<meta property=\"og:url\" content=\"https:\/\/maroccotour.com\/es\/destinos-y-alojamientos\/desierto\/\" \/>\n<meta property=\"og:site_name\" content=\"Marocco Tour\" \/>\n<meta property=\"article:publisher\" content=\"https:\/\/www.facebook.com\/maroccotour?fref=ts\" \/>\n<meta property=\"article:modified_time\" content=\"2026-03-14T15:39:51+00:00\" \/>\n<meta property=\"og:image\" content=\"https:\/\/maroccotour.com\/wp-content\/uploads\/2023\/04\/marocco-tour-fb.jpg\" \/>\n\t<meta property=\"og:image:width\" content=\"1200\" \/>\n\t<meta property=\"og:image:height\" content=\"628\" \/>\n\t<meta property=\"og:image:type\" content=\"image\/jpeg\" \/>\n<meta name=\"twitter:card\" content=\"summary_large_image\" \/>\n<meta name=\"twitter:label1\" content=\"Tiempo de lectura\" \/>\n\t<meta name=\"twitter:data1\" content=\"3 minutos\" \/>\n<script type=\"application\/ld+json\" class=\"yoast-schema-graph\">{\"@context\":\"https:\\\/\\\/schema.org\",\"@graph\":[{\"@type\":\"WebPage\",\"@id\":\"https:\\\/\\\/maroccotour.com\\\/es\\\/destinos-y-alojamientos\\\/desierto\\\/\",\"url\":\"https:\\\/\\\/maroccotour.com\\\/es\\\/destinos-y-alojamientos\\\/desierto\\\/\",\"name\":\"Desierto - Marocco Tour\",\"isPartOf\":{\"@id\":\"https:\\\/\\\/maroccotour.com\\\/es\\\/#website\"},\"primaryImageOfPage\":{\"@id\":\"https:\\\/\\\/maroccotour.com\\\/es\\\/destinos-y-alojamientos\\\/desierto\\\/#primaryimage\"},\"image\":{\"@id\":\"https:\\\/\\\/maroccotour.com\\\/es\\\/destinos-y-alojamientos\\\/desierto\\\/#primaryimage\"},\"thumbnailUrl\":\"https:\\\/\\\/maroccotour.com\\\/wp-content\\\/uploads\\\/2023\\\/04\\\/marocco-tour-fb.jpg\",\"datePublished\":\"2023-04-02T18:40:20+00:00\",\"dateModified\":\"2026-03-14T15:39:51+00:00\",\"description\":\"El desierto Erg Chebbi, cerca de Merzouga, es la zona del Sahara marroqu\u00ed caracterizada por majestuosas dunas de arena de incre\u00edbles colores.\",\"breadcrumb\":{\"@id\":\"https:\\\/\\\/maroccotour.com\\\/es\\\/destinos-y-alojamientos\\\/desierto\\\/#breadcrumb\"},\"inLanguage\":\"es\",\"potentialAction\":[{\"@type\":\"ReadAction\",\"target\":[\"https:\\\/\\\/maroccotour.com\\\/es\\\/destinos-y-alojamientos\\\/desierto\\\/\"]}]},{\"@type\":\"ImageObject\",\"inLanguage\":\"es\",\"@id\":\"https:\\\/\\\/maroccotour.com\\\/es\\\/destinos-y-alojamientos\\\/desierto\\\/#primaryimage\",\"url\":\"https:\\\/\\\/maroccotour.com\\\/wp-content\\\/uploads\\\/2023\\\/04\\\/marocco-tour-fb.jpg\",\"contentUrl\":\"https:\\\/\\\/maroccotour.com\\\/wp-content\\\/uploads\\\/2023\\\/04\\\/marocco-tour-fb.jpg\",\"width\":1200,\"height\":628},{\"@type\":\"BreadcrumbList\",\"@id\":\"https:\\\/\\\/maroccotour.com\\\/es\\\/destinos-y-alojamientos\\\/desierto\\\/#breadcrumb\",\"itemListElement\":[{\"@type\":\"ListItem\",\"position\":1,\"name\":\"Home\",\"item\":\"https:\\\/\\\/maroccotour.com\\\/es\\\/\"},{\"@type\":\"ListItem\",\"position\":2,\"name\":\"Destinos y alojamientos\",\"item\":\"https:\\\/\\\/maroccotour.com\\\/es\\\/destinos-y-alojamientos\\\/\"},{\"@type\":\"ListItem\",\"position\":3,\"name\":\"Desierto\"}]},{\"@type\":\"WebSite\",\"@id\":\"https:\\\/\\\/maroccotour.com\\\/es\\\/#website\",\"url\":\"https:\\\/\\\/maroccotour.com\\\/es\\\/\",\"name\":\"MaroccoTour\",\"description\":\"Viaggi nel deserto e in tutto il Marocco\",\"potentialAction\":[{\"@type\":\"SearchAction\",\"target\":{\"@type\":\"EntryPoint\",\"urlTemplate\":\"https:\\\/\\\/maroccotour.com\\\/es\\\/?s={search_term_string}\"},\"query-input\":{\"@type\":\"PropertyValueSpecification\",\"valueRequired\":true,\"valueName\":\"search_term_string\"}}],\"inLanguage\":\"es\"}]}<\/script>\n<!-- \/ Yoast SEO plugin. -->","yoast_head_json":{"title":"Desierto - Marocco Tour","description":"El desierto Erg Chebbi, cerca de Merzouga, es la zona del Sahara marroqu\u00ed caracterizada por majestuosas dunas de arena de incre\u00edbles colores.","robots":{"index":"index","follow":"follow","max-snippet":"max-snippet:-1","max-image-preview":"max-image-preview:large","max-video-preview":"max-video-preview:-1"},"canonical":"https:\/\/maroccotour.com\/es\/destinos-y-alojamientos\/desierto\/","og_locale":"es_ES","og_type":"article","og_title":"Desierto - Marocco Tour","og_description":"El desierto Erg Chebbi, cerca de Merzouga, es la zona del Sahara marroqu\u00ed caracterizada por majestuosas dunas de arena de incre\u00edbles colores.","og_url":"https:\/\/maroccotour.com\/es\/destinos-y-alojamientos\/desierto\/","og_site_name":"Marocco Tour","article_publisher":"https:\/\/www.facebook.com\/maroccotour?fref=ts","article_modified_time":"2026-03-14T15:39:51+00:00","og_image":[{"width":1200,"height":628,"url":"https:\/\/maroccotour.com\/wp-content\/uploads\/2023\/04\/marocco-tour-fb.jpg","type":"image\/jpeg"}],"twitter_card":"summary_large_image","twitter_misc":{"Tiempo de lectura":"3 minutos"},"schema":{"@context":"https:\/\/schema.org","@graph":[{"@type":"WebPage","@id":"https:\/\/maroccotour.com\/es\/destinos-y-alojamientos\/desierto\/","url":"https:\/\/maroccotour.com\/es\/destinos-y-alojamientos\/desierto\/","name":"Desierto - Marocco Tour","isPartOf":{"@id":"https:\/\/maroccotour.com\/es\/#website"},"primaryImageOfPage":{"@id":"https:\/\/maroccotour.com\/es\/destinos-y-alojamientos\/desierto\/#primaryimage"},"image":{"@id":"https:\/\/maroccotour.com\/es\/destinos-y-alojamientos\/desierto\/#primaryimage"},"thumbnailUrl":"https:\/\/maroccotour.com\/wp-content\/uploads\/2023\/04\/marocco-tour-fb.jpg","datePublished":"2023-04-02T18:40:20+00:00","dateModified":"2026-03-14T15:39:51+00:00","description":"El desierto Erg Chebbi, cerca de Merzouga, es la zona del Sahara marroqu\u00ed caracterizada por majestuosas dunas de arena de incre\u00edbles colores.","breadcrumb":{"@id":"https:\/\/maroccotour.com\/es\/destinos-y-alojamientos\/desierto\/#breadcrumb"},"inLanguage":"es","potentialAction":[{"@type":"ReadAction","target":["https:\/\/maroccotour.com\/es\/destinos-y-alojamientos\/desierto\/"]}]},{"@type":"ImageObject","inLanguage":"es","@id":"https:\/\/maroccotour.com\/es\/destinos-y-alojamientos\/desierto\/#primaryimage","url":"https:\/\/maroccotour.com\/wp-content\/uploads\/2023\/04\/marocco-tour-fb.jpg","contentUrl":"https:\/\/maroccotour.com\/wp-content\/uploads\/2023\/04\/marocco-tour-fb.jpg","width":1200,"height":628},{"@type":"BreadcrumbList","@id":"https:\/\/maroccotour.com\/es\/destinos-y-alojamientos\/desierto\/#breadcrumb","itemListElement":[{"@type":"ListItem","position":1,"name":"Home","item":"https:\/\/maroccotour.com\/es\/"},{"@type":"ListItem","position":2,"name":"Destinos y alojamientos","item":"https:\/\/maroccotour.com\/es\/destinos-y-alojamientos\/"},{"@type":"ListItem","position":3,"name":"Desierto"}]},{"@type":"WebSite","@id":"https:\/\/maroccotour.com\/es\/#website","url":"https:\/\/maroccotour.com\/es\/","name":"MaroccoTour","description":"Viaggi nel deserto e in tutto il Marocco","potentialAction":[{"@type":"SearchAction","target":{"@type":"EntryPoint","urlTemplate":"https:\/\/maroccotour.com\/es\/?s={search_term_string}"},"query-input":{"@type":"PropertyValueSpecification","valueRequired":true,"valueName":"search_term_string"}}],"inLanguage":"es"}]}},"_links":{"self":[{"href":"https:\/\/maroccotour.com\/es\/wp-json\/wp\/v2\/pages\/2965","targetHints":{"allow":["GET"]}}],"collection":[{"href":"https:\/\/maroccotour.com\/es\/wp-json\/wp\/v2\/pages"}],"about":[{"href":"https:\/\/maroccotour.com\/es\/wp-json\/wp\/v2\/types\/page"}],"author":[{"embeddable":true,"href":"https:\/\/maroccotour.com\/es\/wp-json\/wp\/v2\/users\/1"}],"replies":[{"embeddable":true,"href":"https:\/\/maroccotour.com\/es\/wp-json\/wp\/v2\/comments?post=2965"}],"version-history":[{"count":3,"href":"https:\/\/maroccotour.com\/es\/wp-json\/wp\/v2\/pages\/2965\/revisions"}],"predecessor-version":[{"id":2968,"href":"https:\/\/maroccotour.com\/es\/wp-json\/wp\/v2\/pages\/2965\/revisions\/2968"}],"up":[{"embeddable":true,"href":"https:\/\/maroccotour.com\/es\/wp-json\/wp\/v2\/pages\/2951"}],"wp:featuredmedia":[{"embeddable":true,"href":"https:\/\/maroccotour.com\/es\/wp-json\/wp\/v2\/media\/341"}],"wp:attachment":[{"href":"https:\/\/maroccotour.com\/es\/wp-json\/wp\/v2\/media?parent=2965"}],"curies":[{"name":"wp","href":"https:\/\/api.w.org\/{rel}","templated":true}]}}