{"id":2972,"date":"2023-04-02T18:40:58","date_gmt":"2023-04-02T18:40:58","guid":{"rendered":"https:\/\/maroccotour.com\/destinos-y-alojamientos\/el-sur-oasis-y-kasbah\/"},"modified":"2026-03-14T15:44:47","modified_gmt":"2026-03-14T15:44:47","slug":"el-sur-oasis-y-kasbah","status":"publish","type":"page","link":"https:\/\/maroccotour.com\/es\/destinos-y-alojamientos\/el-sur-oasis-y-kasbah\/","title":{"rendered":"El sur: oasis y kasbah"},"content":{"rendered":"<div class=\"wpb-content-wrapper\"><p>[vc_row row_height_percent=\u00bb0&#8243; override_padding=\u00bbyes\u00bb h_padding=\u00bb2&#8243; top_padding=\u00bb3&#8243; bottom_padding=\u00bb3&#8243; overlay_alpha=\u00bb100&#8243; gutter_size=\u00bb3&#8243; column_width_percent=\u00bb100&#8243; shift_y=\u00bb0&#8243; z_index=\u00bb0&#8243; row_height_use_pixel=\u00bb\u00bb uncode_shortcode_id=\u00bb133738&#8243;][vc_column column_width_use_pixel=\u00bbyes\u00bb gutter_size=\u00bb3&#8243; overlay_alpha=\u00bb50&#8243; shift_x=\u00bb0&#8243; shift_y=\u00bb0&#8243; medium_width=\u00bb0&#8243; zoom_width=\u00bb0&#8243; zoom_height=\u00bb0&#8243; column_width_pixel=\u00bb800&#8243;][vc_column_text uncode_shortcode_id=\u00bb727394&#8243;]Desde Ouarzazate, llamada la \u201cpuerta del desierto\u201d, y hasta llegar al desierto Erg Chebbi, es una sucesi\u00f3n continua de maravillas, tanto naturales como art\u00edsticas. Un recorrido fascinante a lo largo de la <strong>antigua ruta caravanera<\/strong> que descend\u00eda hacia el Sahara. El paisaje se vuelve semides\u00e9rtico, interrumpido sin embargo por verdes oasis con frondosos palmerales, valles y gargantas con rocas de colores intens\u00edsimos y de las formas m\u00e1s extra\u00f1as, o largos ca\u00f1ones con paredes a pico. Nuestro itinerario nos llevar\u00e1 a descubrir todas estas bellezas, desde el <strong>oasis de Skoura<\/strong> con su inmenso palmeral verde, hasta el <strong>Valle del Dades<\/strong> con sus fant\u00e1sticas y coloridas formaciones rocosas, desde el <strong>Valle de las Rosas<\/strong> hasta las <strong>Gargantas del Todra<\/strong>.[\/vc_column_text][vc_row_inner][vc_column_inner width=\u00bb1\/2&#8243;][vc_single_image media=\u00bb2969&#8243; media_width_percent=\u00bb100&#8243; shape=\u00bbimg-round\u00bb uncode_shortcode_id=\u00bb212505&#8243;][\/vc_column_inner][vc_column_inner width=\u00bb1\/2&#8243;][vc_single_image media=\u00bb2970&#8243; media_width_percent=\u00bb100&#8243; shape=\u00bbimg-round\u00bb uncode_shortcode_id=\u00bb628905&#8243;][\/vc_column_inner][\/vc_row_inner][vc_column_text uncode_shortcode_id=\u00bb164152&#8243;]Inmersas en este paisaje natural de gran belleza, destacan mir\u00edadas de <strong>kasbah<\/strong>, las fascinantes residencias-fortaleza construidas en tierra secada al sol: verdaderos castillos cuyas paredes est\u00e1n adornadas con decoraciones geom\u00e9tricas inspiradas en el arte bereber. Una visita al interior de las kasbah m\u00e1s famosas y mejor conservadas, como la <strong>kasbah de Ait Ben Haddou<\/strong>, elegida como escenario de numerosas pel\u00edculas, la <strong>kasbah Taourirt<\/strong>, antigua residencia del Pach\u00e1, o la <strong>kasbah Ameriddhil<\/strong> inmersa en el palmeral de Skoura, nos llevar\u00e1 a descubrir los secretos de la vida cotidiana de las gentes que habitaban estas extraordinarias estructuras de tierra.[\/vc_column_text][\/vc_column][\/vc_row][vc_row row_height_percent=\u00bb0&#8243; override_padding=\u00bbyes\u00bb h_padding=\u00bb2&#8243; top_padding=\u00bb0&#8243; bottom_padding=\u00bb0&#8243; overlay_alpha=\u00bb100&#8243; gutter_size=\u00bb3&#8243; column_width_percent=\u00bb100&#8243; shift_y=\u00bb0&#8243; z_index=\u00bb0&#8243; row_height_use_pixel=\u00bb\u00bb][vc_column column_width_use_pixel=\u00bbyes\u00bb gutter_size=\u00bb3&#8243; overlay_alpha=\u00bb50&#8243; shift_x=\u00bb0&#8243; shift_y=\u00bb0&#8243; medium_width=\u00bb0&#8243; zoom_width=\u00bb0&#8243; zoom_height=\u00bb0&#8243; width=\u00bb5\/6&#8243;][vc_single_image media=\u00bb2971&#8243; media_width_percent=\u00bb100&#8243; media_ratio=\u00bbthree-two\u00bb shape=\u00bbimg-round\u00bb media_title_uppercase=\u00bb\u00bb uncode_shortcode_id=\u00bb209062&#8243;][\/vc_column][vc_column column_width_percent=\u00bb100&#8243; gutter_size=\u00bb3&#8243; overlay_alpha=\u00bb50&#8243; shift_x=\u00bb0&#8243; shift_y=\u00bb0&#8243; medium_width=\u00bb0&#8243; zoom_width=\u00bb0&#8243; zoom_height=\u00bb0&#8243; width=\u00bb1\/6&#8243;][vc_column_text uncode_shortcode_id=\u00bb159774&#8243;]Adem\u00e1s de visitar las fascinantes kasbah, tambi\u00e9n nosotros nos alojaremos en hoteles construidos al estilo de estas antiguas fortalezas.[\/vc_column_text][\/vc_column][\/vc_row][vc_row row_height_percent=\u00bb0&#8243; override_padding=\u00bbyes\u00bb h_padding=\u00bb2&#8243; top_padding=\u00bb3&#8243; bottom_padding=\u00bb4&#8243; overlay_alpha=\u00bb100&#8243; gutter_size=\u00bb3&#8243; column_width_percent=\u00bb100&#8243; shift_y=\u00bb0&#8243; z_index=\u00bb0&#8243; row_height_use_pixel=\u00bb\u00bb uncode_shortcode_id=\u00bb139272&#8243;][vc_column column_width_use_pixel=\u00bbyes\u00bb gutter_size=\u00bb3&#8243; overlay_alpha=\u00bb50&#8243; shift_x=\u00bb0&#8243; shift_y=\u00bb0&#8243; medium_width=\u00bb0&#8243; zoom_width=\u00bb0&#8243; zoom_height=\u00bb0&#8243; column_width_pixel=\u00bb800&#8243;][vc_column_text uncode_shortcode_id=\u00bb997401&#8243;]Muchas otras kasbah, a menudo en ruinas, se pueden admirar a lo largo del recorrido que desde Skoura conduce a Boumalne Dades, llamada precisamente la <strong>carretera de las mil kasbah<\/strong>. Este fascinante recorrido, que luego contin\u00faa hasta llegar al desierto Erg Chebbi, atraviesa lugares encantadores y pueblos caracter\u00edsticos y recorre las huellas de la antigua ruta de las caravanas por la que circulaban mercanc\u00edas, especias y hombres desde el Sahara hacia las regiones del norte.[\/vc_column_text][\/vc_column][\/vc_row]<\/p>\n<\/div>","protected":false},"excerpt":{"rendered":"<p>[vc_row row_height_percent=\u00bb0&#8243; override_padding=\u00bbyes\u00bb h_padding=\u00bb2&#8243; top_padding=\u00bb3&#8243; bottom_padding=\u00bb3&#8243; overlay_alpha=\u00bb100&#8243; gutter_size=\u00bb3&#8243; column_width_percent=\u00bb100&#8243; shift_y=\u00bb0&#8243; z_index=\u00bb0&#8243; row_height_use_pixel=\u00bb\u00bb uncode_shortcode_id=\u00bb133738&#8243;][vc_column column_width_use_pixel=\u00bbyes\u00bb gutter_size=\u00bb3&#8243; overlay_alpha=\u00bb50&#8243; shift_x=\u00bb0&#8243; shift_y=\u00bb0&#8243; medium_width=\u00bb0&#8243; zoom_width=\u00bb0&#8243; [&hellip;]<\/p>\n","protected":false},"author":1,"featured_media":341,"parent":2951,"menu_order":0,"comment_status":"closed","ping_status":"closed","template":"","meta":{"footnotes":""},"class_list":["post-2972","page","type-page","status-publish","has-post-thumbnail","hentry"],"yoast_head":"<!-- This site is optimized with the Yoast SEO plugin v27.3 - https:\/\/yoast.com\/product\/yoast-seo-wordpress\/ -->\n<title>El sur: oasis y kasbah - Marocco Tour<\/title>\n<meta name=\"description\" content=\"Vi faremo scoprire meraviglie, sia naturalistiche che artistiche: l\u2019oasi di Skoura, la valle del Dades, la valle delle Rose, le Gole del Todra\" \/>\n<meta name=\"robots\" content=\"index, follow, max-snippet:-1, max-image-preview:large, max-video-preview:-1\" \/>\n<link rel=\"canonical\" href=\"https:\/\/maroccotour.com\/es\/destinos-y-alojamientos\/el-sur-oasis-y-kasbah\/\" \/>\n<meta property=\"og:locale\" content=\"es_ES\" \/>\n<meta property=\"og:type\" content=\"article\" \/>\n<meta property=\"og:title\" content=\"El sur: oasis y kasbah - Marocco Tour\" \/>\n<meta property=\"og:description\" content=\"Vi faremo scoprire meraviglie, sia naturalistiche che artistiche: l\u2019oasi di Skoura, la valle del Dades, la valle delle Rose, le Gole del Todra\" \/>\n<meta property=\"og:url\" content=\"https:\/\/maroccotour.com\/es\/destinos-y-alojamientos\/el-sur-oasis-y-kasbah\/\" \/>\n<meta property=\"og:site_name\" content=\"Marocco Tour\" \/>\n<meta property=\"article:publisher\" content=\"https:\/\/www.facebook.com\/maroccotour?fref=ts\" \/>\n<meta property=\"article:modified_time\" content=\"2026-03-14T15:44:47+00:00\" \/>\n<meta property=\"og:image\" content=\"https:\/\/maroccotour.com\/wp-content\/uploads\/2023\/04\/marocco-tour-fb.jpg\" \/>\n\t<meta property=\"og:image:width\" content=\"1200\" \/>\n\t<meta property=\"og:image:height\" content=\"628\" \/>\n\t<meta property=\"og:image:type\" content=\"image\/jpeg\" \/>\n<meta name=\"twitter:card\" content=\"summary_large_image\" \/>\n<meta name=\"twitter:label1\" content=\"Tiempo de lectura\" \/>\n\t<meta name=\"twitter:data1\" content=\"3 minutos\" \/>\n<script type=\"application\/ld+json\" class=\"yoast-schema-graph\">{\"@context\":\"https:\\\/\\\/schema.org\",\"@graph\":[{\"@type\":\"WebPage\",\"@id\":\"https:\\\/\\\/maroccotour.com\\\/es\\\/destinos-y-alojamientos\\\/el-sur-oasis-y-kasbah\\\/\",\"url\":\"https:\\\/\\\/maroccotour.com\\\/es\\\/destinos-y-alojamientos\\\/el-sur-oasis-y-kasbah\\\/\",\"name\":\"El sur: oasis y kasbah - Marocco Tour\",\"isPartOf\":{\"@id\":\"https:\\\/\\\/maroccotour.com\\\/es\\\/#website\"},\"primaryImageOfPage\":{\"@id\":\"https:\\\/\\\/maroccotour.com\\\/es\\\/destinos-y-alojamientos\\\/el-sur-oasis-y-kasbah\\\/#primaryimage\"},\"image\":{\"@id\":\"https:\\\/\\\/maroccotour.com\\\/es\\\/destinos-y-alojamientos\\\/el-sur-oasis-y-kasbah\\\/#primaryimage\"},\"thumbnailUrl\":\"https:\\\/\\\/maroccotour.com\\\/wp-content\\\/uploads\\\/2023\\\/04\\\/marocco-tour-fb.jpg\",\"datePublished\":\"2023-04-02T18:40:58+00:00\",\"dateModified\":\"2026-03-14T15:44:47+00:00\",\"description\":\"Vi faremo scoprire meraviglie, sia naturalistiche che artistiche: l\u2019oasi di Skoura, la valle del Dades, la valle delle Rose, le Gole del Todra\",\"breadcrumb\":{\"@id\":\"https:\\\/\\\/maroccotour.com\\\/es\\\/destinos-y-alojamientos\\\/el-sur-oasis-y-kasbah\\\/#breadcrumb\"},\"inLanguage\":\"es\",\"potentialAction\":[{\"@type\":\"ReadAction\",\"target\":[\"https:\\\/\\\/maroccotour.com\\\/es\\\/destinos-y-alojamientos\\\/el-sur-oasis-y-kasbah\\\/\"]}]},{\"@type\":\"ImageObject\",\"inLanguage\":\"es\",\"@id\":\"https:\\\/\\\/maroccotour.com\\\/es\\\/destinos-y-alojamientos\\\/el-sur-oasis-y-kasbah\\\/#primaryimage\",\"url\":\"https:\\\/\\\/maroccotour.com\\\/wp-content\\\/uploads\\\/2023\\\/04\\\/marocco-tour-fb.jpg\",\"contentUrl\":\"https:\\\/\\\/maroccotour.com\\\/wp-content\\\/uploads\\\/2023\\\/04\\\/marocco-tour-fb.jpg\",\"width\":1200,\"height\":628},{\"@type\":\"BreadcrumbList\",\"@id\":\"https:\\\/\\\/maroccotour.com\\\/es\\\/destinos-y-alojamientos\\\/el-sur-oasis-y-kasbah\\\/#breadcrumb\",\"itemListElement\":[{\"@type\":\"ListItem\",\"position\":1,\"name\":\"Home\",\"item\":\"https:\\\/\\\/maroccotour.com\\\/es\\\/\"},{\"@type\":\"ListItem\",\"position\":2,\"name\":\"Destinos y alojamientos\",\"item\":\"https:\\\/\\\/maroccotour.com\\\/es\\\/destinos-y-alojamientos\\\/\"},{\"@type\":\"ListItem\",\"position\":3,\"name\":\"El sur: oasis y kasbah\"}]},{\"@type\":\"WebSite\",\"@id\":\"https:\\\/\\\/maroccotour.com\\\/es\\\/#website\",\"url\":\"https:\\\/\\\/maroccotour.com\\\/es\\\/\",\"name\":\"MaroccoTour\",\"description\":\"Viaggi nel deserto e in tutto il Marocco\",\"potentialAction\":[{\"@type\":\"SearchAction\",\"target\":{\"@type\":\"EntryPoint\",\"urlTemplate\":\"https:\\\/\\\/maroccotour.com\\\/es\\\/?s={search_term_string}\"},\"query-input\":{\"@type\":\"PropertyValueSpecification\",\"valueRequired\":true,\"valueName\":\"search_term_string\"}}],\"inLanguage\":\"es\"}]}<\/script>\n<!-- \/ Yoast SEO plugin. -->","yoast_head_json":{"title":"El sur: oasis y kasbah - Marocco Tour","description":"Vi faremo scoprire meraviglie, sia naturalistiche che artistiche: l\u2019oasi di Skoura, la valle del Dades, la valle delle Rose, le Gole del Todra","robots":{"index":"index","follow":"follow","max-snippet":"max-snippet:-1","max-image-preview":"max-image-preview:large","max-video-preview":"max-video-preview:-1"},"canonical":"https:\/\/maroccotour.com\/es\/destinos-y-alojamientos\/el-sur-oasis-y-kasbah\/","og_locale":"es_ES","og_type":"article","og_title":"El sur: oasis y kasbah - Marocco Tour","og_description":"Vi faremo scoprire meraviglie, sia naturalistiche che artistiche: l\u2019oasi di Skoura, la valle del Dades, la valle delle Rose, le Gole del Todra","og_url":"https:\/\/maroccotour.com\/es\/destinos-y-alojamientos\/el-sur-oasis-y-kasbah\/","og_site_name":"Marocco Tour","article_publisher":"https:\/\/www.facebook.com\/maroccotour?fref=ts","article_modified_time":"2026-03-14T15:44:47+00:00","og_image":[{"width":1200,"height":628,"url":"https:\/\/maroccotour.com\/wp-content\/uploads\/2023\/04\/marocco-tour-fb.jpg","type":"image\/jpeg"}],"twitter_card":"summary_large_image","twitter_misc":{"Tiempo de lectura":"3 minutos"},"schema":{"@context":"https:\/\/schema.org","@graph":[{"@type":"WebPage","@id":"https:\/\/maroccotour.com\/es\/destinos-y-alojamientos\/el-sur-oasis-y-kasbah\/","url":"https:\/\/maroccotour.com\/es\/destinos-y-alojamientos\/el-sur-oasis-y-kasbah\/","name":"El sur: oasis y kasbah - Marocco Tour","isPartOf":{"@id":"https:\/\/maroccotour.com\/es\/#website"},"primaryImageOfPage":{"@id":"https:\/\/maroccotour.com\/es\/destinos-y-alojamientos\/el-sur-oasis-y-kasbah\/#primaryimage"},"image":{"@id":"https:\/\/maroccotour.com\/es\/destinos-y-alojamientos\/el-sur-oasis-y-kasbah\/#primaryimage"},"thumbnailUrl":"https:\/\/maroccotour.com\/wp-content\/uploads\/2023\/04\/marocco-tour-fb.jpg","datePublished":"2023-04-02T18:40:58+00:00","dateModified":"2026-03-14T15:44:47+00:00","description":"Vi faremo scoprire meraviglie, sia naturalistiche che artistiche: l\u2019oasi di Skoura, la valle del Dades, la valle delle Rose, le Gole del Todra","breadcrumb":{"@id":"https:\/\/maroccotour.com\/es\/destinos-y-alojamientos\/el-sur-oasis-y-kasbah\/#breadcrumb"},"inLanguage":"es","potentialAction":[{"@type":"ReadAction","target":["https:\/\/maroccotour.com\/es\/destinos-y-alojamientos\/el-sur-oasis-y-kasbah\/"]}]},{"@type":"ImageObject","inLanguage":"es","@id":"https:\/\/maroccotour.com\/es\/destinos-y-alojamientos\/el-sur-oasis-y-kasbah\/#primaryimage","url":"https:\/\/maroccotour.com\/wp-content\/uploads\/2023\/04\/marocco-tour-fb.jpg","contentUrl":"https:\/\/maroccotour.com\/wp-content\/uploads\/2023\/04\/marocco-tour-fb.jpg","width":1200,"height":628},{"@type":"BreadcrumbList","@id":"https:\/\/maroccotour.com\/es\/destinos-y-alojamientos\/el-sur-oasis-y-kasbah\/#breadcrumb","itemListElement":[{"@type":"ListItem","position":1,"name":"Home","item":"https:\/\/maroccotour.com\/es\/"},{"@type":"ListItem","position":2,"name":"Destinos y alojamientos","item":"https:\/\/maroccotour.com\/es\/destinos-y-alojamientos\/"},{"@type":"ListItem","position":3,"name":"El sur: oasis y kasbah"}]},{"@type":"WebSite","@id":"https:\/\/maroccotour.com\/es\/#website","url":"https:\/\/maroccotour.com\/es\/","name":"MaroccoTour","description":"Viaggi nel deserto e in tutto il Marocco","potentialAction":[{"@type":"SearchAction","target":{"@type":"EntryPoint","urlTemplate":"https:\/\/maroccotour.com\/es\/?s={search_term_string}"},"query-input":{"@type":"PropertyValueSpecification","valueRequired":true,"valueName":"search_term_string"}}],"inLanguage":"es"}]}},"_links":{"self":[{"href":"https:\/\/maroccotour.com\/es\/wp-json\/wp\/v2\/pages\/2972","targetHints":{"allow":["GET"]}}],"collection":[{"href":"https:\/\/maroccotour.com\/es\/wp-json\/wp\/v2\/pages"}],"about":[{"href":"https:\/\/maroccotour.com\/es\/wp-json\/wp\/v2\/types\/page"}],"author":[{"embeddable":true,"href":"https:\/\/maroccotour.com\/es\/wp-json\/wp\/v2\/users\/1"}],"replies":[{"embeddable":true,"href":"https:\/\/maroccotour.com\/es\/wp-json\/wp\/v2\/comments?post=2972"}],"version-history":[{"count":3,"href":"https:\/\/maroccotour.com\/es\/wp-json\/wp\/v2\/pages\/2972\/revisions"}],"predecessor-version":[{"id":2975,"href":"https:\/\/maroccotour.com\/es\/wp-json\/wp\/v2\/pages\/2972\/revisions\/2975"}],"up":[{"embeddable":true,"href":"https:\/\/maroccotour.com\/es\/wp-json\/wp\/v2\/pages\/2951"}],"wp:featuredmedia":[{"embeddable":true,"href":"https:\/\/maroccotour.com\/es\/wp-json\/wp\/v2\/media\/341"}],"wp:attachment":[{"href":"https:\/\/maroccotour.com\/es\/wp-json\/wp\/v2\/media?parent=2972"}],"curies":[{"name":"wp","href":"https:\/\/api.w.org\/{rel}","templated":true}]}}