{"id":2976,"date":"2023-04-02T13:29:37","date_gmt":"2023-04-02T13:29:37","guid":{"rendered":"https:\/\/maroccotour.com\/nuestros-tours\/"},"modified":"2026-03-14T15:49:50","modified_gmt":"2026-03-14T15:49:50","slug":"nuestros-tours","status":"publish","type":"page","link":"https:\/\/maroccotour.com\/es\/nuestros-tours\/","title":{"rendered":"Nuestros tours"},"content":{"rendered":"<div class=\"wpb-content-wrapper\"><p>[vc_row row_height_percent=\u00bb0&#8243; override_padding=\u00bbyes\u00bb h_padding=\u00bb2&#8243; top_padding=\u00bb3&#8243; bottom_padding=\u00bb3&#8243; overlay_alpha=\u00bb50&#8243; gutter_size=\u00bb3&#8243; column_width_percent=\u00bb100&#8243; shift_y=\u00bb0&#8243; z_index=\u00bb0&#8243; uncode_shortcode_id=\u00bb512955&#8243;][vc_column width=\u00bb1\/1&#8243;][vc_column_text text_lead=\u00bbyes\u00bb uncode_shortcode_id=\u00bb196135&#8243;]Elegid vosotros las fechas, los d\u00edas del tour, las localidades de vuestro inter\u00e9s y el n\u00famero de participantes (desde dos personas en adelante). Nosotros nos encargaremos de construir vuestro itinerario \u201ca medida\u201d. Los <strong>tours son privados<\/strong>, es decir, solo para el n\u00famero de participantes indicado por vosotros. Los vuelos deben ser reservados por vosotros de forma aut\u00f3noma, pero podemos proporcionaros asistencia y consejos.<\/p>\n<p>Los tours pueden partir desde cualquier ciudad de Marruecos y se realizan en veh\u00edculo 4\u00d74 con conductor acompa\u00f1ante. Para todos los tours es posible a\u00f1adir estancias en las ciudades de llegada o salida de los vuelos (Marrakech, Fez, Casablanca) con hoteles reservados por nosotros y visitas guiadas en italiano. Los costes de los tours var\u00edan seg\u00fan los d\u00edas, el n\u00famero de participantes y el recorrido a realizar.<\/p>\n<p>Estos son algunos de los tours que tienen mayor \u00e9xito. <strong>Los tours indicados pueden ser modificados y personalizados<\/strong> seg\u00fan vuestras necesidades y la ciudad de llegada y salida de vuestro vuelo. O bien, si por ejemplo las horas de trayecto previstas en un d\u00eda os parecen demasiadas, <strong>el tour puede modificarse a\u00f1adiendo paradas intermedias o, por el contrario, acortarse previendo etapas m\u00e1s largas<\/strong>.[\/vc_column_text][\/vc_column][\/vc_row][vc_row row_height_percent=\u00bb0&#8243; override_padding=\u00bbyes\u00bb h_padding=\u00bb2&#8243; top_padding=\u00bb2&#8243; bottom_padding=\u00bb3&#8243; overlay_alpha=\u00bb50&#8243; gutter_size=\u00bb2&#8243; column_width_percent=\u00bb100&#8243; shift_y=\u00bb0&#8243; z_index=\u00bb0&#8243; uncode_shortcode_id=\u00bb201497&#8243;][vc_column column_width_percent=\u00bb100&#8243; gutter_size=\u00bb4&#8243; overlay_alpha=\u00bb50&#8243; shift_x=\u00bb0&#8243; shift_y=\u00bb0&#8243; shift_y_down=\u00bb0&#8243; z_index=\u00bb0&#8243; medium_width=\u00bb0&#8243; mobile_width=\u00bb0&#8243; width=\u00bb1\/1&#8243;][uncode_index el_id=\u00bbindex-581783158&#8243; isotope_mode=\u00bbfitRows\u00bb loop=\u00bbsize:All|order_by:date|order:ASC|post_type:portfolio|taxonomy_count:10&#8243; screen_lg=\u00bb1000&#8243; screen_md=\u00bb600&#8243; screen_sm=\u00bb480&#8243; gutter_size=\u00bb3&#8243; post_items=\u00bbmedia|featured|onpost|poster,date,title,text|excerpt|90,category|bordered|topright|hide-icon\u00bb portfolio_items=\u00bbmedia|featured|onpost|original,title,icon|sm\u00bb images_size=\u00bbsixteen-nine\u00bb single_shape=\u00bbround\u00bb single_overlay_color=\u00bbcolor-wayh\u00bb single_overlay_opacity=\u00bb50&#8243; single_h_align=\u00bbcenter\u00bb single_padding=\u00bb1&#8243; single_title_family=\u00bbfont-555555&#8243; single_title_dimension=\u00bbh4&#8243; single_title_weight=\u00bb700&#8243; single_border=\u00bbyes\u00bb single_css_animation=\u00bbalpha-anim\u00bb single_animation_delay=\u00bb100&#8243; single_icon=\u00bbfa fa-plus2&#8243; uncode_shortcode_id=\u00bb690525&#8243;][\/vc_column][\/vc_row]<\/p>\n<\/div>","protected":false},"excerpt":{"rendered":"<p>[vc_row row_height_percent=\u00bb0&#8243; override_padding=\u00bbyes\u00bb h_padding=\u00bb2&#8243; top_padding=\u00bb3&#8243; bottom_padding=\u00bb3&#8243; overlay_alpha=\u00bb50&#8243; gutter_size=\u00bb3&#8243; column_width_percent=\u00bb100&#8243; shift_y=\u00bb0&#8243; z_index=\u00bb0&#8243; uncode_shortcode_id=\u00bb512955&#8243;][vc_column width=\u00bb1\/1&#8243;][vc_column_text text_lead=\u00bbyes\u00bb uncode_shortcode_id=\u00bb196135&#8243;]Elegid vosotros las fechas, los d\u00edas [&hellip;]<\/p>\n","protected":false},"author":1,"featured_media":341,"parent":0,"menu_order":0,"comment_status":"closed","ping_status":"closed","template":"","meta":{"footnotes":""},"class_list":["post-2976","page","type-page","status-publish","has-post-thumbnail","hentry"],"yoast_head":"<!-- This site is optimized with the Yoast SEO plugin v27.3 - https:\/\/yoast.com\/product\/yoast-seo-wordpress\/ -->\n<title>Nuestros tours en Marruecos - Marocco Tour<\/title>\n<meta name=\"description\" content=\"Los tours indicados pueden ser modificados y personalizados seg\u00fan vuestras necesidades y la ciudad (Marrakech, Fez, Casablanca).\" \/>\n<meta name=\"robots\" content=\"index, follow, max-snippet:-1, max-image-preview:large, max-video-preview:-1\" \/>\n<link rel=\"canonical\" href=\"https:\/\/maroccotour.com\/es\/nuestros-tours\/\" \/>\n<meta property=\"og:locale\" content=\"es_ES\" \/>\n<meta property=\"og:type\" content=\"article\" \/>\n<meta property=\"og:title\" content=\"Nuestros tours en Marruecos - Marocco Tour\" \/>\n<meta property=\"og:description\" content=\"Los tours indicados pueden ser modificados y personalizados seg\u00fan vuestras necesidades y la ciudad (Marrakech, Fez, Casablanca).\" \/>\n<meta property=\"og:url\" content=\"https:\/\/maroccotour.com\/es\/nuestros-tours\/\" \/>\n<meta property=\"og:site_name\" content=\"Marocco Tour\" \/>\n<meta property=\"article:publisher\" content=\"https:\/\/www.facebook.com\/maroccotour?fref=ts\" \/>\n<meta property=\"article:modified_time\" content=\"2026-03-14T15:49:50+00:00\" \/>\n<meta property=\"og:image\" content=\"https:\/\/maroccotour.com\/wp-content\/uploads\/2023\/04\/marocco-tour-fb.jpg\" \/>\n\t<meta property=\"og:image:width\" content=\"1200\" \/>\n\t<meta property=\"og:image:height\" content=\"628\" \/>\n\t<meta property=\"og:image:type\" content=\"image\/jpeg\" \/>\n<meta name=\"twitter:card\" content=\"summary_large_image\" \/>\n<meta name=\"twitter:label1\" content=\"Tiempo de lectura\" \/>\n\t<meta name=\"twitter:data1\" content=\"2 minutos\" \/>\n<script type=\"application\/ld+json\" class=\"yoast-schema-graph\">{\"@context\":\"https:\\\/\\\/schema.org\",\"@graph\":[{\"@type\":\"WebPage\",\"@id\":\"https:\\\/\\\/maroccotour.com\\\/es\\\/nuestros-tours\\\/\",\"url\":\"https:\\\/\\\/maroccotour.com\\\/es\\\/nuestros-tours\\\/\",\"name\":\"Nuestros tours en Marruecos - Marocco Tour\",\"isPartOf\":{\"@id\":\"https:\\\/\\\/maroccotour.com\\\/es\\\/#website\"},\"primaryImageOfPage\":{\"@id\":\"https:\\\/\\\/maroccotour.com\\\/es\\\/nuestros-tours\\\/#primaryimage\"},\"image\":{\"@id\":\"https:\\\/\\\/maroccotour.com\\\/es\\\/nuestros-tours\\\/#primaryimage\"},\"thumbnailUrl\":\"https:\\\/\\\/maroccotour.com\\\/wp-content\\\/uploads\\\/2023\\\/04\\\/marocco-tour-fb.jpg\",\"datePublished\":\"2023-04-02T13:29:37+00:00\",\"dateModified\":\"2026-03-14T15:49:50+00:00\",\"description\":\"Los tours indicados pueden ser modificados y personalizados seg\u00fan vuestras necesidades y la ciudad (Marrakech, Fez, Casablanca).\",\"breadcrumb\":{\"@id\":\"https:\\\/\\\/maroccotour.com\\\/es\\\/nuestros-tours\\\/#breadcrumb\"},\"inLanguage\":\"es\",\"potentialAction\":[{\"@type\":\"ReadAction\",\"target\":[\"https:\\\/\\\/maroccotour.com\\\/es\\\/nuestros-tours\\\/\"]}]},{\"@type\":\"ImageObject\",\"inLanguage\":\"es\",\"@id\":\"https:\\\/\\\/maroccotour.com\\\/es\\\/nuestros-tours\\\/#primaryimage\",\"url\":\"https:\\\/\\\/maroccotour.com\\\/wp-content\\\/uploads\\\/2023\\\/04\\\/marocco-tour-fb.jpg\",\"contentUrl\":\"https:\\\/\\\/maroccotour.com\\\/wp-content\\\/uploads\\\/2023\\\/04\\\/marocco-tour-fb.jpg\",\"width\":1200,\"height\":628},{\"@type\":\"BreadcrumbList\",\"@id\":\"https:\\\/\\\/maroccotour.com\\\/es\\\/nuestros-tours\\\/#breadcrumb\",\"itemListElement\":[{\"@type\":\"ListItem\",\"position\":1,\"name\":\"Home\",\"item\":\"https:\\\/\\\/maroccotour.com\\\/es\\\/\"},{\"@type\":\"ListItem\",\"position\":2,\"name\":\"Nuestros tours\"}]},{\"@type\":\"WebSite\",\"@id\":\"https:\\\/\\\/maroccotour.com\\\/es\\\/#website\",\"url\":\"https:\\\/\\\/maroccotour.com\\\/es\\\/\",\"name\":\"MaroccoTour\",\"description\":\"Viaggi nel deserto e in tutto il Marocco\",\"potentialAction\":[{\"@type\":\"SearchAction\",\"target\":{\"@type\":\"EntryPoint\",\"urlTemplate\":\"https:\\\/\\\/maroccotour.com\\\/es\\\/?s={search_term_string}\"},\"query-input\":{\"@type\":\"PropertyValueSpecification\",\"valueRequired\":true,\"valueName\":\"search_term_string\"}}],\"inLanguage\":\"es\"}]}<\/script>\n<!-- \/ Yoast SEO plugin. -->","yoast_head_json":{"title":"Nuestros tours en Marruecos - Marocco Tour","description":"Los tours indicados pueden ser modificados y personalizados seg\u00fan vuestras necesidades y la ciudad (Marrakech, Fez, Casablanca).","robots":{"index":"index","follow":"follow","max-snippet":"max-snippet:-1","max-image-preview":"max-image-preview:large","max-video-preview":"max-video-preview:-1"},"canonical":"https:\/\/maroccotour.com\/es\/nuestros-tours\/","og_locale":"es_ES","og_type":"article","og_title":"Nuestros tours en Marruecos - Marocco Tour","og_description":"Los tours indicados pueden ser modificados y personalizados seg\u00fan vuestras necesidades y la ciudad (Marrakech, Fez, Casablanca).","og_url":"https:\/\/maroccotour.com\/es\/nuestros-tours\/","og_site_name":"Marocco Tour","article_publisher":"https:\/\/www.facebook.com\/maroccotour?fref=ts","article_modified_time":"2026-03-14T15:49:50+00:00","og_image":[{"width":1200,"height":628,"url":"https:\/\/maroccotour.com\/wp-content\/uploads\/2023\/04\/marocco-tour-fb.jpg","type":"image\/jpeg"}],"twitter_card":"summary_large_image","twitter_misc":{"Tiempo de lectura":"2 minutos"},"schema":{"@context":"https:\/\/schema.org","@graph":[{"@type":"WebPage","@id":"https:\/\/maroccotour.com\/es\/nuestros-tours\/","url":"https:\/\/maroccotour.com\/es\/nuestros-tours\/","name":"Nuestros tours en Marruecos - Marocco Tour","isPartOf":{"@id":"https:\/\/maroccotour.com\/es\/#website"},"primaryImageOfPage":{"@id":"https:\/\/maroccotour.com\/es\/nuestros-tours\/#primaryimage"},"image":{"@id":"https:\/\/maroccotour.com\/es\/nuestros-tours\/#primaryimage"},"thumbnailUrl":"https:\/\/maroccotour.com\/wp-content\/uploads\/2023\/04\/marocco-tour-fb.jpg","datePublished":"2023-04-02T13:29:37+00:00","dateModified":"2026-03-14T15:49:50+00:00","description":"Los tours indicados pueden ser modificados y personalizados seg\u00fan vuestras necesidades y la ciudad (Marrakech, Fez, Casablanca).","breadcrumb":{"@id":"https:\/\/maroccotour.com\/es\/nuestros-tours\/#breadcrumb"},"inLanguage":"es","potentialAction":[{"@type":"ReadAction","target":["https:\/\/maroccotour.com\/es\/nuestros-tours\/"]}]},{"@type":"ImageObject","inLanguage":"es","@id":"https:\/\/maroccotour.com\/es\/nuestros-tours\/#primaryimage","url":"https:\/\/maroccotour.com\/wp-content\/uploads\/2023\/04\/marocco-tour-fb.jpg","contentUrl":"https:\/\/maroccotour.com\/wp-content\/uploads\/2023\/04\/marocco-tour-fb.jpg","width":1200,"height":628},{"@type":"BreadcrumbList","@id":"https:\/\/maroccotour.com\/es\/nuestros-tours\/#breadcrumb","itemListElement":[{"@type":"ListItem","position":1,"name":"Home","item":"https:\/\/maroccotour.com\/es\/"},{"@type":"ListItem","position":2,"name":"Nuestros tours"}]},{"@type":"WebSite","@id":"https:\/\/maroccotour.com\/es\/#website","url":"https:\/\/maroccotour.com\/es\/","name":"MaroccoTour","description":"Viaggi nel deserto e in tutto il Marocco","potentialAction":[{"@type":"SearchAction","target":{"@type":"EntryPoint","urlTemplate":"https:\/\/maroccotour.com\/es\/?s={search_term_string}"},"query-input":{"@type":"PropertyValueSpecification","valueRequired":true,"valueName":"search_term_string"}}],"inLanguage":"es"}]}},"_links":{"self":[{"href":"https:\/\/maroccotour.com\/es\/wp-json\/wp\/v2\/pages\/2976","targetHints":{"allow":["GET"]}}],"collection":[{"href":"https:\/\/maroccotour.com\/es\/wp-json\/wp\/v2\/pages"}],"about":[{"href":"https:\/\/maroccotour.com\/es\/wp-json\/wp\/v2\/types\/page"}],"author":[{"embeddable":true,"href":"https:\/\/maroccotour.com\/es\/wp-json\/wp\/v2\/users\/1"}],"replies":[{"embeddable":true,"href":"https:\/\/maroccotour.com\/es\/wp-json\/wp\/v2\/comments?post=2976"}],"version-history":[{"count":1,"href":"https:\/\/maroccotour.com\/es\/wp-json\/wp\/v2\/pages\/2976\/revisions"}],"predecessor-version":[{"id":2977,"href":"https:\/\/maroccotour.com\/es\/wp-json\/wp\/v2\/pages\/2976\/revisions\/2977"}],"wp:featuredmedia":[{"embeddable":true,"href":"https:\/\/maroccotour.com\/es\/wp-json\/wp\/v2\/media\/341"}],"wp:attachment":[{"href":"https:\/\/maroccotour.com\/es\/wp-json\/wp\/v2\/media?parent=2976"}],"curies":[{"name":"wp","href":"https:\/\/api.w.org\/{rel}","templated":true}]}}